{"id":31,"date":"2006-10-25T11:18:34","date_gmt":"2006-10-25T11:18:34","guid":{"rendered":""},"modified":"2010-08-15T11:10:54","modified_gmt":"2010-08-15T11:10:54","slug":"naiset_1","status":"publish","type":"page","link":"https:\/\/www.oulunsalonvasama.fi\/lentopallo\/edelliset-kaudet\/kausi-2002-2003\/naiset_1\/","title":{"rendered":"Naiset I"},"content":{"rendered":"<h1>Naiset I (2-sarja)<\/h1>\n<h2>Kausi 2003-2004<\/h2>\n<p>Tulevan kauden kokoonpano ilmoitetaan syksyll\u00e4. Organisaatio on kuitenkin jo tiedossa. I valmentajana toimii Sampo Saukkoriipi, II valmentajana Juha Kittil\u00e4 ja joukkuejohtajana Leena Nurmi. Tilastoja hoitaa Harri Loukkaanhuhta yhteyshenkil\u00f6n teht\u00e4vien ohessa. Huoltajana jatkaa edelleen Timo Kanniainen, nettivastaavana Anne Ronkainen, rahastonhoitajana Saara Kittil\u00e4 ja toimitsijavastaavana Saara Raatikainen. Tiedotusvastaavan teht\u00e4vi\u00e4 hoitaa Satu K\u00e4rn\u00e4 ja talkoovastaavan teht\u00e4vi\u00e4 Veera Virolainen.\n<\/p>\n<p>\nJoukkueeseen otetaan vastaan hakkurin ja passarin teht\u00e4vist\u00e4 kiinnostuneita, iloisia ja yhteisty\u00f6kykyisi\u00e4 pelaajia. Ottakaa yhteys Leena Nurmeen (yhteystiedot kauden 2002-2003 organisaation alla).\n<\/p>\n<h2>Kausi 2002-2003<\/h2>\n<p>OsVan naisten 2-sarjan joukkue laitettiin kasaan viime kev\u00e4\u00e4n\u00e4 -02. Innokkaita pelaajia l\u00f6ytyi heti kent\u00e4llisen verran liberon kera ja kes\u00e4n my\u00f6t\u00e4 joukkueen koko kasvoikin jo nelj\u00e4\u00e4ntoista pelaajaan! Asiat saatiin kuntoon, kun viimein syksyll\u00e4 l\u00f6ytyi valmentajakin.<\/p>\n<p>Kauden 2002-2003 tavoitteeksi laitettiin, ett\u00e4 pelataan hyvi\u00e4 pelej\u00e4 reippaalla ja reilulla asenteella. Voitot otetaan vastaan ilolla ja h\u00e4vi\u00f6ist\u00e4 otetaan opiksi.<\/p>\n<p><img decoding=\"async\" src=\"\/lentopallo\/tiedostot\/2002_11_Naiset_1.jpg\"><\/p>\n<p><a href=\"\/lentopallo\/joukkueet\/naisetI\/pelaajat\">Pelaajaesittely<\/a><\/p>\n<p>Joukkueen organisaatio: <\/p>\n<p>Joukkueenjohtaja\/rahastonhoitaja: Saara Kittil\u00e4<br \/>\n&#8211; puhelin 040-8393 720<\/p>\n<p>Varajoukkueenjohtaja\/tilastot: Harri Loukkaanhuhta<br \/>\n&#8211; puhelin 040-5716 478<\/p>\n<p>\nI valmentaja: Juha Kittil\u00e4<br \/>\n&#8211; puhelin 040-8392 720\n<\/p>\n<p>\nII valmentaja: Sampo Saukkoriipi<\/p>\n<p>&#8211; puhelin 044-0240 008\n<\/p>\n<p>\nHuoltaja: Timo Kanniainen\n<\/p>\n<p>\nII rahastonhoitaja: Mervi Okkonen\/Pirjo Okkonen\n<\/p>\n<p>\nTiedotusvastaava: Leena Nurmi<\/p>\n<p>&#8211; puhelin 050-3051 043\n<\/p>\n<p>\nNettivastaava: Anne Ronkainen<br \/>\n&#8211; puhelin 040-5126 681\n<\/p>\n<p>\nToimitsijavastaava: Saara Raatikainen<br \/>\n&#8211; puhelin 050-3756 354\n<\/p>\n<p>\nBuffettivastaava: Satu Kanniainen\n<\/p>\n<p>\nTalkoovastaava: Sanna Loukkaanhuhta\n<\/p>\n<h1>Naiset I (2-sarja) &#8211; Pelaajat<\/h1>\n<p><TABLE CELLSPACING=0 BORDER=0 CELLPADDING=7 WIDTH=553><\/p>\n<p><TR><br \/>\n<TD WIDTH=\"50%\" VALIGN=\"TOP\" HEIGHT=208><br \/>\n<P><img decoding=\"async\" src=\"\/lentopallo\/tiedostot\/2002_11_N1_Pirjo.jpg\" alt=\"Pirjo\"<\/TD><br \/>\n<TD WIDTH=\"50%\" VALIGN=\"TOP\" COLSPAN=2 HEIGHT=208><br \/>\n<P> <\/P><br \/>\n<P>Nro: 1<\/P><br \/>\n<P>Nimi: Pirjo Okkonen<\/P><br \/>\n<P>Rooli: Passari<\/TD><br \/>\n<\/TR><br \/>\n<TR><TD VALIGN=\"TOP\" COLSPAN=3 HEIGHT=40><P><br \/>\nPirjo on aloittanut palloilun 8-vuotiaana Muhoksella. Seurat, joissa h\u00e4n on pelannut, ovat: Muhoksen Pallosalamat, Pikkaralan Tyt\u00f6t, Oulujoen Kiekko, Kempeleen Pyrint\u00f6 ja nyt siis Oulunsalon Vasama. Vuosia ei kuulemma muista mill\u00e4\u00e4n, mutta tiet\u00e4\u00e4 aina olleensa passarina.<\/P><\/TD><\/p>\n<p><\/TR><\/p>\n<p><TR><br \/>\n<TD WIDTH=\"50%\" VALIGN=\"TOP\" WIDTH=208><br \/>\n<P><IMG SRC=\"tigru_nostaa.gif\" alt=\"Memman kuva tulossa\"><\/TD><br \/>\n<TD WIDTH=\"50%\" VALIGN=\"TOP\" COLSPAN=2 HEIGHT=208><br \/>\n<P> <\/P><br \/>\n<P>Nro: 2<\/P><br \/>\n<P>Nimi: Mervi Liljamo<\/P><br \/>\n<P>Rooli: Passari<\/TD><br \/>\n<\/TR><br \/>\n<TR><TD VALIGN=\"TOP\" COLSPAN=3 HEIGHT=40><P><\/P><\/TD><br \/>\n<\/TR><\/p>\n<p><TR><br \/>\n<TD WIDTH=\"50%\" VALIGN=\"TOP\" WIDTH=208><br \/>\n<P><img decoding=\"async\" src=\"\/lentopallo\/tiedostot\/2002_11_N1_Saara.jpg\" alt=\"Saara\"><\/TD><br \/>\n<TD WIDTH=\"50%\" VALIGN=\"TOP\" COLSPAN=2 HEIGHT=208><br \/>\n<P> <\/P><br \/>\n<P>Nro: 3<\/P><br \/>\n<P>Nimi: Saara Kittil\u00e4<\/P><br \/>\n<P>Rooli: Yleispelaaja\/Libero<\/TD><br \/>\n<\/TR><br \/>\n<TR><TD VALIGN=\"TOP\" COLSPAN=3 HEIGHT=40><P><br \/>\nSaara on aloittanut lentopallon pelaamisen Saloisten Salaman riveiss\u00e4 14-vuotiaana Arto Mannisen valmennuksessa. Ensimm\u00e4inen vuosi meni harjoitellessa ja seuraavat nelj\u00e4 vuotta 4-sarjassa eri valmentajien ohjauksessa. Arton lis\u00e4ksi mieleen on j\u00e4\u00e4nyt SalSasta Markku Konu. Muutto lukion j\u00e4lkeen Ruotsiin, Trollh\u00e4ttaniin vei h\u00e4net paikallisen seuran Trollh\u00e4ttans Volleyboll Klubin riveihin. Siell\u00e4 h\u00e4n pelasi 2-sarjassa vuoden verran. Eli Saaralla on kokemusta ulkomaan kentilt\u00e4kin!<\/p>\n<p>\nRuotsin vuoden j\u00e4lkeen Saara palasi Raaheen opiskelemaan ja lentopalloilu jatkui 2-sarjassa Pattijoen Urheilijoissa. PattU:n aikaisista valmentajista h\u00e4nelle on j\u00e4\u00e4nyt mieleen Jorma ja Markku Konu, Anni Iso-R\u00e4sy ja Veli-Pekka \u201dVellu\u201d Virolainen sek\u00e4 luonnollisesti Juha Kittil\u00e4. Pattijoella Saara pelasi 11 vuotta kunnes opiskelun ja ty\u00f6n vuoksi muutti Ouluun. Lentopalloilu jatkui kuitenkin edelleen 2-sarjassa t\u00e4ll\u00e4 kertaa Oulunsuun Heitossa. Kaksi vuotta vier\u00e4hti Heitossa, kun oli aika kokeilla taas uusia tuulia. Seuraavat kolme vuotta Saara pelasi Kempeleen Pyrinn\u00f6ss\u00e4, josta sitten siirtyi t\u00e4lle kaudelle Oulunsalon Vasamaan. Parin vuoden ajan h\u00e4n on osallistunut my\u00f6s 35-sarjaan KemPyn Lakeuden Ladyt \u2013joukkueessa. 22 vuotta on siis vier\u00e4ht\u00e4nyt lentopalloa pelaten ja nelj\u00e4 viime vuotta h\u00e4n on toiminut my\u00f6s OsVan nuorten parissa joukkuejohtajana, rahastonhoitajana ja valmentajana.<\/p>\n<p>\nSaaran roolina on ollut yleispelaajan rooli. Parhaimpina puolina Saaralla on sy\u00f6tt\u00f6, vastaanotto ja puolustuspelaaminen. H\u00e4net tunnetaan my\u00f6s joukkueensa \u201dtsemppaajana\u201d. Viime kauden loppupuolella Saara pelasi KemPyss\u00e4 liberon roolissa olkap\u00e4\u00e4n tulehduksen vuoksi. P\u00e4\u00e4asiassa sama rooli on sitten jatkunut OsVassa.<\/P><br \/>\n<\/TD><br \/>\n<\/TR><\/p>\n<p><TR><br \/>\n<TD WIDTH=\"50%\" VALIGN=\"TOP\" HEIGHT=208><br \/>\n<P><IMG SRC=\"tigru_nostaa.gif\" alt=\"Panskun kuva tulossa\"<\/TD><br \/>\n<TD WIDTH=\"50%\" VALIGN=\"TOP\" COLSPAN=2 HEIGHT=208><br \/>\n<P> <\/P><br \/>\n<P>Nro: 4<\/P><\/p>\n<p><P>Nimi: Anne Paananen<\/P><br \/>\n<P>Rooli: Passari\/Libero<\/TD><br \/>\n<\/TR><br \/>\n<TR><TD VALIGN=\"TOP\" COLSPAN=3 HEIGHT=40><P><\/P><\/TD><br \/>\n<\/TR><\/p>\n<p><TR><br \/>\n<TD WIDTH=\"50%\" VALIGN=\"TOP\" HEIGHT=208><br \/>\n<P><img decoding=\"async\" src=\"\/lentopallo\/tiedostot\/2002_11_N1_Anne.jpg\" alt=\"Anne\"><\/TD><br \/>\n<TD WIDTH=\"50%\" VALIGN=\"TOP\" COLSPAN=2 HEIGHT=208><br \/>\n<P> <\/P><br \/>\n<P>Nro: 5<\/P><br \/>\n<P>Nimi: Anne Ronkainen<\/P><\/p>\n<p><P>Rooli: Keskitorjuja<\/TD><br \/>\n<\/TR><br \/>\n<TR><TD VALIGN=\"TOP\" COLSPAN=3><br \/>\n<P>Anne on aloittanut lentopalloilun Siikajoen Sisussa 90-luvun alussa. Kavereiden kanssa he ker\u00e4siv\u00e4t joukkueen kasaan ja useampi vuosi siin\u00e4 sitten samalla porukalla vier\u00e4htikin. Opiskelemaan l\u00e4hdetty\u00e4\u00e4n Annen lentopalloharrastus j\u00e4i v\u00e4h\u00e4ksi aikaa, kunnes h\u00e4n innostui siit\u00e4 taas kaudella 1999-2000 ja pelasi silloin Tornion Lentis-88:ssa 3-sarjaa. Ouluun muutettuaan l\u00f6ytyi Sannan kautta Kempeleen Pyrint\u00f6 ja pari kautta kuluikin siell\u00e4 2-sarjassa. Ja nyt siis ensimm\u00e4inen kausi Oulunsalon Vasamassa.<\/TD><br \/>\n<\/TR><\/p>\n<p><TR><br \/>\n<TD WIDTH=\"50%\" VALIGN=\"TOP\" HEIGHT=208><br \/>\n<P><img decoding=\"async\" src=\"\/lentopallo\/tiedostot\/2002_11_N1_Sanna.jpg\" alt=\"Sanna\"><\/TD><br \/>\n<TD WIDTH=\"50%\" VALIGN=\"TOP\" COLSPAN=2 HEIGHT=208><br \/>\n<P> <\/P><br \/>\n<P>Nro: 6<\/P><\/p>\n<p><P>Nimi: Sanna Loukkaanhuhta<\/P><br \/>\n<P>Rooli: Keskitorjuja<\/TD><br \/>\n<\/TR><br \/>\n<TR><TD VALIGN=\"TOP\" COLSPAN=3><br \/>\n<P>My\u00f6s Sanna on aloittanut uransa Siikajoen Sisussa samoihin aikoihin kuin Annekin. Kun porukka siell\u00e4 hajosi, Sanna siirtyi pelaamaan Saloisten Salamaan. Useamman mutkan kautta h\u00e4n on p\u00e4\u00e4tynyt pelaamaan nyt t\u00e4nne Oulunsaloon.<\/TD><br \/>\n<\/TR><\/p>\n<p><TR><br \/>\n<TD WIDTH=\"50%\" VALIGN=\"TOP\" HEIGHT=208><br \/>\n<P><img decoding=\"async\" src=\"\/lentopallo\/tiedostot\/2002_11_N1_Lissu.jpg\" alt=\"Lissu\"><\/TD><br \/>\n<TD WIDTH=\"50%\" VALIGN=\"TOP\" COLSPAN=2 HEIGHT=208><br \/>\n<P> <\/P><br \/>\n<P>Nro: 7<\/P><\/p>\n<p><P>Nimi: Satu &#8221;Lissu&#8221; K\u00e4rn\u00e4<\/P><br \/>\n<P>Rooli: Yleispelaaja<\/TD><br \/>\n<\/TR><br \/>\n<TR><TD VALIGN=\"TOP\" COLSPAN=3><br \/>\n<P>Satu-Maarit on kotoisin Kainuun Paltamosta. Koulutukseltaan h\u00e4n on bioanalyytikko ja ty\u00f6skentelee Oulun yliopiston Kliinisen kemian laitoksella. Kihlattunsa kanssa Satu on asunut Oulussa jo kohta viisi vuotta.<\/p>\n<p>Lentopalloharrastus on alkanut virallisesti sarjassa vuonna 1992 Ristij\u00e4rven Pyryn C-tyt\u00f6iss\u00e4. Ensimm\u00e4iset pallokontaktit ovat kuitenkin tapahtuneet kotosalla jo vaahtosammuttimen kokoisena, sill\u00e4 my\u00f6s Satun is\u00e4 on aktiivinen lentopalloilija. RiPyn lis\u00e4ksi Satu on pelannut my\u00f6s Puolangan Ryhdiss\u00e4, Paltamon Urheilijoissa ja Suomussalmen Palloseurassa. Viime kaudella tuli SuPs:n porukassa makia kakkossarjan voitto ja ykk\u00f6ssarjan portit hetkeksi raottuivat\u2026 joukkuetta ei kuitenkaan saatu kasaan edes kakkossarjaan t\u00e4ksi kaudeksi.<\/p>\n<p>T\u00e4m\u00e4n kauden Satu onkin sitten edustanut ensimm\u00e4ist\u00e4 kertaa Oulun seutua Oulunsalon Vasaman naisten 2-sarjajoukkueessa. Lentispiireiss\u00e4 Satua voidaan kuulla my\u00f6s kutsuttavan Lissuksi.<\/P><\/TD><br \/>\n<\/TR><\/p>\n<p><TR><br \/>\n<TD WIDTH=\"50%\" VALIGN=\"TOP\" HEIGHT=208><br \/>\n<P><img decoding=\"async\" src=\"\/lentopallo\/tiedostot\/2002_11_N1_Sakke.jpg\" alt=\"Sakke\"><\/TD><\/p>\n<p><TD WIDTH=\"50%\" VALIGN=\"TOP\" COLSPAN=2><br \/>\n<P> <\/P><br \/>\n<P>Nro: 8<\/P><br \/>\n<P>Nimi: Saara Raatikainen<\/P><br \/>\n<P>Rooli: Keskitorjuja<\/TD><br \/>\n<\/TR><br \/>\n<TR><TD VALIGN=\"TOP\" COLSPAN=3><br \/>\n<P> <\/TD><br \/>\n<\/TR><\/p>\n<p><TR><br \/>\n<TD WIDTH=\"50%\" VALIGN=\"TOP\" HEIGHT=208><\/p>\n<p><P><img decoding=\"async\" src=\"\/lentopallo\/tiedostot\/2002_11_N1_Satu.jpg\" alt=\"Satu\"><\/TD><br \/>\n<TD WIDTH=\"50%\" VALIGN=\"TOP\" COLSPAN=2><br \/>\n<P> <\/P><br \/>\n<P>Nro: 9<\/P><br \/>\n<P>Nimi: Satu Kanniainen<\/P><br \/>\n<P>Rooli: Hakkuri<\/TD><br \/>\n<\/TR><br \/>\n<TR><TD VALIGN=\"TOP\" COLSPAN=3><br \/>\n<P> <\/TD><br \/>\n<\/TR><\/p>\n<p><TR><\/p>\n<p><TD WIDTH=\"50%\" VALIGN=\"TOP\" HEIGHT=208><br \/>\n<P><img decoding=\"async\" src=\"\/lentopallo\/tiedostot\/2002_11_N1_Leena.jpg\" alt=\"Leena\"><\/TD><br \/>\n<TD WIDTH=\"50%\" VALIGN=\"TOP\" COLSPAN=2><br \/>\n<P> <\/P><br \/>\n<P>Nro: 10<\/P><br \/>\n<P>Nimi: Leena Nurmi<\/P><br \/>\n<P>Rooli: Yleispelaaja<\/TD><br \/>\n<\/TR><br \/>\n<TR><TD VALIGN=\"TOP\" COLSPAN=3><br \/>\n<P>Leenan lentopalloura ei ole viel\u00e4 pitk\u00e4, mutta yleisurheilijan taustalla h\u00e4n on p\u00e4\u00e4ssyt hyvin kuvioihin mukaan. Kehitys on ollut rakettimainen, sill\u00e4 h\u00e4n on aloittanut harrastuksen pari vuotta sitten ja on nyt jo 2-sarjassa. Miss\u00e4 Leena olisikaan, jos olisi hoksannut lentiksen salat aiemmin.<\/TD><br \/>\n<\/TR><\/p>\n<p><TR><br \/>\n<TD WIDTH=\"50%\" VALIGN=\"TOP\" HEIGHT=208><br \/>\n<P><img decoding=\"async\" src=\"\/lentopallo\/tiedostot\/2002_11_N1_Mervi.jpg\" alt=\"Mervi\"><\/TD><br \/>\n<TD WIDTH=\"50%\" VALIGN=\"TOP\" COLSPAN=2><br \/>\n<P> <\/P><br \/>\n<P>Nro: 11<\/P><br \/>\n<P>Nimi: Mervi Okkonen<\/P><br \/>\n<P>Rooli: Libero<\/TD><br \/>\n<\/TR><br \/>\n<TR><TD VALIGN=\"TOP\" COLSPAN=3><br \/>\n<P> <\/TD><br \/>\n<\/TR><\/p>\n<p><TR><br \/>\n<TD WIDTH=\"50%\" VALIGN=\"TOP\" HEIGHT=208><br \/>\n<P><img decoding=\"async\" src=\"\/lentopallo\/tiedostot\/2002_11_N1_Veera.jpg\" alt=\"Veera\"><\/TD><br \/>\n<TD WIDTH=\"50%\" VALIGN=\"TOP\" COLSPAN=2><br \/>\n<P> <\/P><br \/>\n<P>Nro: 12<\/P><br \/>\n<P>Nimi: Veera Virolainen<\/P><br \/>\n<P>Rooli: Hakkuri\/Yleispelaaja<\/TD><br \/>\n<\/TR><br \/>\n<TR><TD VALIGN=\"TOP\" COLSPAN=3><br \/>\n<P>Veera aloitti pelaajauransa Pattijoen Urheilijoissa, jossa pelasi aina viime vuoteen ja Oulunsalon Vasamaan siirtymiseen asti. Pattijoen porukassa Veera hakkasi palloa 1-sarjassa pari kautta, jonka j\u00e4lkeen pelaamiseen tuli kahden vuoden tauko opiskeluiden takia. Nyt t\u00e4m\u00e4 aina iloinen ja kent\u00e4ll\u00e4 toisinaan r\u00e4iskyv\u00e4kin hakkuri pelaa uudelleen l\u00f6ytyneell\u00e4 innolla, taistellen ja raivaten tiet\u00e4 joukkueensa kanssa kohti uusia sf\u00e4\u00e4rej\u00e4. Veera kunnioittaa pelaamisen ilon ja periksiantamattomuuden periaatteita, mutta ei nosta jalustalle pelk\u00e4n voiton t\u00e4rkeytt\u00e4. P\u00e4\u00e4asia on, ett\u00e4 peli kulkee ja pelaamisesta nauttii.<\/p>\n<p>Vapaa-aikanansa (mik\u00e4 peleilt\u00e4 ja englannin opiskelulta j\u00e4\u00e4) Veera k\u00e4y kannustamassa muitakin alan osaajia fanaattisen k\u00e4mppiksens\u00e4 kanssa. <\/TD><br \/>\n<\/TR><\/p>\n<p><TR><br \/>\n<TD WIDTH=\"50%\" VALIGN=\"TOP\" HEIGHT=208><br \/>\n<P><IMG SRC=\"tigru_nostaa.gif\" alt=\"Marrun kuva tulossa\"<\/TD><br \/>\n<TD WIDTH=\"50%\" VALIGN=\"TOP\" COLSPAN=2><br \/>\n<P> <\/P><br \/>\n<P>Nro: 13<\/P><br \/>\n<P>Nimi: Maarit Katilainen<\/P><br \/>\n<P>Rooli: Yleispelaaja<\/TD><br \/>\n<\/TR><\/p>\n<p><TR><TD VALIGN=\"TOP\" COLSPAN=3><br \/>\n<P>Marru on aloittanut harjoittelemaan lentopalloa vuonna -80 Sodankyl\u00e4ss\u00e4. H\u00e4n on ollut monessa joukkueessa: Sodankyl\u00e4ss\u00e4, Rovaniemell\u00e4, Lappeenrannassa, Tukholmassa, G\u00e4llivaarassa (meid\u00e4n toinen pelaaja, jolla on kokemusta ulkomaan kentilt\u00e4!) ja sitten viimein Oulun seudulla. T\u00e4\u00e4ll\u00e4kin h\u00e4nell\u00e4 on tullut pelattua Oulunsuun Heitossa ja Kempeleen Pyrinn\u00f6ss\u00e4. Ja nyt siis Oulunsalon Vasamassa. Saas n\u00e4hd\u00e4 mihin Marrun lentopallon pelaaminen p\u00e4\u00e4ttyy? Marru k\u00e4y treeneiss\u00e4 aina kun vain lasten harrastuksilta p\u00e4\u00e4see. Lentopalloilu on aina ollut h\u00e4nelle t\u00e4rke\u00e4, paitsi ei niink\u00e4\u00e4n viime vuosina. Marru meinaa, ett\u00e4 ik\u00e4 tekee teht\u00e4v\u00e4ns\u00e4&#8230; <\/TD><br \/>\n<\/TR><\/p>\n<p><TR><br \/>\n<TD WIDTH=\"50%\" VALIGN=\"TOP\" HEIGHT=208><br \/>\n<P><IMG SRC=\"tigru_nostaa.gif\" alt=\"Tarjan kuva tulossa\"<\/TD><br \/>\n<TD WIDTH=\"50%\" VALIGN=\"TOP\" COLSPAN=2><br \/>\n<P> <\/P><br \/>\n<P>Nro: 14<\/P><br \/>\n<P>Nimi: Tarja Valtanen<\/P><br \/>\n<P>Rooli: Yleispelaaja<\/TD><\/p>\n<p><\/TR><br \/>\n<TR><TD VALIGN=\"TOP\" COLSPAN=3><br \/>\n<P>Tarjan aiemmat seurat ovat: Kempeleen Pyrint\u00f6, Kempeleen Pallo, Oulunsuun Heitto, Saloisten Salama ja Raahen Vesa.<\/TD><br \/>\n<\/TR><\/p>\n<p><TR><br \/>\n<TD WIDTH=\"50%\" VALIGN=\"TOP\" HEIGHT=208><br \/>\n<P> <\/TD><br \/>\n<TD WIDTH=\"11%\" VALIGN=\"TOP\"><br \/>\n<P> <\/TD><br \/>\n<TD WIDTH=\"39%\" VALIGN=\"TOP\"><br \/>\n<P> <\/TD><br \/>\n<\/TR><\/p>\n<p><TR><TD WIDTH=\"50%\" VALIGN=\"TOP\"><br \/>\n<P> <\/TD><br \/>\n<TD WIDTH=\"11%\" VALIGN=\"TOP\"><br \/>\n<P> <\/TD><br \/>\n<TD WIDTH=\"39%\" VALIGN=\"TOP\"><br \/>\n<P> <\/TD><br \/>\n<\/TR><br \/>\n<\/TABLE><\/p>\n","protected":false},"excerpt":{"rendered":"<p>Naiset I (2-sarja) Kausi 2003-2004 Tulevan kauden kokoonpano ilmoitetaan syksyll\u00e4. Organisaatio on kuitenkin jo tiedossa. I valmentajana toimii Sampo Saukkoriipi, II valmentajana Juha Kittil\u00e4 ja joukkuejohtajana Leena Nurmi. Tilastoja hoitaa Harri Loukkaanhuhta yhteyshenkil\u00f6n teht\u00e4vien ohessa. Huoltajana jatkaa edelleen Timo Kanniainen, nettivastaavana Anne Ronkainen, rahastonhoitajana Saara Kittil\u00e4 ja toimitsijavastaavana Saara Raatikainen. Tiedotusvastaavan teht\u00e4vi\u00e4 hoitaa Satu K\u00e4rn\u00e4 &#8230; <a title=\"Naiset I\" class=\"read-more\" href=\"https:\/\/www.oulunsalonvasama.fi\/lentopallo\/edelliset-kaudet\/kausi-2002-2003\/naiset_1\/\" aria-label=\"Lue lis\u00e4\u00e4 aiheesta Naiset I\">Lue lis\u00e4\u00e4<\/a><\/p>\n","protected":false},"author":1,"featured_media":0,"parent":67,"menu_order":11,"comment_status":"open","ping_status":"open","template":"","meta":{"footnotes":"","_links_to":"","_links_to_target":""},"class_list":["post-31","page","type-page","status-publish"],"_links":{"self":[{"href":"https:\/\/www.oulunsalonvasama.fi\/lentopallo\/wp-json\/wp\/v2\/pages\/31","targetHints":{"allow":["GET"]}}],"collection":[{"href":"https:\/\/www.oulunsalonvasama.fi\/lentopallo\/wp-json\/wp\/v2\/pages"}],"about":[{"href":"https:\/\/www.oulunsalonvasama.fi\/lentopallo\/wp-json\/wp\/v2\/types\/page"}],"author":[{"embeddable":true,"href":"https:\/\/www.oulunsalonvasama.fi\/lentopallo\/wp-json\/wp\/v2\/users\/1"}],"replies":[{"embeddable":true,"href":"https:\/\/www.oulunsalonvasama.fi\/lentopallo\/wp-json\/wp\/v2\/comments?post=31"}],"version-history":[{"count":5,"href":"https:\/\/www.oulunsalonvasama.fi\/lentopallo\/wp-json\/wp\/v2\/pages\/31\/revisions"}],"predecessor-version":[{"id":2165,"href":"https:\/\/www.oulunsalonvasama.fi\/lentopallo\/wp-json\/wp\/v2\/pages\/31\/revisions\/2165"}],"up":[{"embeddable":true,"href":"https:\/\/www.oulunsalonvasama.fi\/lentopallo\/wp-json\/wp\/v2\/pages\/67"}],"wp:attachment":[{"href":"https:\/\/www.oulunsalonvasama.fi\/lentopallo\/wp-json\/wp\/v2\/media?parent=31"}],"curies":[{"name":"wp","href":"https:\/\/api.w.org\/{rel}","templated":true}]}}