{"id":2911,"date":"2010-11-07T14:50:28","date_gmt":"2010-11-07T14:50:28","guid":{"rendered":"http:\/\/www.oulunsalonvasama.fi\/lentopallo\/"},"modified":"2011-08-04T06:13:08","modified_gmt":"2011-08-04T06:13:08","slug":"f-juniorit","status":"publish","type":"page","link":"https:\/\/www.oulunsalonvasama.fi\/lentopallo\/edelliset-kaudet\/kausi-2010-2011\/f-juniorit\/","title":{"rendered":"F-juniorit"},"content":{"rendered":"<h2>Oulunsalon Vasama F-juniorit<\/h2>\n<p><strong>Pelaajat:<\/strong><\/p>\n<p>10 Kotkaniemi Veera\u00a0<br \/>\n22 Silvamaa Nadja\u00a0<br \/>\n7 Valtanen Amanda\u00a0<\/p>\n<p>1 Aaltonen Oskari \u00a0<br \/>\n10 Haapalainen Atte\u00a0<br \/>\n4 Jokitulppo Antti\u00a0<br \/>\n11 Korpela Kalle\u00a0<br \/>\n18 Takkinen Eetu\u00a0<\/p>\n<p><strong>Joukkueenjohtaja<\/strong>: Jaana Jokitulppo, puh.050-5337781 jaanajokitulppo[at]oulunsalonvasama.fi\u00a0<br \/>\n<strong>Valmentajat<\/strong>: Antti Silvamaa, puh. 040-7564189 anttisilvamaa[at]oulunsalonvasama.fi, Jaana Jokitulppo, jaanajokitulppo[at]oulunsalonvasama.fi<br \/>\n<strong>Vara\/apuvalmentajat<\/strong>: Juha Jokitulppo, puh. 040-701542,\u00a0 lis\u00e4n\u00e4: C-tyt\u00f6t 97, E-pojat 99<br \/>\n<strong>Rahastonhoitaja<\/strong>: Hely Korpela, puh. 040-5456924, helyflame[at]luukku.com<\/p>\n<p><strong>Harjoitukset:<\/strong><br \/>\nTo 17:00-18:00 Kirkonkyl\u00e4n\u00a0 koulu<br \/>\nSu 18:30-19:30 Pitk\u00e4kankaan koulu<\/p>\n","protected":false},"excerpt":{"rendered":"<p>Oulunsalon Vasama F-juniorit Pelaajat: 10 Kotkaniemi Veera\u00a0 22 Silvamaa Nadja\u00a0 7 Valtanen Amanda\u00a0 1 Aaltonen Oskari \u00a0 10 Haapalainen Atte\u00a0 4 Jokitulppo Antti\u00a0 11 Korpela Kalle\u00a0 18 Takkinen Eetu\u00a0 Joukkueenjohtaja: Jaana Jokitulppo, puh.050-5337781 jaanajokitulppo[at]oulunsalonvasama.fi\u00a0 Valmentajat: Antti Silvamaa, puh. 040-7564189 anttisilvamaa[at]oulunsalonvasama.fi, Jaana Jokitulppo, jaanajokitulppo[at]oulunsalonvasama.fi Vara\/apuvalmentajat: Juha Jokitulppo, puh. 040-701542,\u00a0 lis\u00e4n\u00e4: C-tyt\u00f6t 97, E-pojat 99 Rahastonhoitaja: Hely &#8230; <a title=\"F-juniorit\" class=\"read-more\" href=\"https:\/\/www.oulunsalonvasama.fi\/lentopallo\/edelliset-kaudet\/kausi-2010-2011\/f-juniorit\/\" aria-label=\"Lue lis\u00e4\u00e4 aiheesta F-juniorit\">Lue lis\u00e4\u00e4<\/a><\/p>\n","protected":false},"author":1,"featured_media":0,"parent":3422,"menu_order":10,"comment_status":"closed","ping_status":"open","template":"","meta":{"footnotes":"","_links_to":"","_links_to_target":""},"class_list":["post-2911","page","type-page","status-publish"],"_links":{"self":[{"href":"https:\/\/www.oulunsalonvasama.fi\/lentopallo\/wp-json\/wp\/v2\/pages\/2911","targetHints":{"allow":["GET"]}}],"collection":[{"href":"https:\/\/www.oulunsalonvasama.fi\/lentopallo\/wp-json\/wp\/v2\/pages"}],"about":[{"href":"https:\/\/www.oulunsalonvasama.fi\/lentopallo\/wp-json\/wp\/v2\/types\/page"}],"author":[{"embeddable":true,"href":"https:\/\/www.oulunsalonvasama.fi\/lentopallo\/wp-json\/wp\/v2\/users\/1"}],"replies":[{"embeddable":true,"href":"https:\/\/www.oulunsalonvasama.fi\/lentopallo\/wp-json\/wp\/v2\/comments?post=2911"}],"version-history":[{"count":3,"href":"https:\/\/www.oulunsalonvasama.fi\/lentopallo\/wp-json\/wp\/v2\/pages\/2911\/revisions"}],"predecessor-version":[{"id":3437,"href":"https:\/\/www.oulunsalonvasama.fi\/lentopallo\/wp-json\/wp\/v2\/pages\/2911\/revisions\/3437"}],"up":[{"embeddable":true,"href":"https:\/\/www.oulunsalonvasama.fi\/lentopallo\/wp-json\/wp\/v2\/pages\/3422"}],"wp:attachment":[{"href":"https:\/\/www.oulunsalonvasama.fi\/lentopallo\/wp-json\/wp\/v2\/media?parent=2911"}],"curies":[{"name":"wp","href":"https:\/\/api.w.org\/{rel}","templated":true}]}}