{"id":2873,"date":"2010-10-31T21:35:59","date_gmt":"2010-10-31T21:35:59","guid":{"rendered":"http:\/\/www.oulunsalonvasama.fi\/lentopallo\/"},"modified":"2011-08-04T06:13:08","modified_gmt":"2011-08-04T06:13:08","slug":"naiset-2","status":"publish","type":"page","link":"https:\/\/www.oulunsalonvasama.fi\/lentopallo\/edelliset-kaudet\/kausi-2010-2011\/naiset-2\/","title":{"rendered":"Naiset 2"},"content":{"rendered":"<h1><strong>Naiset 2 (2-sarja) kaudella 2010-2011<\/strong><\/h1>\n<p><strong> <\/strong><\/p>\n<h2>Harjoitusvuorot Kirkonkyl\u00e4n koululla<\/h2>\n<p>Tiistaisin klo 20:00-21:30 1\/2 salia<br \/>\nPerjantaisin klo 18:00-19:30 (1\/2 salia)<\/p>\n<h2>Organisaatio<\/h2>\n<ul>\n<li>I valmentaja: Mika Rajala, puh. 0400-352 291<br \/>\n<a href=\"mailto:mikarajala[at]oulunsalonvasama.fi\">mikarajala[at]oulunsalonvasama.fi<\/a><\/li>\n<li>II valmentaja: Juuso Lepp\u00e4nen, puh. 050-401 9499<br \/>\n<a href=\"mailto:juusoleppanen[at]oulunsalonvasama.fi\">juusoleppanen[at]oulunsalonvasama.fi<\/a><\/li>\n<li>Joukkuejohtaja ja tiedotusvastaava: Aino Lepp\u00e4nen, puh. 050-355 1220<br \/>\n<a href=\"mailto:ainoleppanen[at]oulunsalonvasama.fi\">ainoleppanen[at]oulunsalonvasama.fi<\/a><\/li>\n<li>Varajoukkuejohtaja ja rahastonhoitaja: Saara Kittil\u00e4, puh. 040-839 6725<br \/>\n<a href=\"mailto:saarakittila[at]oulunsalonvasama.fi\">saarakittila[at]oulunsalonvasama.fi<\/a><\/li>\n<li>Vararahastonhoitaja: Leena Kuukasj\u00e4rvi, puh. 050-305 1043<br \/>\n<a href=\"mailto:leenakuukasjarvi[at]oulunsalonvasama.fi\">leenakuukasjarvi[at]oulunsalonvasama.fi<\/a><\/li>\n<li>L\u00e4\u00e4kelaukkuvastaava: Suvi Sihvonen<\/li>\n<li>Juomapullovastaava: Katja Kaksonen<\/li>\n<li>Pallovastaavat: Aino Sihvonen ja Saara Kittil\u00e4\n<\/ul>\n<h2>Joukkue<\/h2>\n<p><a href=\"https:\/\/www.oulunsalonvasama.fi\/lentopallo\/wp-content\/uploads\/2011\/03\/Naiset-2-2010-2011.jpg\"><img loading=\"lazy\" decoding=\"async\" src=\"https:\/\/www.oulunsalonvasama.fi\/lentopallo\/wp-content\/uploads\/2011\/03\/Naiset-2-2010-2011-300x224.jpg\" alt=\"\" title=\"OsVa 2 kaudella 2010-2011\" width=\"300\" height=\"224\" class=\"size-medium wp-image-3282\" srcset=\"https:\/\/www.oulunsalonvasama.fi\/lentopallo\/wp-content\/uploads\/2011\/03\/Naiset-2-2010-2011-300x224.jpg 300w, https:\/\/www.oulunsalonvasama.fi\/lentopallo\/wp-content\/uploads\/2011\/03\/Naiset-2-2010-2011-1024x768.jpg 1024w\" sizes=\"auto, (max-width: 300px) 100vw, 300px\" \/><\/a><\/p>\n<h3>Pelaajat<\/h3>\n<p>1 Saara Kittil\u00e4<br \/>\n2 Katja Kaksonen<br \/>\n3 Anni Suutari<br \/>\n4 Suvi Sihvonen<br \/>\n6 Anni Rytinki<br \/>\n7 Leena Kuukasj\u00e4rvi C<br \/>\n8 Aino Sihvonen<br \/>\n9 Sandra Salumaa<br \/>\n10 Aino Lepp\u00e4nen<br \/>\n11 Heini Riipi<br \/>\n13 Laura Pirttikoski<br \/>\n14 Auri Siika-aho<\/p>\n","protected":false},"excerpt":{"rendered":"<p>Naiset 2 (2-sarja) kaudella 2010-2011 Harjoitusvuorot Kirkonkyl\u00e4n koululla Tiistaisin klo 20:00-21:30 1\/2 salia Perjantaisin klo 18:00-19:30 (1\/2 salia) Organisaatio I valmentaja: Mika Rajala, puh. 0400-352 291 mikarajala[at]oulunsalonvasama.fi II valmentaja: Juuso Lepp\u00e4nen, puh. 050-401 9499 juusoleppanen[at]oulunsalonvasama.fi Joukkuejohtaja ja tiedotusvastaava: Aino Lepp\u00e4nen, puh. 050-355 1220 ainoleppanen[at]oulunsalonvasama.fi Varajoukkuejohtaja ja rahastonhoitaja: Saara Kittil\u00e4, puh. 040-839 6725 saarakittila[at]oulunsalonvasama.fi Vararahastonhoitaja: Leena &#8230; <a title=\"Naiset 2\" class=\"read-more\" href=\"https:\/\/www.oulunsalonvasama.fi\/lentopallo\/edelliset-kaudet\/kausi-2010-2011\/naiset-2\/\" aria-label=\"Lue lis\u00e4\u00e4 aiheesta Naiset 2\">Lue lis\u00e4\u00e4<\/a><\/p>\n","protected":false},"author":4,"featured_media":0,"parent":3422,"menu_order":1,"comment_status":"closed","ping_status":"closed","template":"","meta":{"footnotes":"","_links_to":"","_links_to_target":""},"class_list":["post-2873","page","type-page","status-publish"],"_links":{"self":[{"href":"https:\/\/www.oulunsalonvasama.fi\/lentopallo\/wp-json\/wp\/v2\/pages\/2873","targetHints":{"allow":["GET"]}}],"collection":[{"href":"https:\/\/www.oulunsalonvasama.fi\/lentopallo\/wp-json\/wp\/v2\/pages"}],"about":[{"href":"https:\/\/www.oulunsalonvasama.fi\/lentopallo\/wp-json\/wp\/v2\/types\/page"}],"author":[{"embeddable":true,"href":"https:\/\/www.oulunsalonvasama.fi\/lentopallo\/wp-json\/wp\/v2\/users\/4"}],"replies":[{"embeddable":true,"href":"https:\/\/www.oulunsalonvasama.fi\/lentopallo\/wp-json\/wp\/v2\/comments?post=2873"}],"version-history":[{"count":14,"href":"https:\/\/www.oulunsalonvasama.fi\/lentopallo\/wp-json\/wp\/v2\/pages\/2873\/revisions"}],"predecessor-version":[{"id":3430,"href":"https:\/\/www.oulunsalonvasama.fi\/lentopallo\/wp-json\/wp\/v2\/pages\/2873\/revisions\/3430"}],"up":[{"embeddable":true,"href":"https:\/\/www.oulunsalonvasama.fi\/lentopallo\/wp-json\/wp\/v2\/pages\/3422"}],"wp:attachment":[{"href":"https:\/\/www.oulunsalonvasama.fi\/lentopallo\/wp-json\/wp\/v2\/media?parent=2873"}],"curies":[{"name":"wp","href":"https:\/\/api.w.org\/{rel}","templated":true}]}}