{"id":2817,"date":"2010-10-24T10:42:49","date_gmt":"2010-10-24T10:42:49","guid":{"rendered":"http:\/\/www.oulunsalonvasama.fi\/lentopallo\/"},"modified":"2011-08-04T06:13:08","modified_gmt":"2011-08-04T06:13:08","slug":"a-tytot-93","status":"publish","type":"page","link":"https:\/\/www.oulunsalonvasama.fi\/lentopallo\/edelliset-kaudet\/kausi-2010-2011\/a-tytot-93\/","title":{"rendered":"A-tyt\u00f6t 93"},"content":{"rendered":"<div id=\"post-2653\">\n<div>\n<h2>Oulunsalon Vasama A-tyt\u00f6t\u00a093<\/h2>\n<p><strong>Ottelut:<\/strong><br \/>\n<a href=\"http:\/\/www.lentopalloliitto.fi\/kilpailu\/nuorten_sarjat\/a-tytot\/pelitapa-2010-2011\/\" target=\"_blank\">SM-sarja 2010-2011<\/a><\/p>\n<p><a href=\"http:\/\/les01.lahtis-enterprises.com\/sh_raporting\/lentopallo\/sh_standings.php?lang=fi&amp;sport=lentopallo&amp;season=2011&amp;sid=2&amp;lid=558&amp;gid=2917&amp;tid=-1\" target=\"_blank\">A-tytt\u00f6jen SM-karsinnat, vaihe 1<\/a><\/p>\n<p><a href=\"http:\/\/les01.lahtis-enterprises.com\/sh_raporting\/lentopallo\/sh_standings.php?lang=fi&amp;sport=lentopallo&amp;season=2011&amp;sid=2&amp;lid=559&amp;gid=2978&amp;tid=-1\" target=\"_blank\">A-tytt\u00f6jen SM-karsinnat, vaihe 2<\/a><\/p>\n<p><a href=\"http:\/\/les01.lahtis-enterprises.com\/sh_raporting\/lentopallo\/sh_standings.php?lang=fi&amp;sport=lentopallo&amp;season=2011&amp;sid=2&amp;lid=560&amp;gid=3247&amp;tid=-1\" target=\"_blank\">A-tytt\u00f6jen SM-sarja lohko 1<\/a><\/p>\n<p><a href=\"http:\/\/les01.lahtis-enterprises.com\/sh_raporting\/lentopallo\/sh_standings.php?lang=fi&amp;sport=lentopallo&amp;season=2011&amp;sid=2&amp;lid=630&amp;gid=3360&amp;tid=-1\" target=\"_blank\">A-tytt\u00f6jen SM-v\u00e4lier\u00e4 lohko 1<\/a><\/p>\n<p><strong><\/strong><strong><a href=\"https:\/\/www.oulunsalonvasama.fi\/lentopallo\/wp-content\/uploads\/2011\/04\/OsVa_AT93_2011.jpg\"><img loading=\"lazy\" decoding=\"async\" class=\"size-full wp-image-3343 alignnone\" title=\"AT93 2011\" src=\"https:\/\/www.oulunsalonvasama.fi\/lentopallo\/wp-content\/uploads\/2011\/04\/OsVa_AT93_2011.jpg\" alt=\"\" width=\"437\" height=\"341\" srcset=\"https:\/\/www.oulunsalonvasama.fi\/lentopallo\/wp-content\/uploads\/2011\/04\/OsVa_AT93_2011.jpg 437w, https:\/\/www.oulunsalonvasama.fi\/lentopallo\/wp-content\/uploads\/2011\/04\/OsVa_AT93_2011-300x234.jpg 300w\" sizes=\"auto, (max-width: 437px) 100vw, 437px\" \/><\/a><\/strong><\/p>\n<p><strong>Pelaajat:<\/strong><br \/>\n1\u00a0\u00a0 \u00a0Laura Rontu<br \/>\n2\u00a0\u00a0 \u00a0Larissa Kukkohovi<br \/>\n3\u00a0\u00a0 \u00a0Katja Kylm\u00e4aho<br \/>\n5\u00a0\u00a0 \u00a0Hanna Palosaari<br \/>\n8\u00a0\u00a0 \u00a0Essi Martinm\u00e4ki<br \/>\n9\u00a0\u00a0 \u00a0Minna Ker\u00e4nen<br \/>\n12 \u00a0Eevi H\u00e4yrynen<br \/>\n13\u00a0 Jennika Kovalainen<br \/>\n15\u00a0 Salla Rautio<br \/>\n16\u00a0 Annika Kivioja<br \/>\n17\u00a0 Maija Sangi<br \/>\n18\u00a0 Iida Lesonen<br \/>\n20\u00a0 Riina Kittil\u00e4<\/p>\n<p><strong>Valmentaja:<\/strong> Veikko Rautio, puh. 050 3140969, veikkorautio[at]oulunsalonvasama.fi<br \/>\n<strong>Joukkueenjohtaja:<\/strong> Risto Kylm\u00e4aho, puh. 040-7099168, ristokylmaaho[at]oulunsalonvasama.fi<\/p>\n<p><strong>Harjoitukset:<\/strong><br \/>\nEi yhteisharjoituksia<\/p>\n<\/div>\n<\/div>\n","protected":false},"excerpt":{"rendered":"<p>Oulunsalon Vasama A-tyt\u00f6t\u00a093 Ottelut: SM-sarja 2010-2011 A-tytt\u00f6jen SM-karsinnat, vaihe 1 A-tytt\u00f6jen SM-karsinnat, vaihe 2 A-tytt\u00f6jen SM-sarja lohko 1 A-tytt\u00f6jen SM-v\u00e4lier\u00e4 lohko 1 Pelaajat: 1\u00a0\u00a0 \u00a0Laura Rontu 2\u00a0\u00a0 \u00a0Larissa Kukkohovi 3\u00a0\u00a0 \u00a0Katja Kylm\u00e4aho 5\u00a0\u00a0 \u00a0Hanna Palosaari 8\u00a0\u00a0 \u00a0Essi Martinm\u00e4ki 9\u00a0\u00a0 \u00a0Minna Ker\u00e4nen 12 \u00a0Eevi H\u00e4yrynen 13\u00a0 Jennika Kovalainen 15\u00a0 Salla Rautio 16\u00a0 Annika Kivioja 17\u00a0 Maija &#8230; <a title=\"A-tyt\u00f6t 93\" class=\"read-more\" href=\"https:\/\/www.oulunsalonvasama.fi\/lentopallo\/edelliset-kaudet\/kausi-2010-2011\/a-tytot-93\/\" aria-label=\"Lue lis\u00e4\u00e4 aiheesta A-tyt\u00f6t 93\">Lue lis\u00e4\u00e4<\/a><\/p>\n","protected":false},"author":1,"featured_media":0,"parent":3422,"menu_order":3,"comment_status":"closed","ping_status":"open","template":"","meta":{"footnotes":"","_links_to":"","_links_to_target":""},"class_list":["post-2817","page","type-page","status-publish"],"_links":{"self":[{"href":"https:\/\/www.oulunsalonvasama.fi\/lentopallo\/wp-json\/wp\/v2\/pages\/2817","targetHints":{"allow":["GET"]}}],"collection":[{"href":"https:\/\/www.oulunsalonvasama.fi\/lentopallo\/wp-json\/wp\/v2\/pages"}],"about":[{"href":"https:\/\/www.oulunsalonvasama.fi\/lentopallo\/wp-json\/wp\/v2\/types\/page"}],"author":[{"embeddable":true,"href":"https:\/\/www.oulunsalonvasama.fi\/lentopallo\/wp-json\/wp\/v2\/users\/1"}],"replies":[{"embeddable":true,"href":"https:\/\/www.oulunsalonvasama.fi\/lentopallo\/wp-json\/wp\/v2\/comments?post=2817"}],"version-history":[{"count":17,"href":"https:\/\/www.oulunsalonvasama.fi\/lentopallo\/wp-json\/wp\/v2\/pages\/2817\/revisions"}],"predecessor-version":[{"id":2820,"href":"https:\/\/www.oulunsalonvasama.fi\/lentopallo\/wp-json\/wp\/v2\/pages\/2817\/revisions\/2820"}],"up":[{"embeddable":true,"href":"https:\/\/www.oulunsalonvasama.fi\/lentopallo\/wp-json\/wp\/v2\/pages\/3422"}],"wp:attachment":[{"href":"https:\/\/www.oulunsalonvasama.fi\/lentopallo\/wp-json\/wp\/v2\/media?parent=2817"}],"curies":[{"name":"wp","href":"https:\/\/api.w.org\/{rel}","templated":true}]}}