{"id":2653,"date":"2010-10-09T10:14:31","date_gmt":"2010-10-09T10:14:31","guid":{"rendered":"http:\/\/www.oulunsalonvasama.fi\/lentopallo\/"},"modified":"2011-08-04T06:13:08","modified_gmt":"2011-08-04T06:13:08","slug":"c-tytot-1","status":"publish","type":"page","link":"https:\/\/www.oulunsalonvasama.fi\/lentopallo\/edelliset-kaudet\/kausi-2010-2011\/c-tytot-1\/","title":{"rendered":"C-tyt\u00f6t 1"},"content":{"rendered":"<h2>Oulunsalon Vasama C-tyt\u00f6t\u00a096<\/h2>\n<p><strong>Pelaajat:<\/strong><\/p>\n<p>1\u00a0Karinen Siiri<br \/>\n2\u00a0Kukkonen Tiia<br \/>\n3 Puolakka Roosa<br \/>\n5\u00a0Korkiakoski Mirka<br \/>\n6\u00a0Rontu Katariina<br \/>\n8\u00a0Puuronen Amanda<br \/>\n9\u00a0Sarpola Janita<br \/>\n10\u00a0Marttila Anna<br \/>\n11\u00a0Tihinen Tiia<\/p>\n<p><strong>Joukkueenjohtaja<\/strong>: Reijo Sarpola, 040 770 0370<br \/>\n<strong>Valmentaja:<\/strong><br \/>\n<strong>Huoltajat:<\/strong> Mari Louvo-Karinen, P\u00e4ivi Sarkkinen, Minna Tihinen.<br \/>\n<strong>Rahastonhoitaja: Tuula Pirttij\u00e4rvi\u00a0<\/strong><br \/>\n<strong>Puhvettivastaavat:<\/strong> Mari Louvo-Karinen<\/p>\n<p><strong>Harjoitukset:<br \/>\n<\/strong>Kirkonkyl\u00e4n koulu sunnuntaisin klo19:00-20:30<br \/>\nKirkonkyl\u00e4n koulu tiistaisin klo 18:30-20:00<br \/>\nKirkonkyl\u00e4n koulu keskiviikkoisin klo 18:00-20:00<\/p>\n","protected":false},"excerpt":{"rendered":"<p>Oulunsalon Vasama C-tyt\u00f6t\u00a096 Pelaajat: 1\u00a0Karinen Siiri 2\u00a0Kukkonen Tiia 3 Puolakka Roosa 5\u00a0Korkiakoski Mirka 6\u00a0Rontu Katariina 8\u00a0Puuronen Amanda 9\u00a0Sarpola Janita 10\u00a0Marttila Anna 11\u00a0Tihinen Tiia Joukkueenjohtaja: Reijo Sarpola, 040 770 0370 Valmentaja: Huoltajat: Mari Louvo-Karinen, P\u00e4ivi Sarkkinen, Minna Tihinen. Rahastonhoitaja: Tuula Pirttij\u00e4rvi\u00a0 Puhvettivastaavat: Mari Louvo-Karinen Harjoitukset: Kirkonkyl\u00e4n koulu sunnuntaisin klo19:00-20:30 Kirkonkyl\u00e4n koulu tiistaisin klo 18:30-20:00 Kirkonkyl\u00e4n koulu &#8230; <a title=\"C-tyt\u00f6t 1\" class=\"read-more\" href=\"https:\/\/www.oulunsalonvasama.fi\/lentopallo\/edelliset-kaudet\/kausi-2010-2011\/c-tytot-1\/\" aria-label=\"Lue lis\u00e4\u00e4 aiheesta C-tyt\u00f6t 1\">Lue lis\u00e4\u00e4<\/a><\/p>\n","protected":false},"author":1,"featured_media":0,"parent":3422,"menu_order":5,"comment_status":"closed","ping_status":"open","template":"","meta":{"footnotes":"","_links_to":"","_links_to_target":""},"class_list":["post-2653","page","type-page","status-publish"],"_links":{"self":[{"href":"https:\/\/www.oulunsalonvasama.fi\/lentopallo\/wp-json\/wp\/v2\/pages\/2653","targetHints":{"allow":["GET"]}}],"collection":[{"href":"https:\/\/www.oulunsalonvasama.fi\/lentopallo\/wp-json\/wp\/v2\/pages"}],"about":[{"href":"https:\/\/www.oulunsalonvasama.fi\/lentopallo\/wp-json\/wp\/v2\/types\/page"}],"author":[{"embeddable":true,"href":"https:\/\/www.oulunsalonvasama.fi\/lentopallo\/wp-json\/wp\/v2\/users\/1"}],"replies":[{"embeddable":true,"href":"https:\/\/www.oulunsalonvasama.fi\/lentopallo\/wp-json\/wp\/v2\/comments?post=2653"}],"version-history":[{"count":7,"href":"https:\/\/www.oulunsalonvasama.fi\/lentopallo\/wp-json\/wp\/v2\/pages\/2653\/revisions"}],"predecessor-version":[{"id":3433,"href":"https:\/\/www.oulunsalonvasama.fi\/lentopallo\/wp-json\/wp\/v2\/pages\/2653\/revisions\/3433"}],"up":[{"embeddable":true,"href":"https:\/\/www.oulunsalonvasama.fi\/lentopallo\/wp-json\/wp\/v2\/pages\/3422"}],"wp:attachment":[{"href":"https:\/\/www.oulunsalonvasama.fi\/lentopallo\/wp-json\/wp\/v2\/media?parent=2653"}],"curies":[{"name":"wp","href":"https:\/\/api.w.org\/{rel}","templated":true}]}}