{"id":2646,"date":"2010-10-09T10:00:10","date_gmt":"2010-10-09T10:00:10","guid":{"rendered":"http:\/\/www.oulunsalonvasama.fi\/lentopallo\/"},"modified":"2011-08-04T06:13:08","modified_gmt":"2011-08-04T06:13:08","slug":"b-tytot-2","status":"publish","type":"page","link":"https:\/\/www.oulunsalonvasama.fi\/lentopallo\/edelliset-kaudet\/kausi-2010-2011\/b-tytot-2\/","title":{"rendered":"B-tyt\u00f6t 2"},"content":{"rendered":"<h2>Oulunsalon Vasama B-tyt\u00f6t 95<\/h2>\n<p><strong>Pelaajat:<\/strong><\/p>\n<p>1 Kaitera Jasmin<br \/>\n8 P\u00f6nkk\u00f6 Mari<br \/>\n10 Juka Henna<br \/>\n12 Reijonen Noora<br \/>\n13 Nivalainen Minna<br \/>\n15 Kaakinen Roosa<br \/>\n23 Suhonen Eerika<br \/>\n26 Piippo Noora<br \/>\n30 Klasila Janika<\/p>\n<p><strong>Joukkueenjohtaja:<\/strong>\u00a0Marja Suhonen 050-3947737\u00a0<br \/>\n<strong>Rahastonhoitaja: <\/strong>Lea Nivalainen 040-7603732<br \/>\n<strong>Puhvettivastaavat:<\/strong> \u00a0Pelaajien vanhemmat\u00a0\u00a0\u00a0\u00a0\u00a0\u00a0\u00a0\u00a0\u00a0\u00a0\u00a0<br \/>\n<strong>Valmentajat:<\/strong>\u00a0Matti Rajala 050-3279486\u00a0\u00a0\u00a0\u00a0\u00a0\u00a0\u00a0\u00a0\u00a0\u00a0\u00a0<\/p>\n<p><strong>Harjoitukset:<\/strong>\u00a0<br \/>\nOulunsalon kirkonkyl\u00e4n koululla puoli salia tiistaisin klo 18.30-20.00\u00a0<br \/>\nOulunsalon kirkonkyl\u00e4n koululla puoli salia torstaisin klo 19.30-21.00<br \/>\nOulunsalotalolla sunnuntaisin klo 16.00-17.30 (koko sali)<\/p>\n","protected":false},"excerpt":{"rendered":"<p>Oulunsalon Vasama B-tyt\u00f6t 95 Pelaajat: 1 Kaitera Jasmin 8 P\u00f6nkk\u00f6 Mari 10 Juka Henna 12 Reijonen Noora 13 Nivalainen Minna 15 Kaakinen Roosa 23 Suhonen Eerika 26 Piippo Noora 30 Klasila Janika Joukkueenjohtaja:\u00a0Marja Suhonen 050-3947737\u00a0 Rahastonhoitaja: Lea Nivalainen 040-7603732 Puhvettivastaavat: \u00a0Pelaajien vanhemmat\u00a0\u00a0\u00a0\u00a0\u00a0\u00a0\u00a0\u00a0\u00a0\u00a0\u00a0 Valmentajat:\u00a0Matti Rajala 050-3279486\u00a0\u00a0\u00a0\u00a0\u00a0\u00a0\u00a0\u00a0\u00a0\u00a0\u00a0 Harjoitukset:\u00a0 Oulunsalon kirkonkyl\u00e4n koululla puoli salia tiistaisin klo 18.30-20.00\u00a0 Oulunsalon &#8230; <a title=\"B-tyt\u00f6t 2\" class=\"read-more\" href=\"https:\/\/www.oulunsalonvasama.fi\/lentopallo\/edelliset-kaudet\/kausi-2010-2011\/b-tytot-2\/\" aria-label=\"Lue lis\u00e4\u00e4 aiheesta B-tyt\u00f6t 2\">Lue lis\u00e4\u00e4<\/a><\/p>\n","protected":false},"author":1,"featured_media":0,"parent":3422,"menu_order":4,"comment_status":"closed","ping_status":"open","template":"","meta":{"footnotes":"","_links_to":"","_links_to_target":""},"class_list":["post-2646","page","type-page","status-publish"],"_links":{"self":[{"href":"https:\/\/www.oulunsalonvasama.fi\/lentopallo\/wp-json\/wp\/v2\/pages\/2646","targetHints":{"allow":["GET"]}}],"collection":[{"href":"https:\/\/www.oulunsalonvasama.fi\/lentopallo\/wp-json\/wp\/v2\/pages"}],"about":[{"href":"https:\/\/www.oulunsalonvasama.fi\/lentopallo\/wp-json\/wp\/v2\/types\/page"}],"author":[{"embeddable":true,"href":"https:\/\/www.oulunsalonvasama.fi\/lentopallo\/wp-json\/wp\/v2\/users\/1"}],"replies":[{"embeddable":true,"href":"https:\/\/www.oulunsalonvasama.fi\/lentopallo\/wp-json\/wp\/v2\/comments?post=2646"}],"version-history":[{"count":5,"href":"https:\/\/www.oulunsalonvasama.fi\/lentopallo\/wp-json\/wp\/v2\/pages\/2646\/revisions"}],"predecessor-version":[{"id":2649,"href":"https:\/\/www.oulunsalonvasama.fi\/lentopallo\/wp-json\/wp\/v2\/pages\/2646\/revisions\/2649"}],"up":[{"embeddable":true,"href":"https:\/\/www.oulunsalonvasama.fi\/lentopallo\/wp-json\/wp\/v2\/pages\/3422"}],"wp:attachment":[{"href":"https:\/\/www.oulunsalonvasama.fi\/lentopallo\/wp-json\/wp\/v2\/media?parent=2646"}],"curies":[{"name":"wp","href":"https:\/\/api.w.org\/{rel}","templated":true}]}}