{"id":26,"date":"2008-10-12T11:54:48","date_gmt":"2008-10-12T11:54:48","guid":{"rendered":""},"modified":"2025-09-26T11:43:04","modified_gmt":"2025-09-26T11:43:04","slug":"kalenteri","status":"publish","type":"page","link":"https:\/\/www.oulunsalonvasama.fi\/lentopallo\/kalenteri\/","title":{"rendered":"Kalenteri"},"content":{"rendered":"<h2><strong>Kalenteri ja yhteisten salivuorojen varaukset<\/strong><\/h2>\n<h3>Tulevat tapahtumat<\/h3>\n<div class=\"lcp_catlist\" id=\"lcp_instance_0\"><\/div>\n<h3>Menneet tapahtumat<\/h3>\n<div class=\"lcp_catlist\" id=\"lcp_instance_0\"><p><a href=\"https:\/\/www.oulunsalonvasama.fi\/lentopallo\/2026\/05\/la-9-5-2026-klo-10-18-kirkonkylan-koulu-n2-try-out\/\">La 9.5.2026 klo 10-18 Kirkonkyl\u00e4n koulu N2 try-out<\/a><\/p><p><a href=\"https:\/\/www.oulunsalonvasama.fi\/lentopallo\/2026\/03\/la-21-3-2026-klo-14-kirkonkylan-koulu-m2-1-pudotuspelikierros-salivaraus-klo-13-16-30\/\">La 21.3.2026 klo 14 Kirkonkyl\u00e4n koulu M2 1. pudotuspelikierros (salivaraus klo 13-16.30)<\/a><\/p><p><a href=\"https:\/\/www.oulunsalonvasama.fi\/lentopallo\/2026\/03\/la-28-3-klo-10-18-kirkonkylan-koulu-bt-valieraturnaus\/\">La 28.3. klo 10-18 Kirkonkyl\u00e4n koulu BT v\u00e4lier\u00e4turnaus<\/a><\/p><p><a href=\"https:\/\/www.oulunsalonvasama.fi\/lentopallo\/2026\/05\/silmanliiketutkimus-niemenrannassa-la-9-5-2026\/\">La 9.5.2026 silm\u00e4nliiketutkimus Niemenrannassa<\/a><\/p><p><a href=\"https:\/\/www.oulunsalonvasama.fi\/lentopallo\/2026\/03\/7-3-m1-reenit-kirkonkylan-koululla-16-17\/\">7.3. M1 Reenit Kirkonkyl\u00e4n koululla 16-17<\/a><\/p><p><a href=\"https:\/\/www.oulunsalonvasama.fi\/lentopallo\/2026\/03\/la-14-3-klo-10-15-niemenrannan-koulu-u11e-junnut-tiikerisarja\/\">La 14.3. klo 10-15 Niemenrannan koulu U11(E)-junnut tiikerisarja<\/a><\/p><p><a href=\"https:\/\/www.oulunsalonvasama.fi\/lentopallo\/2026\/03\/la-7-3-kirkonkyla-klo-13-salivaraus-klo-11-30-16-miesten-2-sarjan-peli-osva-k-pallo\/\">La 7.3. Kirkonkyl\u00e4 klo 13 (salivaraus klo 11.30-16) miesten 2-sarjan peli OsVa-K-Pallo<\/a><\/p><p><a href=\"https:\/\/www.oulunsalonvasama.fi\/lentopallo\/2026\/03\/la-21-3-2026-d-3vs3-turnaus-niemenrannan-koululla-klo-9-16\/\">La 21.3.2026 D-3vs3-turnaus Niemenrannan koululla klo 9-16<\/a><\/p><p><a href=\"https:\/\/www.oulunsalonvasama.fi\/lentopallo\/2026\/04\/18-4-a-poikien-pelit-oulunsalossa-b1-kirkonkylalla-ja-bpu17-niemenrannassa\/\">18.4. A-poikien pelit Oulunsalossa, A1 Kirkonkyl\u00e4ll\u00e4 ja APU17 Niemenrannassa<\/a><\/p><p><a href=\"https:\/\/www.oulunsalonvasama.fi\/lentopallo\/2026\/03\/28-3-bp1-valieraturnaus-niemenrannassa\/\">28.3. BP1 V\u00e4lier\u00e4turnaus Niemenrannassa<\/a><\/p><\/div>\n","protected":false},"excerpt":{"rendered":"<p>Kalenteri ja yhteisten salivuorojen varaukset Tulevat tapahtumat Menneet tapahtumat<\/p>\n","protected":false},"author":1,"featured_media":0,"parent":0,"menu_order":8,"comment_status":"closed","ping_status":"closed","template":"","meta":{"footnotes":"","_links_to":"","_links_to_target":""},"class_list":["post-26","page","type-page","status-publish"],"_links":{"self":[{"href":"https:\/\/www.oulunsalonvasama.fi\/lentopallo\/wp-json\/wp\/v2\/pages\/26","targetHints":{"allow":["GET"]}}],"collection":[{"href":"https:\/\/www.oulunsalonvasama.fi\/lentopallo\/wp-json\/wp\/v2\/pages"}],"about":[{"href":"https:\/\/www.oulunsalonvasama.fi\/lentopallo\/wp-json\/wp\/v2\/types\/page"}],"author":[{"embeddable":true,"href":"https:\/\/www.oulunsalonvasama.fi\/lentopallo\/wp-json\/wp\/v2\/users\/1"}],"replies":[{"embeddable":true,"href":"https:\/\/www.oulunsalonvasama.fi\/lentopallo\/wp-json\/wp\/v2\/comments?post=26"}],"version-history":[{"count":55,"href":"https:\/\/www.oulunsalonvasama.fi\/lentopallo\/wp-json\/wp\/v2\/pages\/26\/revisions"}],"predecessor-version":[{"id":11713,"href":"https:\/\/www.oulunsalonvasama.fi\/lentopallo\/wp-json\/wp\/v2\/pages\/26\/revisions\/11713"}],"wp:attachment":[{"href":"https:\/\/www.oulunsalonvasama.fi\/lentopallo\/wp-json\/wp\/v2\/media?parent=26"}],"curies":[{"name":"wp","href":"https:\/\/api.w.org\/{rel}","templated":true}]}}