{"id":225,"date":"2010-01-01T20:24:29","date_gmt":"2010-01-01T20:24:29","guid":{"rendered":""},"modified":"2010-08-15T10:49:23","modified_gmt":"2010-08-15T10:49:23","slug":"a-pojat","status":"publish","type":"page","link":"https:\/\/www.oulunsalonvasama.fi\/lentopallo\/edelliset-kaudet\/kausi-2009-2010\/a-pojat\/","title":{"rendered":"A-pojat"},"content":{"rendered":"<p><b>OsVa A-pojat<\/b><\/p>\n<p><b>Joukkueen yhteyshenkil\u00f6t: <\/b><br \/>\n1. Mika Rajala 050 &#8211; 5651823<br \/>\n2. Timo Marttila 050 &#8211; 5988194<\/p>\n<p><b>Pelaajat<\/b><br \/>\n1. Juuso Lepp\u00e4nen\typ, kt<br \/>\n2. Ville Kaksonen\typ, kt, h<\/p>\n<p>3. Ville M\u00e4kikangas\typ, lib, <br \/>\n4. Panu Paakkari\tlib, <br \/>\n5. Mikko Marttila\tpas<br \/>\n6. Mika Rajala\thak<br \/>\n7. Matti Heikkinen\typ, hak<br \/>\n8. Jyrki Nurminen\typ, kt<br \/>\n9. Tuomas Ylikorpela\typ, kt<br \/>\n10. Juhani Hakala yp <br \/>\n<b>Valmentaja:<\/b><\/p>\n<p>Timo Marttila<\/p>\n","protected":false},"excerpt":{"rendered":"<p>OsVa A-pojat Joukkueen yhteyshenkil\u00f6t: 1. Mika Rajala 050 &#8211; 5651823 2. Timo Marttila 050 &#8211; 5988194 Pelaajat 1. Juuso Lepp\u00e4nen yp, kt 2. Ville Kaksonen yp, kt, h 3. Ville M\u00e4kikangas yp, lib, 4. Panu Paakkari lib, 5. Mikko Marttila pas 6. Mika Rajala hak 7. Matti Heikkinen yp, hak 8. Jyrki Nurminen yp, kt &#8230; <a title=\"A-pojat\" class=\"read-more\" href=\"https:\/\/www.oulunsalonvasama.fi\/lentopallo\/edelliset-kaudet\/kausi-2009-2010\/a-pojat\/\" aria-label=\"Lue lis\u00e4\u00e4 aiheesta A-pojat\">Lue lis\u00e4\u00e4<\/a><\/p>\n","protected":false},"author":1,"featured_media":0,"parent":1913,"menu_order":3,"comment_status":"open","ping_status":"open","template":"","meta":{"footnotes":"","_links_to":"","_links_to_target":""},"class_list":["post-225","page","type-page","status-publish"],"_links":{"self":[{"href":"https:\/\/www.oulunsalonvasama.fi\/lentopallo\/wp-json\/wp\/v2\/pages\/225","targetHints":{"allow":["GET"]}}],"collection":[{"href":"https:\/\/www.oulunsalonvasama.fi\/lentopallo\/wp-json\/wp\/v2\/pages"}],"about":[{"href":"https:\/\/www.oulunsalonvasama.fi\/lentopallo\/wp-json\/wp\/v2\/types\/page"}],"author":[{"embeddable":true,"href":"https:\/\/www.oulunsalonvasama.fi\/lentopallo\/wp-json\/wp\/v2\/users\/1"}],"replies":[{"embeddable":true,"href":"https:\/\/www.oulunsalonvasama.fi\/lentopallo\/wp-json\/wp\/v2\/comments?post=225"}],"version-history":[{"count":7,"href":"https:\/\/www.oulunsalonvasama.fi\/lentopallo\/wp-json\/wp\/v2\/pages\/225\/revisions"}],"predecessor-version":[{"id":2085,"href":"https:\/\/www.oulunsalonvasama.fi\/lentopallo\/wp-json\/wp\/v2\/pages\/225\/revisions\/2085"}],"up":[{"embeddable":true,"href":"https:\/\/www.oulunsalonvasama.fi\/lentopallo\/wp-json\/wp\/v2\/pages\/1913"}],"wp:attachment":[{"href":"https:\/\/www.oulunsalonvasama.fi\/lentopallo\/wp-json\/wp\/v2\/media?parent=225"}],"curies":[{"name":"wp","href":"https:\/\/api.w.org\/{rel}","templated":true}]}}