{"id":2,"date":"2009-10-18T16:32:51","date_gmt":"2009-10-18T16:32:51","guid":{"rendered":"http:\/\/www.oulunsalonvasama.fi\/lentopallo\/"},"modified":"2025-12-19T09:56:43","modified_gmt":"2025-12-19T09:56:43","slug":"lentopallo","status":"publish","type":"page","link":"https:\/\/www.oulunsalonvasama.fi\/lentopallo\/","title":{"rendered":"Etusivu"},"content":{"rendered":"<h2 style=\"text-align: center;\"><span style=\"font-size: 20px;\">AJANKOHTAISTA<\/span><\/h2>\n<p style=\"text-align: center;\">Hei sin\u00e4 2009\u20132011 syntynyt lentopalloa pelaava tytt\u00f6! &#x1f3d0;<br \/>\nKiinnostaisiko pelata seurassa, joka tarjoaa laadukkaan ja tavoitteellisen lentopallopolun? &#x1f4aa;<\/p>\n<p style=\"text-align: center;\">OsVassa pelaa t\u00e4ll\u00e4 hetkell\u00e4<br \/>\n&#x1f3d0; 3 tytt\u00f6jen joukkuetta B-sarjassa<br \/>\n&#x1f3d0; 2 tytt\u00f6jen joukkuetta A-sarjassa<br \/>\n&#x1f3d0; sek\u00e4 hieno edustus naisten sarjoissa<\/p>\n<p style=\"text-align: center;\">Haemme nyt tytt\u00f6jen B2-joukkueeseen 1\u20133 uutta pelaajaa!<br \/>\n&#x1f4c5; Tryout maanantaina 29.12.<br \/>\n&#x1f4cd; Oulunsalo<\/p>\n<p style=\"text-align: center;\">Jos kiinnostuksesi her\u00e4si ja haluaisit tulla mukaan dynaamiseen joukkoomme, ota yhteytt\u00e4:<br \/>\n&#x1f4de; Jari Pekkala 050 502 4007<br \/>\n&#x1f4de; Hannu Parkkinen 040 410 9076<\/p>\n<hr \/>\n<p style=\"text-align: center;\"><span style=\"font-size: 14px;\">Oulunsalon Vasama ry:n lentopallojaostossa voi harrastaa <em>Lentopalloa<\/em> ja <em>Beach Volleyta<\/em>.<\/span><\/p>\n<p style=\"text-align: left;\"><img loading=\"lazy\" decoding=\"async\" class=\"wp-image-7376 aligncenter\" src=\"https:\/\/www.oulunsalonvasama.fi\/lentopallo\/wp-content\/uploads\/2009\/10\/OsValaisetPowerCup2016-e1510346040429-300x161.jpg\" alt=\"OsValaisetPowerCup2016\" width=\"500\" height=\"268\" srcset=\"https:\/\/www.oulunsalonvasama.fi\/lentopallo\/wp-content\/uploads\/2009\/10\/OsValaisetPowerCup2016-e1510346040429-300x161.jpg 300w, https:\/\/www.oulunsalonvasama.fi\/lentopallo\/wp-content\/uploads\/2009\/10\/OsValaisetPowerCup2016-e1510346040429-768x411.jpg 768w, https:\/\/www.oulunsalonvasama.fi\/lentopallo\/wp-content\/uploads\/2009\/10\/OsValaisetPowerCup2016-e1510346040429.jpg 964w\" sizes=\"auto, (max-width: 500px) 100vw, 500px\" \/><\/p>\n<p style=\"text-align: center;\"><span style=\"font-size: 14px;\">Lentopallojaosto kehitt\u00e4\u00e4 laadukasta ja monipuolista harraste- ja kilpailutoimintaa kaikenik\u00e4isille alle kouluik\u00e4isist\u00e4 lapsista l\u00e4htien nuoriin, aikuisiin ja veteraaneihin asti.<\/span><\/p>\n<p style=\"text-align: center;\"><span style=\"font-size: 14px;\"> Lentopallojaoston toiminnan p\u00e4\u00e4paino on junioritoiminnassa.<\/span><\/p>\n<p style=\"text-align: center;\"><span style=\"font-size: 14px;\">Mukaan harrastukseen p\u00e4\u00e4set liittym\u00e4ll\u00e4 ik\u00e4luokkasi joukkueeseen.<\/span><\/p>\n<p style=\"text-align: center;\"><span style=\"font-size: 14px;\"> Joukkueet yhteystietoineen l\u00f6ytyv\u00e4t <a href=\"https:\/\/www.oulunsalonvasama.fi\/lentopallo\/joukkueet\/\">joukkueet<\/a>-alasivulta.<\/span><\/p>\n","protected":false},"excerpt":{"rendered":"<p>AJANKOHTAISTA Hei sin\u00e4 2009\u20132011 syntynyt lentopalloa pelaava tytt\u00f6! &#x1f3d0; Kiinnostaisiko pelata seurassa, joka tarjoaa laadukkaan ja tavoitteellisen lentopallopolun? &#x1f4aa; OsVassa pelaa t\u00e4ll\u00e4 hetkell\u00e4 &#x1f3d0; 3 tytt\u00f6jen joukkuetta B-sarjassa &#x1f3d0; 2 tytt\u00f6jen joukkuetta A-sarjassa &#x1f3d0; sek\u00e4 hieno edustus naisten sarjoissa Haemme nyt tytt\u00f6jen B2-joukkueeseen 1\u20133 uutta pelaajaa! &#x1f4c5; Tryout maanantaina 29.12. &#x1f4cd; Oulunsalo Jos kiinnostuksesi her\u00e4si &#8230; <a title=\"Etusivu\" class=\"read-more\" href=\"https:\/\/www.oulunsalonvasama.fi\/lentopallo\/\" aria-label=\"Lue lis\u00e4\u00e4 aiheesta Etusivu\">Lue lis\u00e4\u00e4<\/a><\/p>\n","protected":false},"author":1,"featured_media":0,"parent":0,"menu_order":0,"comment_status":"closed","ping_status":"closed","template":"","meta":{"footnotes":"","_links_to":"","_links_to_target":""},"class_list":["post-2","page","type-page","status-publish"],"_links":{"self":[{"href":"https:\/\/www.oulunsalonvasama.fi\/lentopallo\/wp-json\/wp\/v2\/pages\/2","targetHints":{"allow":["GET"]}}],"collection":[{"href":"https:\/\/www.oulunsalonvasama.fi\/lentopallo\/wp-json\/wp\/v2\/pages"}],"about":[{"href":"https:\/\/www.oulunsalonvasama.fi\/lentopallo\/wp-json\/wp\/v2\/types\/page"}],"author":[{"embeddable":true,"href":"https:\/\/www.oulunsalonvasama.fi\/lentopallo\/wp-json\/wp\/v2\/users\/1"}],"replies":[{"embeddable":true,"href":"https:\/\/www.oulunsalonvasama.fi\/lentopallo\/wp-json\/wp\/v2\/comments?post=2"}],"version-history":[{"count":258,"href":"https:\/\/www.oulunsalonvasama.fi\/lentopallo\/wp-json\/wp\/v2\/pages\/2\/revisions"}],"predecessor-version":[{"id":11786,"href":"https:\/\/www.oulunsalonvasama.fi\/lentopallo\/wp-json\/wp\/v2\/pages\/2\/revisions\/11786"}],"wp:attachment":[{"href":"https:\/\/www.oulunsalonvasama.fi\/lentopallo\/wp-json\/wp\/v2\/media?parent=2"}],"curies":[{"name":"wp","href":"https:\/\/api.w.org\/{rel}","templated":true}]}}