{"id":193,"date":"2009-05-14T22:09:09","date_gmt":"2009-05-14T22:09:09","guid":{"rendered":""},"modified":"2010-08-15T10:51:17","modified_gmt":"2010-08-15T10:51:17","slug":"naiset_1","status":"publish","type":"page","link":"https:\/\/www.oulunsalonvasama.fi\/lentopallo\/edelliset-kaudet\/kausi-2008-2009\/naiset_1\/","title":{"rendered":"Naiset 1"},"content":{"rendered":"<h1><b>Naiset 1 (2-sarja) kaudella 2008-2009<\/h1>\n<p><\/b><\/p>\n<h2>Harjoitusvuorot Kirkonkyl\u00e4n koululla<\/h2>\n<p>\nKeskiviikkoisin klo 19:30-21:00 1\/2 salia<\/p>\n<p>Perjantaisin klo 19:00-20:30 A-tytt\u00f6jen kanssa (1\/2 salia 0,5 h ja koko sali 1 h)\n<\/p>\n<h2>Organisaatio<\/h2>\n<ul>\n<li>Harjoitus-\/pelivalmentajat: Lauri Kiuttu, Sampo Saukkoriipi, Jani J\u00e4rvinen ja Terho Korkiakoski<\/li>\n<li>Joukkuejohtaja ja vararahastonhoitaja: Leena Kuukasj\u00e4rvi, puh. 050-305 1043<br \/> <a href=\"mailto:leenakuukasjarvi[at]oulunsalonvasama.fi\">leenakuukasjarvi[at]oulunsalonvasama.fi<\/a><\/li>\n<li>Varajoukkuejohtaja ja puffettivastaava: Satu Kanniainen, puh. 050-373 1515<br \/> <a href=\"mailto:satukanniainen[at]oulunsalonvasama.fi\">satukanniainen[at]oulunsalonvasama.fi<\/a><\/li>\n<p><\/p>\n<li>Rahastonhoitaja ja nettivastaava: Saara Kittil\u00e4, puh. 040-839 6725 <br \/> <a href=\"mailto:saarakittila[at]oulunsalonvasama.fi\"> saarakittila[at]oulunsalonvasama.fi<\/a><\/li>\n<li>Tiedotusvastaava: Aino Lepp\u00e4nen <\/li>\n<li>Talkoovastaava: Hanna Kanniainen <\/li>\n<li>L\u00e4\u00e4kelaukkuvastaava: Katja Kaksonen <\/li>\n<li>Pallovastaavat: Asta Kinnunen\/Jenni Sepp\u00e4nen &#038; Aino Lepp\u00e4nen &#038; Saara Kittil\u00e4<\/li>\n<li>Pullovastaavat: Aino ja Suvi Sihvonen<\/li>\n<\/ul>\n<h2>Joukkue<\/h2>\n<p><img decoding=\"async\" src=\"\/lentopallo\/tiedostot\/N1_joukkue_2008-2009.JPG\" border=\"2\"><\/p>\n<p><img decoding=\"async\" src=\"\/lentopallo\/tiedostot\/jpa_pdf.gif\"><\/img><br \/>\n<a href=\"\/lentopallo\/tiedostot\/N1 Pelaajaesittely Kausi 2008-2009.pdf\">Pelaajaesittely<\/a><\/p>\n<h2>Kauden 2008-2009 sijoitus<\/h2>\n<p>\nKauden tavoitteeksi oli asetettu kahden parhaan joukkoon sijoittuminen ja p\u00e4\u00e4sy omasta lohkosta nousukarsintoihin. Tavoite saavutettiin, sill\u00e4 joukkue sijoittui alkusarjassa lohkossaan hienosti toiseksi. Voittamalla viel\u00e4 lohkonsa jatkopelit OsVan 2-joukkuetta ja KempeLen 2-joukkuetta vastaan se p\u00e4\u00e4si pelaamaan nousukarsintoja. Valitettavasti ensimm\u00e4inen nousukarsintaottelu Pihtiputaan Plokia vastaan j\u00e4i my\u00f6s viimeiseksi. Nousukarsintoihin p\u00e4\u00e4sy on kuitenkin t\u00e4h\u00e4n menness\u00e4 parhain suoritus, mihin joukkue on ylt\u00e4nyt koko olemassaoloaikanaan ja viel\u00e4p\u00e4 ilman varsinaista valmentajaa.<\/p>\n<p>Joukkue kiitt\u00e4\u00e4 etenkin Lauri Kiuttua ja kaikkia muita taustahenkil\u00f6it\u00e4 kaudella saamastaan tuesta ja toivottaa hyv\u00e4\u00e4 kev\u00e4tt\u00e4 ja l\u00e4mmint\u00e4 kes\u00e4\u00e4 kaikille.<\/p>\n","protected":false},"excerpt":{"rendered":"<p>Naiset 1 (2-sarja) kaudella 2008-2009 Harjoitusvuorot Kirkonkyl\u00e4n koululla Keskiviikkoisin klo 19:30-21:00 1\/2 salia Perjantaisin klo 19:00-20:30 A-tytt\u00f6jen kanssa (1\/2 salia 0,5 h ja koko sali 1 h) Organisaatio Harjoitus-\/pelivalmentajat: Lauri Kiuttu, Sampo Saukkoriipi, Jani J\u00e4rvinen ja Terho Korkiakoski Joukkuejohtaja ja vararahastonhoitaja: Leena Kuukasj\u00e4rvi, puh. 050-305 1043 leenakuukasjarvi[at]oulunsalonvasama.fi Varajoukkuejohtaja ja puffettivastaava: Satu Kanniainen, puh. 050-373 1515 &#8230; <a title=\"Naiset 1\" class=\"read-more\" href=\"https:\/\/www.oulunsalonvasama.fi\/lentopallo\/edelliset-kaudet\/kausi-2008-2009\/naiset_1\/\" aria-label=\"Lue lis\u00e4\u00e4 aiheesta Naiset 1\">Lue lis\u00e4\u00e4<\/a><\/p>\n","protected":false},"author":1,"featured_media":0,"parent":208,"menu_order":27,"comment_status":"open","ping_status":"open","template":"","meta":{"footnotes":"","_links_to":"","_links_to_target":""},"class_list":["post-193","page","type-page","status-publish"],"_links":{"self":[{"href":"https:\/\/www.oulunsalonvasama.fi\/lentopallo\/wp-json\/wp\/v2\/pages\/193","targetHints":{"allow":["GET"]}}],"collection":[{"href":"https:\/\/www.oulunsalonvasama.fi\/lentopallo\/wp-json\/wp\/v2\/pages"}],"about":[{"href":"https:\/\/www.oulunsalonvasama.fi\/lentopallo\/wp-json\/wp\/v2\/types\/page"}],"author":[{"embeddable":true,"href":"https:\/\/www.oulunsalonvasama.fi\/lentopallo\/wp-json\/wp\/v2\/users\/1"}],"replies":[{"embeddable":true,"href":"https:\/\/www.oulunsalonvasama.fi\/lentopallo\/wp-json\/wp\/v2\/comments?post=193"}],"version-history":[{"count":3,"href":"https:\/\/www.oulunsalonvasama.fi\/lentopallo\/wp-json\/wp\/v2\/pages\/193\/revisions"}],"predecessor-version":[{"id":2095,"href":"https:\/\/www.oulunsalonvasama.fi\/lentopallo\/wp-json\/wp\/v2\/pages\/193\/revisions\/2095"}],"up":[{"embeddable":true,"href":"https:\/\/www.oulunsalonvasama.fi\/lentopallo\/wp-json\/wp\/v2\/pages\/208"}],"wp:attachment":[{"href":"https:\/\/www.oulunsalonvasama.fi\/lentopallo\/wp-json\/wp\/v2\/media?parent=193"}],"curies":[{"name":"wp","href":"https:\/\/api.w.org\/{rel}","templated":true}]}}