{"id":1913,"date":"2010-07-17T06:32:53","date_gmt":"2010-07-17T06:32:53","guid":{"rendered":"http:\/\/www.oulunsalonvasama.fi\/lentopallo\/?page_id=1913"},"modified":"2019-07-31T09:23:47","modified_gmt":"2019-07-31T09:23:47","slug":"kausi-2009-2010","status":"publish","type":"page","link":"https:\/\/www.oulunsalonvasama.fi\/lentopallo\/edelliset-kaudet\/kausi-2009-2010\/","title":{"rendered":"Kausi 2009-2010"},"content":{"rendered":"<h1>Kausi 2009-2010<\/h1>\n<p><strong>S\u00e4hk\u00f6postiosoitteet ovat muotoa<\/strong><br \/>\n<span style=\"text-decoration: underline;\"> EtunimiSukunimi@oulunsalonvasama.fi<\/span><\/p>\n<p>(\u00e4:n tilalla a ja \u00f6:n tilalla o)<\/p>\n<p><strong>Naiset 1 (1-sarja)<\/strong><br \/>\nJarkko Alasaarela, 040-8226545, valmentaja<br \/>\nRisto Kylm\u00e4aho, 040-7099168, joukkueenjohtaja<br \/>\nJari Palosaari, 040-8402354, varajoukkueenjohtaja<\/p>\n<p><strong>Naiset 2 (2-sarja) , mukana A\/B-tytt\u00f6j\u00e4<\/strong><br \/>\nSaara Kittil\u00e4, 040-8396725, joukkueenjohtaja<br \/>\nLeena Kuukasj\u00e4rvi, 050-3051043, varajoukkueenjohtaja<br \/>\nMatti Rajala, 050-3279486, valmentaja<\/p>\n<p><strong>Naiset 100 (2-sarja)<\/strong><br \/>\nLeila Raitanen, 0405592803<\/p>\n<p><strong>A-tyt\u00f6t<\/strong><br \/>\nEero Heikkinen,046-6657905, valmentaja<br \/>\nJuuso Lepp\u00e4nen, 050-4019499, valmentaja<br \/>\nJuha Riipi, 040-4145927, joukkueenjohtaja<br \/>\nP\u00e4ivi V\u00e4\u00e4n\u00e4nen,040-8435210,rahastonhoitaja<\/p>\n<p><strong>B-tyt\u00f6t 93<\/strong><br \/>\nJarkko Alasaarela, 040-8226545, valmentaja<br \/>\nRisto Kylm\u00e4aho, 040-7099168, joukkueenjohtaja<br \/>\nJari Palosaari, 040-8402354, varajoukkueenjohtaja<\/p>\n<p><strong>B-tyt\u00f6t 94,95<\/strong><br \/>\nKari Sepp\u00e4, 050-3886998, valmentaja<br \/>\nJarmo Apell, 040-5733285, joukkueenjohtaja ja apuvalmentaja<\/p>\n<p><strong>C-tyt\u00f6t 96<\/strong><br \/>\nJari-Pekka Rontu, 040-7303450<br \/>\nReijo Sarpola, 040-7700370<\/p>\n<p><strong>C-tyt\u00f6t<\/strong><br \/>\nSatu Heikkinen, 044-3216547, joukkueenjohtaja<\/p>\n<p><strong>D-tyt\u00f6t 97,98<\/strong><br \/>\nMikko Pietil\u00e4, 050-5369702, valmentaja<br \/>\nJaakko Tarakkam\u00e4ki, 044-5523236, valmentaja<br \/>\nJouni Kaksonen, 044-7355441, valmentaja<br \/>\nJuha Jokitulppo, 040-7041543, joukkueenjohtaja -97<br \/>\nAntti Silvamaa, 040-7564189, joukkueenjohtaja -98<\/p>\n<p><strong>E-tyt\u00f6t 00<\/strong><br \/>\nJari Longi, 040-5021734, valmentaja<br \/>\nTapio Helanen, 0400-440092, joukkueenjohtaja<\/p>\n<p><strong>Miehet 1<\/strong><br \/>\nMika Rajala, 050-5651823<\/p>\n<p><strong>Miehet 2<\/strong><br \/>\nMatti Rajala, 050-3279486<\/p>\n<p><strong>A-pojat <\/strong><br \/>\nMika Rajala, 050-5651823<br \/>\nTimo Marttila, 050-5988194<\/p>\n<p><strong>B-pojat<\/strong><br \/>\nJorma Rajala, 050-5126170, valmentaja<br \/>\nKaija Rahkola, 050-3206543, joukkueenjohtaja<br \/>\nRiitta Latvala, 040-5771199, rahastonhoitaja<\/p>\n<p><strong>C-pojat<\/strong><br \/>\nJuha Haapakoski, 040-5558736, valmentaja<br \/>\nHannu Sassali, 044-5692909, rahastonhoitaja<\/p>\n<p><strong>E-pojat<\/strong><br \/>\nJorma Rajala, 050-5126170, valmentaja<br \/>\nJaana Jokitulppo, 050-5337781, joukkueenjohtaja<\/p>\n","protected":false},"excerpt":{"rendered":"<p>Kausi 2009-2010 S\u00e4hk\u00f6postiosoitteet ovat muotoa EtunimiSukunimi@oulunsalonvasama.fi (\u00e4:n tilalla a ja \u00f6:n tilalla o) Naiset 1 (1-sarja) Jarkko Alasaarela, 040-8226545, valmentaja Risto Kylm\u00e4aho, 040-7099168, joukkueenjohtaja Jari Palosaari, 040-8402354, varajoukkueenjohtaja Naiset 2 (2-sarja) , mukana A\/B-tytt\u00f6j\u00e4 Saara Kittil\u00e4, 040-8396725, joukkueenjohtaja Leena Kuukasj\u00e4rvi, 050-3051043, varajoukkueenjohtaja Matti Rajala, 050-3279486, valmentaja Naiset 100 (2-sarja) Leila Raitanen, 0405592803 A-tyt\u00f6t Eero Heikkinen,046-6657905, &#8230; <a title=\"Kausi 2009-2010\" class=\"read-more\" href=\"https:\/\/www.oulunsalonvasama.fi\/lentopallo\/edelliset-kaudet\/kausi-2009-2010\/\" aria-label=\"Lue lis\u00e4\u00e4 aiheesta Kausi 2009-2010\">Lue lis\u00e4\u00e4<\/a><\/p>\n","protected":false},"author":1,"featured_media":0,"parent":2069,"menu_order":19,"comment_status":"closed","ping_status":"open","template":"","meta":{"footnotes":"","_links_to":"","_links_to_target":""},"class_list":["post-1913","page","type-page","status-publish"],"_links":{"self":[{"href":"https:\/\/www.oulunsalonvasama.fi\/lentopallo\/wp-json\/wp\/v2\/pages\/1913","targetHints":{"allow":["GET"]}}],"collection":[{"href":"https:\/\/www.oulunsalonvasama.fi\/lentopallo\/wp-json\/wp\/v2\/pages"}],"about":[{"href":"https:\/\/www.oulunsalonvasama.fi\/lentopallo\/wp-json\/wp\/v2\/types\/page"}],"author":[{"embeddable":true,"href":"https:\/\/www.oulunsalonvasama.fi\/lentopallo\/wp-json\/wp\/v2\/users\/1"}],"replies":[{"embeddable":true,"href":"https:\/\/www.oulunsalonvasama.fi\/lentopallo\/wp-json\/wp\/v2\/comments?post=1913"}],"version-history":[{"count":8,"href":"https:\/\/www.oulunsalonvasama.fi\/lentopallo\/wp-json\/wp\/v2\/pages\/1913\/revisions"}],"predecessor-version":[{"id":2071,"href":"https:\/\/www.oulunsalonvasama.fi\/lentopallo\/wp-json\/wp\/v2\/pages\/1913\/revisions\/2071"}],"up":[{"embeddable":true,"href":"https:\/\/www.oulunsalonvasama.fi\/lentopallo\/wp-json\/wp\/v2\/pages\/2069"}],"wp:attachment":[{"href":"https:\/\/www.oulunsalonvasama.fi\/lentopallo\/wp-json\/wp\/v2\/media?parent=1913"}],"curies":[{"name":"wp","href":"https:\/\/api.w.org\/{rel}","templated":true}]}}