{"id":178,"date":"2008-09-19T21:02:12","date_gmt":"2008-09-19T21:02:12","guid":{"rendered":""},"modified":"2019-07-31T09:25:45","modified_gmt":"2019-07-31T09:25:45","slug":"kausi-2006-2007","status":"publish","type":"page","link":"https:\/\/www.oulunsalonvasama.fi\/lentopallo\/edelliset-kaudet\/kausi-2006-2007\/","title":{"rendered":"Kausi 2006-2007"},"content":{"rendered":"<h1>Joukkueet<\/h1>\n<h2>Kausi 2006-2007<\/h2>\n<p><b>Joukkueet <\/b> ja <b>harjoitusvuorot <\/b> kaudella 2006-2007<\/p>\n<p>Kaudella 2006-2007 sarjoissa pelaa yhteens\u00e4 <b>yli 20 joukkuetta<\/b>:<\/p>\n<p><b>Miehet 1<\/b> &#8212; 3-sarja<br \/>\n<b>Miehet 2 (A-B-pojat) <\/b> &#8212; 3-sarja<br \/>\n<b>Miehet 3 <\/b> &#8212; harrasteryhm\u00e4<\/p>\n<p><b>Miehet M40 <\/b> &#8212; SM-sarja<\/p>\n<p><b>B-pojat 1<\/b> (synt. 1990-) &#8212; AM-sarja syksy 2006, SM-sarja kev\u00e4t 2007<br \/>\n<b>B-pojat 2<\/b> (synt. 1991-) &#8212; AM-sarja syksy 2006, SM-sarja kev\u00e4t 2007<\/p>\n<p><b>D-pojat 1<\/b> (synt. 1994-) &#8212; Aluesarja syksy 2006, AM-sarja kev\u00e4t 2007<\/p>\n<p><b>D-pojat 2 <\/b> (synt. 1994-) &#8212; Aluesarja syksy 2006, AM-sarja kev\u00e4t 2007<\/p>\n<p><b>E-pojat 1 <\/b> (synt. 1996-) &#8212; Tiikerisarja syksy 2006, Tiikerisarja kev\u00e4t 2007<br \/>\n<b>E-pojat 2<\/b> (synt. 1996-) &#8212; Tiikerisarja kev\u00e4t 2007<br \/>\n<b>F-pojat <\/b> (synt. 1998-) &#8212; Aluesarja syksy 2006, AM-sarja kev\u00e4t 2007<\/p>\n<p><b>Naiset 1 <\/b> &#8212; 2-sarja<br \/>\n<b>Naiset 100 <\/b> &#8212; harrasteryhm\u00e4<\/p>\n<p><b>A-tyt\u00f6t <\/b> (synt. 1987-) &#8212; harjoitukset<br \/>\n<b>B-tyt\u00f6t 90 <\/b> (synt. 1990-) &#8212; AM-sarja syksy 2006, SM-sarja kev\u00e4t 2007<\/p>\n<p><b>B-tyt\u00f6t 91 <\/b> (synt. 1991-) &#8212; AM-sarja syksy 2006, Supersarja kev\u00e4t 2007<br \/>\n<b>B-tyt\u00f6t 92 <\/b> (synt. 1992-) &#8212; AM-sarja syksy 2006, Supersarja kev\u00e4t 2007<br \/>\n<b>B-tyt\u00f6t 93 <\/b> (synt. 1993-) &#8212; AM-sarja syksy 2006<\/p>\n<p><b>C-tyt\u00f6t 92 <\/b> (synt. 1992-) &#8212; AM-sarja syksy 2006, SM-sarja kev\u00e4t 2007<\/p>\n<p><b>C-tyt\u00f6t 93 <\/b> (synt. 1993-) &#8212; AM-sarja syksy 2006, SM-sarja kev\u00e4t 2007<br \/>\n<b>C-tyt\u00f6t 93\/2 <\/b> (synt. 1992-93) &#8212; Supersarja syksy 2006, Supersarja kev\u00e4t 2007<\/p>\n<p><b>D-tyt\u00f6t 1 <\/b> (synt 1994) &#8212; Aluesarja syksy 2006, AM-sarja kev\u00e4t 2007<br \/>\n<b>D-tyt\u00f6t 2 <\/b> (synt 1994-) &#8212; Aluesarja syksy 2006, AM-sarja kev\u00e4t 2007<\/p>\n<p><b>E-tyt\u00f6t 1<\/b> (synt 1996-) &#8212; Tiikerisarja syksy 2006, Tiikerisarja kev\u00e4t 2007<br \/>\n<b>E-tyt\u00f6t 2 <\/b> (synt 1997-) &#8212; Tiikerisarja syksy 2006, Tiikerisarja kev\u00e4t 2007<br \/>\n<b>E-tyt\u00f6t 3 <\/b> (synt 1996-) &#8212; Tiikerisarja kev\u00e4t 2007<br \/>\n<b>F-tyt\u00f6t <\/b> (synt 1998-) &#8212; pallokerho<\/p>\n<p><b><u>Liikuntakerhot \/ Liikuntaleikkikoulut: <\/u><\/b><\/p>\n<p><b>F-tyt\u00f6t PALLOKERHO<\/b> (synt. 1998-)<\/p>\n","protected":false},"excerpt":{"rendered":"<p>Joukkueet Kausi 2006-2007 Joukkueet ja harjoitusvuorot kaudella 2006-2007 Kaudella 2006-2007 sarjoissa pelaa yhteens\u00e4 yli 20 joukkuetta: Miehet 1 &#8212; 3-sarja Miehet 2 (A-B-pojat) &#8212; 3-sarja Miehet 3 &#8212; harrasteryhm\u00e4 Miehet M40 &#8212; SM-sarja B-pojat 1 (synt. 1990-) &#8212; AM-sarja syksy 2006, SM-sarja kev\u00e4t 2007 B-pojat 2 (synt. 1991-) &#8212; AM-sarja syksy 2006, SM-sarja kev\u00e4t 2007 &#8230; <a title=\"Kausi 2006-2007\" class=\"read-more\" href=\"https:\/\/www.oulunsalonvasama.fi\/lentopallo\/edelliset-kaudet\/kausi-2006-2007\/\" aria-label=\"Lue lis\u00e4\u00e4 aiheesta Kausi 2006-2007\">Lue lis\u00e4\u00e4<\/a><\/p>\n","protected":false},"author":1,"featured_media":0,"parent":2069,"menu_order":22,"comment_status":"open","ping_status":"open","template":"","meta":{"footnotes":"","_links_to":"","_links_to_target":""},"class_list":["post-178","page","type-page","status-publish"],"_links":{"self":[{"href":"https:\/\/www.oulunsalonvasama.fi\/lentopallo\/wp-json\/wp\/v2\/pages\/178","targetHints":{"allow":["GET"]}}],"collection":[{"href":"https:\/\/www.oulunsalonvasama.fi\/lentopallo\/wp-json\/wp\/v2\/pages"}],"about":[{"href":"https:\/\/www.oulunsalonvasama.fi\/lentopallo\/wp-json\/wp\/v2\/types\/page"}],"author":[{"embeddable":true,"href":"https:\/\/www.oulunsalonvasama.fi\/lentopallo\/wp-json\/wp\/v2\/users\/1"}],"replies":[{"embeddable":true,"href":"https:\/\/www.oulunsalonvasama.fi\/lentopallo\/wp-json\/wp\/v2\/comments?post=178"}],"version-history":[{"count":4,"href":"https:\/\/www.oulunsalonvasama.fi\/lentopallo\/wp-json\/wp\/v2\/pages\/178\/revisions"}],"predecessor-version":[{"id":8448,"href":"https:\/\/www.oulunsalonvasama.fi\/lentopallo\/wp-json\/wp\/v2\/pages\/178\/revisions\/8448"}],"up":[{"embeddable":true,"href":"https:\/\/www.oulunsalonvasama.fi\/lentopallo\/wp-json\/wp\/v2\/pages\/2069"}],"wp:attachment":[{"href":"https:\/\/www.oulunsalonvasama.fi\/lentopallo\/wp-json\/wp\/v2\/media?parent=178"}],"curies":[{"name":"wp","href":"https:\/\/api.w.org\/{rel}","templated":true}]}}