{"id":167,"date":"2008-08-29T15:22:19","date_gmt":"2008-08-29T15:22:19","guid":{"rendered":""},"modified":"2010-08-15T10:52:38","modified_gmt":"2010-08-15T10:52:38","slug":"naiset_1","status":"publish","type":"page","link":"https:\/\/www.oulunsalonvasama.fi\/lentopallo\/edelliset-kaudet\/kausi-2007-2008\/naiset_1\/","title":{"rendered":"Naiset 1"},"content":{"rendered":"<h1><b>Naiset 1 (2-sarja) kaudella 2007-2008<\/h1>\n<p><\/b><\/p>\n<p><i><br \/>\n<FONT COLOR=\"green\"><big><b><br \/>\nRauhallista Joulua ja Menestyksellist\u00e4<br \/>\n<br \/>\nUutta Vuotta 2008!<br \/>\n<br \/>\n<img decoding=\"async\" src=\"\/lentopallo\/tiedostot\/N1_Pikkujoulukuva_2007.jpg \" border=\"2\" alt=\"Rauhallista Joulua ja Menestyksellist\u00e4 Uutta Vuotta 2008!\"><br \/>\n<br \/>\nToivottaa OsVan Naisten 1-joukkue<\/b><\/big><br \/>\n<FONT COLOR=\"black\"><br \/>\n<\/i><\/p>\n<p><h2>Harjoitusvuorot Kirkonkyl\u00e4n koululla<\/h2>\n<p>\nTiistaisin klo 20:00-21:30  1\/2 salia<br \/>\nPerjantaisin klo 19:00-20:30 koko sali A- ja B-tytt\u00f6jen kanssa\n<\/p>\n<h2>Vastuuhenkil\u00f6t<\/h2>\n<p>\nValmentaja<br \/>\nPentti Lappalainen<\/p>\n<p>Joukkueenjohtaja, Nettivastaava<br \/>\nAnne Sorjanen, puh. 040 549 3894<\/p>\n<p>Varajoukkueenjohtaja, Vararah.hoit.<br \/>\nLeena Kuukasj\u00e4rvi, puh. 050 305 1043<\/p>\n<p>Rahastonhoitaja<br \/>\nSaara Kittil\u00e4, puh. 040 839 3720<\/p>\n<p><i><br \/>\nYll\u00e4 oleville vastuuhenkil\u00f6ille s\u00e4hk\u00f6postiosoite muotoa etunimisukunimi[at]oulunsalonvasama.fi<\/i><\/p>\n<p>Talkoovastaava<br \/>\nTytti Hakkarainen<\/p>\n<p>Tiedostusvastaavat<br \/>\nMervi Saukkoriipi &#038; Leena Kuukasj\u00e4rvi<\/p>\n<p><img decoding=\"async\" src=\"\/lentopallo\/tiedostot\/N1_joukkue_2007.jpg\" border=\"2\"><\/p>\n<p style=\"margin-bottom: -1\"><b><font face=\"Times New Roman\" size=\"3\">Pelaajat<\/font><\/b><\/p>\n<table border=\"0\" cellpadding=\"0\" cellspacing=\"0\" style=\"border-collapse: collapse\" bordercolor=\"#111111\" width=\"442\" id=\"AutoNumber1\" height=\"283\">\n<tr>\n<td width=\"86\" height=\"17\">\n<p align=\"center\"><font face=\"Times New Roman\" size=\"3\"><b>Nro<\/b><\/font><\/td>\n<td width=\"252\" height=\"17\"><font face=\"Times New Roman\" size=\"3\"><b>Nimi<\/b><\/font><\/td>\n<td width=\"166\" height=\"17\">\n<p align=\"center\"><font face=\"Times New Roman\"size=\"3\"><b>Synt.vuosi<\/b><\/font><\/td>\n<td width=\"136\" height=\"17\">\n<p align=\"center\"><font face=\"Times New Roman\" size=\"3\"><b>Pituus<\/b><\/font><\/td>\n<td width=\"116\" height=\"17\"><font face=\"Times New Roman\" size=\"3\"><b>Rooli<\/b><\/font><\/td>\n<\/tr>\n<tr>\n<td width=\"86\" align=\"center\" height=\"19\">\n    <font face=\"Times New Roman\" size=\"3\">1<\/font><\/td>\n<td width=\"252\" height=\"19\"><font face=\"Times New Roman\" size=\"3\">Saara Kittil\u00e4<\/font><\/td>\n<td width=\"166\" align=\"center\" height=\"19\">\n    <font face=\"Times New Roman\" size=\"3\">1966<\/font><\/td>\n<td width=\"136\" align=\"center\" height=\"19\">\n    <font face=\"Times New Roman\" size=\"3\">164<\/font><\/td>\n<td width=\"116\" height=\"19\"><font face=\"Times New Roman\" size=\"3\">Yleispelaaja<\/font><\/td>\n<\/tr>\n<tr>\n<td width=\"86\" align=\"center\" height=\"19\">\n    <font face=\"Times New Roman\" size=\"3\">2<\/font><\/td>\n<td width=\"252\" height=\"19\"><font face=\"Times New Roman\" size=\"3\">Anni Rytinki<\/font><\/td>\n<td width=\"166\" align=\"center\" height=\"19\">\n    <font face=\"Times New Roman\" size=\"3\">1991<\/font><\/td>\n<td width=\"136\" align=\"center\" height=\"19\">\n    <font face=\"Times New Roman\" size=\"3\">169<\/font><\/td>\n<td width=\"116\" height=\"19\"><font face=\"Times New Roman\" size=\"3\">Keskitorjuja<\/font><\/td>\n<\/tr>\n<tr>\n<td width=\"86\" align=\"center\" height=\"19\">\n    <font face=\"Times New Roman\" size=\"3\">3<\/font><\/td>\n<td width=\"252\" height=\"19\"><font face=\"Times New Roman\" size=\"3\">Jaana Saarij\u00e4rvi<\/font><\/td>\n<td width=\"166\" align=\"center\" height=\"19\">\n<p>    <font face=\"Times New Roman\" size=\"3\">1991<\/font><\/td>\n<td width=\"136\" align=\"center\" height=\"19\">\n    <font face=\"Times New Roman\" size=\"3\">172<\/font><\/td>\n<td width=\"116\" height=\"19\"><font face=\"Times New Roman\" size=\"3\">Yleispelaaja<\/font><\/td>\n<\/tr>\n<tr>\n<td width=\"86\" align=\"center\" height=\"19\">\n<p>    <font face=\"Times New Roman\" size=\"3\">4<\/font><\/td>\n<td width=\"252\" height=\"19\"><font face=\"Times New Roman\" size=\"3\">Mervi Saukkoriipi<\/font><\/td>\n<td width=\"166\" align=\"center\" height=\"19\">\n    <font face=\"Times New Roman\" size=\"3\">1966<\/font><\/td>\n<td width=\"136\" align=\"center\" height=\"19\">\n    <font face=\"Times New Roman\" size=\"3\">164<\/font><\/td>\n<td width=\"116\" height=\"19\"><font face=\"Times New Roman\" size=\"3\">Passari<\/font><\/td>\n<\/tr>\n<tr>\n<td width=\"86\" align=\"center\" height=\"19\">\n    <font face=\"Times New Roman\" size=\"3\">5<\/font><\/td>\n<td width=\"252\" height=\"19\"><font face=\"Times New Roman\" size=\"3\">Anne Sorjanen<\/font><\/td>\n<td width=\"166\" align=\"center\" height=\"19\">\n    <font face=\"Times New Roman\" size=\"3\">1977<\/font><\/td>\n<td width=\"136\" align=\"center\" height=\"19\">\n    <font face=\"Times New Roman\" size=\"3\">177<\/font><\/td>\n<td width=\"125\" height=\"19\"><font face=\"Times New Roman\" size=\"3\">Keskitorjuja, C<\/font><\/td>\n<\/tr>\n<tr>\n<td width=\"86\" align=\"center\" height=\"19\">\n    <font face=\"Times New Roman\" size=\"3\">7<\/font><\/td>\n<td width=\"252\" height=\"19\"><font face=\"Times New Roman\" size=\"3\">Asta Kinnunen<\/font><\/td>\n<td width=\"166\" align=\"center\" height=\"19\">\n    <font face=\"Times New Roman\" size=\"3\">1975<\/font><\/td>\n<td width=\"136\" align=\"center\" height=\"19\">\n    <font face=\"Times New Roman\" size=\"3\">168<\/font><\/td>\n<td width=\"116\" height=\"19\"><font face=\"Times New Roman\" size=\"3\">Passari<\/font><\/td>\n<\/tr>\n<tr>\n<td width=\"86\" align=\"center\" height=\"19\">\n    <font face=\"Times New Roman\" size=\"3\">8<\/font><\/td>\n<td width=\"252\" height=\"19\"><font face=\"Times New Roman\" size=\"3\">Sallamari Saarij\u00e4rvi<\/font><\/td>\n<td width=\"166\" align=\"center\" height=\"19\">\n    <font face=\"Times New Roman\" size=\"3\">1988<\/font><\/td>\n<td width=\"136\" align=\"center\" height=\"19\">\n<p>    <font face=\"Times New Roman\" size=\"3\">172<\/font><\/td>\n<td width=\"116\" height=\"19\"><font face=\"Times New Roman\" size=\"3\">Keskitorjuja<\/font><\/td>\n<\/tr>\n<tr>\n<td width=\"86\" align=\"center\" height=\"19\">\n    <font face=\"Times New Roman\" size=\"3\">9<\/font><\/td>\n<td width=\"252\" height=\"19\"><font face=\"Times New Roman\" size=\"3\">Satu Kanniainen<\/font><\/td>\n<td width=\"166\" align=\"center\" height=\"19\">\n    <font face=\"Times New Roman\" size=\"3\">1975<\/font><\/td>\n<td width=\"136\" align=\"center\" height=\"19\">\n    <font face=\"Times New Roman\" size=\"3\">164<\/font><\/td>\n<td width=\"116\" height=\"19\"><font face=\"Times New Roman\" size=\"3\">Hakkuri<\/font><\/td>\n<\/tr>\n<tr>\n<td width=\"86\" align=\"center\" height=\"19\">\n    <font face=\"Times New Roman\" size=\"3\">10<\/font><\/td>\n<td width=\"252\" height=\"19\"><font face=\"Times New Roman\" size=\"3\">Aino Sihvonen<\/font><\/td>\n<td width=\"166\" align=\"center\" height=\"19\">\n    <font face=\"Times New Roman\" size=\"3\">1989<\/font><\/td>\n<td width=\"136\" align=\"center\" height=\"19\">\n    <font face=\"Times New Roman\" size=\"3\">172<\/font><\/td>\n<td width=\"116\" height=\"19\"><font face=\"Times New Roman\" size=\"3\">Yleispelaaja<\/font><\/td>\n<\/tr>\n<tr>\n<td width=\"86\" align=\"center\" height=\"19\">\n    <font face=\"Times New Roman\" size=\"3\">11<\/font><\/td>\n<td width=\"252\" height=\"19\"><font face=\"Times New Roman\" size=\"3\">Tytti Hakkarainen<\/font><\/td>\n<td width=\"166\" align=\"center\" height=\"19\">\n<p>    <font face=\"Times New Roman\" size=\"3\">1982<\/font><\/td>\n<td width=\"136\" align=\"center\" height=\"19\">\n    <font face=\"Times New Roman\" size=\"3\">172<\/font><\/td>\n<td width=\"116\" height=\"19\"><font face=\"Times New Roman\" size=\"3\">Yleispelaaja<\/font><\/td>\n<\/tr>\n<tr>\n<td width=\"86\" align=\"center\" height=\"19\">\n<p>    <font face=\"Times New Roman\" size=\"3\">12<\/font><\/td>\n<td width=\"252\" height=\"19\"><font face=\"Times New Roman\" size=\"3\">Satu K\u00e4rn\u00e4<\/font><\/td>\n<td width=\"166\" align=\"center\" height=\"19\">\n    <font face=\"Times New Roman\" size=\"3\">1978<\/font><\/td>\n<td width=\"136\" align=\"center\" height=\"19\">\n    <font face=\"Times New Roman\" size=\"3\">168<\/font><\/td>\n<td width=\"116\" height=\"19\"><font face=\"Times New Roman\" size=\"3\">Yleispelaaja<\/font><\/td>\n<\/tr>\n<tr>\n<td width=\"86\" align=\"center\" height=\"19\">\n    <font face=\"Times New Roman\" size=\"3\">13<\/font><\/td>\n<td width=\"252\" height=\"19\"><font face=\"Times New Roman\" size=\"3\">Suvi Sihvonen<\/font><\/td>\n<td width=\"166\" align=\"center\" height=\"19\">\n    <font face=\"Times New Roman\" size=\"3\">1990<\/font><\/td>\n<td width=\"136\" align=\"center\" height=\"19\">\n    <font face=\"Times New Roman\" size=\"3\">176<\/font><\/td>\n<td width=\"116\" height=\"19\"><font face=\"Times New Roman\" size=\"3\">Keskitorjuja<\/font><\/td>\n<\/tr>\n<tr>\n<td width=\"86\" align=\"center\" height=\"19\">\n    <font face=\"Times New Roman\" size=\"3\">14<\/font><\/td>\n<td width=\"252\" height=\"19\"><font face=\"Times New Roman\" size=\"3\">Leena Kuukasj\u00e4rvi<\/font><\/td>\n<td width=\"166\" align=\"center\" height=\"19\">\n    <font face=\"Times New Roman\" size=\"3\">1976<\/font><\/td>\n<td width=\"136\" align=\"center\" height=\"19\">\n    <font face=\"Times New Roman\" size=\"3\">172<\/font><\/td>\n<td width=\"116\" height=\"19\"><font face=\"Times New Roman\" size=\"3\">Passari<\/font><\/td>\n<\/tr>\n<tr>\n<td width=\"86\" align=\"center\" height=\"19\">\n    <font face=\"Times New Roman\" size=\"3\">20<\/font><\/td>\n<td width=\"252\" height=\"19\"><font face=\"Times New Roman\" size=\"3\">Maria Uusitalo<\/font><\/td>\n<td width=\"166\" align=\"center\" height=\"19\">\n    <font face=\"Times New Roman\" size=\"3\">1971<\/font><\/td>\n<td width=\"136\" align=\"center\" height=\"19\">\n<p>    <font face=\"Times New Roman\" size=\"3\">165<\/font><\/td>\n<td width=\"116\" height=\"19\"><font face=\"Times New Roman\" size=\"3\">Libero<\/font><\/td>\n<\/tr>\n<\/table>\n<h2>Kauden 2007-2008 sijoitus<\/h2>\n<p>\nJoukkue sijoittui lohkossaan hienosti toiseksi, mutta valitettavasti vain lohkoykk\u00f6set p\u00e4\u00e4siv\u00e4t pelaamaan nousukarsintoja. Sijoitus oli t\u00e4h\u00e4n menness\u00e4 parhain, mihin joukkue on ylt\u00e4nyt koko olemassaoloaikanaan.\n<\/p>\n<p><p>\n<a href=\"http:\/\/80.248.243.182\/ccsport\/reports\/dblento1\/tp_4.htm\" target=_blank>SARJATAULUKKO NAISTEN 2-SARJA LOHKO-1 2007<\/A><\/p>\n<p><b>Sponsorit kaudella 2007-2008:<\/b>\n<\/p>\n<table width=\"45%\" border=\"0\">\n<tr>\n<td><a href=\"http:\/\/www.lakeudenkatsastus.fi\/oulu\/konetie.htm\"><img loading=\"lazy\" decoding=\"async\" src=\"\/lentopallo\/tiedostot\/2006_N1_Logo_KonetienKatsastus.gif\" width=\"92\" height=\"91\" border=\"0\"><\/a><\/td>\n<\/tr>\n<\/table>\n","protected":false},"excerpt":{"rendered":"<p>Naiset 1 (2-sarja) kaudella 2007-2008 Rauhallista Joulua ja Menestyksellist\u00e4 Uutta Vuotta 2008! Toivottaa OsVan Naisten 1-joukkue Harjoitusvuorot Kirkonkyl\u00e4n koululla Tiistaisin klo 20:00-21:30 1\/2 salia Perjantaisin klo 19:00-20:30 koko sali A- ja B-tytt\u00f6jen kanssa Vastuuhenkil\u00f6t Valmentaja Pentti Lappalainen Joukkueenjohtaja, Nettivastaava Anne Sorjanen, puh. 040 549 3894 Varajoukkueenjohtaja, Vararah.hoit. Leena Kuukasj\u00e4rvi, puh. 050 305 1043 Rahastonhoitaja Saara &#8230; <a title=\"Naiset 1\" class=\"read-more\" href=\"https:\/\/www.oulunsalonvasama.fi\/lentopallo\/edelliset-kaudet\/kausi-2007-2008\/naiset_1\/\" aria-label=\"Lue lis\u00e4\u00e4 aiheesta Naiset 1\">Lue lis\u00e4\u00e4<\/a><\/p>\n","protected":false},"author":1,"featured_media":0,"parent":181,"menu_order":10,"comment_status":"open","ping_status":"open","template":"","meta":{"footnotes":"","_links_to":"","_links_to_target":""},"class_list":["post-167","page","type-page","status-publish"],"_links":{"self":[{"href":"https:\/\/www.oulunsalonvasama.fi\/lentopallo\/wp-json\/wp\/v2\/pages\/167","targetHints":{"allow":["GET"]}}],"collection":[{"href":"https:\/\/www.oulunsalonvasama.fi\/lentopallo\/wp-json\/wp\/v2\/pages"}],"about":[{"href":"https:\/\/www.oulunsalonvasama.fi\/lentopallo\/wp-json\/wp\/v2\/types\/page"}],"author":[{"embeddable":true,"href":"https:\/\/www.oulunsalonvasama.fi\/lentopallo\/wp-json\/wp\/v2\/users\/1"}],"replies":[{"embeddable":true,"href":"https:\/\/www.oulunsalonvasama.fi\/lentopallo\/wp-json\/wp\/v2\/comments?post=167"}],"version-history":[{"count":3,"href":"https:\/\/www.oulunsalonvasama.fi\/lentopallo\/wp-json\/wp\/v2\/pages\/167\/revisions"}],"predecessor-version":[{"id":2102,"href":"https:\/\/www.oulunsalonvasama.fi\/lentopallo\/wp-json\/wp\/v2\/pages\/167\/revisions\/2102"}],"up":[{"embeddable":true,"href":"https:\/\/www.oulunsalonvasama.fi\/lentopallo\/wp-json\/wp\/v2\/pages\/181"}],"wp:attachment":[{"href":"https:\/\/www.oulunsalonvasama.fi\/lentopallo\/wp-json\/wp\/v2\/media?parent=167"}],"curies":[{"name":"wp","href":"https:\/\/api.w.org\/{rel}","templated":true}]}}