{"id":154,"date":"2006-09-08T21:08:09","date_gmt":"2006-09-08T21:08:09","guid":{"rendered":""},"modified":"2019-07-31T09:26:05","modified_gmt":"2019-07-31T09:26:05","slug":"kausi-2005-2006","status":"publish","type":"page","link":"https:\/\/www.oulunsalonvasama.fi\/lentopallo\/edelliset-kaudet\/kausi-2005-2006\/","title":{"rendered":"Kausi 2005-2006"},"content":{"rendered":"<h1>Joukkueet<\/h1>\n<h2>Kausi 2005-2006<\/h2>\n<p>Kaudella 2005-2006 sarjoissa pelaa yhteens\u00e4 <b>28 joukkuetta<\/b>, joista 21 on juniorijoukkueita ja 7 aikuisjoukkueita. <b>F-poikien pallokerho<\/b> ei ole viel\u00e4 mukana sarjatoiminnassa.<\/p>\n<p><b>Miehet 1<\/b> &#8212; 3-sarja<br \/>\n<b>Miehet 2 <\/b> &#8212; 3-sarja<br \/>\n<b>Miehet 3 <\/b> &#8212; 4-sarja<\/p>\n<p><b>Miehet M40 <\/b> &#8212; SM-sarja<\/p>\n<p><b>A-pojat <\/b> (synt. 1986-) &#8212; SM-sarja<br \/>\n<b>B-pojat <\/b> (synt. 1989-) &#8212; AM-sarja syksy 2005, Supersarja kev\u00e4t 2006<br \/>\n<b>C-pojat <\/b> (synt. 1991-) &#8212; AM-sarja syksy 2005, Supersarja kev\u00e4t 2006<\/p>\n<p><b>D-pojat <\/b> (synt. 1993-) &#8212; Aluesarja syksy 2005, AM-sarja kev\u00e4t 2006<br \/>\n<b>E-pojat <\/b> (synt. 1995-) &#8212; Aluesarja syksy 2005, AM-sarja kev\u00e4t 2006<br \/>\n<b>F-pojat 1 <\/b> (synt. 1997-) &#8212; Aluesarja<br \/>\n<b>F-pojat 2 PALLOKERHO <\/b> (synt. 1998-)<\/p>\n<p><b>Naiset 1 <\/b> &#8212; 2-sarja<br \/>\n<b>Naiset 2 <\/b> &#8212; 2-sarja<br \/>\n<b>Naiset 3 <\/b> &#8212; 3-sarja<\/p>\n<p><b>A-tyt\u00f6t <\/b> (synt. 1986-) &#8212; Supersarja<\/p>\n<p><b>B-tyt\u00f6t 1 <\/b> (synt. 1989-) &#8212; AM-sarja syksy 2005, Supersarja kev\u00e4t 2006<br \/>\n<b>B-tyt\u00f6t 2 <\/b> (synt. 1991-) &#8212; Supersarja kev\u00e4t 2006<br \/>\n<b>C-tyt\u00f6t 1 <\/b> (synt. 1991) &#8212; AM-sarja syksy 2005, Supersarja kev\u00e4t 2006<br \/>\n<b>C-tyt\u00f6t 2 <\/b> (synt. 1992) &#8212; AM-sarja syksy 2005, Supersarja kev\u00e4t 2006<br \/>\n<b>C-tyt\u00f6t 3 <\/b> (synt. 1992) &#8212; AM-sarja syksy 2005, Supersarja kev\u00e4t 2006<\/p>\n<p><b>C-tyt\u00f6t 93<\/b> (synt. 1993) &#8212; AM-sarja syksy 2005, Supersarja kev\u00e4t 2006<br \/>\n<b>D-tyt\u00f6t 1 <\/b> (synt 1993) &#8212; Aluesarja syksy 2005, AM-sarja kev\u00e4t 2006<br \/>\n<b>D-tyt\u00f6t 2 <\/b> (synt 1993) &#8212; Aluesarja syksy 2005, AM-sarja kev\u00e4t 2006<br \/>\n<b>D-tyt\u00f6t 3 <\/b> (synt 1994) &#8212; Aluesarja syksy 2005, AM-sarja kev\u00e4t 2006<br \/>\n<b>D-tyt\u00f6t 4 <\/b> (synt 1994-) &#8212; Tiikerisarja<\/p>\n<p><b>E-tyt\u00f6t <\/b> (synt 1995-) &#8212; Tiikerisarja<br \/>\n<b>F-tyt\u00f6t 1 <\/b> (synt 1997-) &#8212; Aluesarja<br \/>\n<b>F-tyt\u00f6t 2 <\/b> (synt 1997-) &#8212; Aluesarja<br \/>\n<b>F-tyt\u00f6t 3 <\/b> (synt 1997-) &#8212; Aluesarja<\/p>\n<p>&nbsp;<\/p>\n<p><b><u>Liikuntakerhot \/ Liikuntaleikkikoulut: <\/u><\/b><\/p>\n<p><b>F-pojat 2 PALLOKERHO<\/b> (synt. 1998-)<\/p>\n<p><b><u>Beach Volley (kes\u00e4- ja hein\u00e4kuu): <\/u><\/b><\/p>\n<p>&#8211; tyt\u00f6t ja pojat kaikissa ik\u00e4luokissa, naiset ja miehet<\/p>\n<p>&#8211; harrastuspaikkoja Oulunsalossa:<br \/>\n. . Kisakankaan Beach Volley -stadion (6 kentt\u00e4\u00e4)<br \/>\n. . Papinj\u00e4rven uimarannan Beach Volley -kentt\u00e4<br \/>\n. . yksityiset kent\u00e4t<br \/>\n. . tulossa 3 kentt\u00e4\u00e4 Oulunsalon keskustan Urheilukeskuksen alueelle<\/p>\n<p>&#8211; Kisakankaalla j\u00e4rjestet\u00e4\u00e4n:<\/p>\n<p>. . junioreiden Aluemestaruusturnaus tai vastaava tapahtuma<\/p>\n<p>. . aikuisten Beach Volley -turnaukset<\/p>\n","protected":false},"excerpt":{"rendered":"<p>Joukkueet Kausi 2005-2006 Kaudella 2005-2006 sarjoissa pelaa yhteens\u00e4 28 joukkuetta, joista 21 on juniorijoukkueita ja 7 aikuisjoukkueita. F-poikien pallokerho ei ole viel\u00e4 mukana sarjatoiminnassa. Miehet 1 &#8212; 3-sarja Miehet 2 &#8212; 3-sarja Miehet 3 &#8212; 4-sarja Miehet M40 &#8212; SM-sarja A-pojat (synt. 1986-) &#8212; SM-sarja B-pojat (synt. 1989-) &#8212; AM-sarja syksy 2005, Supersarja kev\u00e4t 2006 &#8230; <a title=\"Kausi 2005-2006\" class=\"read-more\" href=\"https:\/\/www.oulunsalonvasama.fi\/lentopallo\/edelliset-kaudet\/kausi-2005-2006\/\" aria-label=\"Lue lis\u00e4\u00e4 aiheesta Kausi 2005-2006\">Lue lis\u00e4\u00e4<\/a><\/p>\n","protected":false},"author":1,"featured_media":0,"parent":2069,"menu_order":23,"comment_status":"open","ping_status":"open","template":"","meta":{"footnotes":"","_links_to":"","_links_to_target":""},"class_list":["post-154","page","type-page","status-publish"],"_links":{"self":[{"href":"https:\/\/www.oulunsalonvasama.fi\/lentopallo\/wp-json\/wp\/v2\/pages\/154","targetHints":{"allow":["GET"]}}],"collection":[{"href":"https:\/\/www.oulunsalonvasama.fi\/lentopallo\/wp-json\/wp\/v2\/pages"}],"about":[{"href":"https:\/\/www.oulunsalonvasama.fi\/lentopallo\/wp-json\/wp\/v2\/types\/page"}],"author":[{"embeddable":true,"href":"https:\/\/www.oulunsalonvasama.fi\/lentopallo\/wp-json\/wp\/v2\/users\/1"}],"replies":[{"embeddable":true,"href":"https:\/\/www.oulunsalonvasama.fi\/lentopallo\/wp-json\/wp\/v2\/comments?post=154"}],"version-history":[{"count":3,"href":"https:\/\/www.oulunsalonvasama.fi\/lentopallo\/wp-json\/wp\/v2\/pages\/154\/revisions"}],"predecessor-version":[{"id":6677,"href":"https:\/\/www.oulunsalonvasama.fi\/lentopallo\/wp-json\/wp\/v2\/pages\/154\/revisions\/6677"}],"up":[{"embeddable":true,"href":"https:\/\/www.oulunsalonvasama.fi\/lentopallo\/wp-json\/wp\/v2\/pages\/2069"}],"wp:attachment":[{"href":"https:\/\/www.oulunsalonvasama.fi\/lentopallo\/wp-json\/wp\/v2\/media?parent=154"}],"curies":[{"name":"wp","href":"https:\/\/api.w.org\/{rel}","templated":true}]}}