{"id":123,"date":"2006-06-13T16:30:54","date_gmt":"2006-06-13T16:30:54","guid":{"rendered":""},"modified":"2010-08-15T11:02:47","modified_gmt":"2010-08-15T11:02:47","slug":"d_tytot2-2","status":"publish","type":"page","link":"https:\/\/www.oulunsalonvasama.fi\/lentopallo\/edelliset-kaudet\/kausi-2005-2006\/d_tytot2-2\/","title":{"rendered":"D-tyt\u00f6t II"},"content":{"rendered":"<h1>D-tyt\u00f6t II  (synt. 1993) <\/h1>\n<h2>Harjoitusvuorot Kirkonkyl\u00e4n koululla<\/h2>\n<p>\nMaanantaisin klo 18:30-20:00  1\/3 salia <br \/>\nTorstaisin klo 18:00-19:30 (yhteinen CT1 kanssa)  1\/2 salia\n<\/p>\n<h2>Organisaatio<\/h2>\n<ul>\n<li>Joukkuejohtaja, rahastonhoitaja ja valmentaja: Saara Kittil\u00e4, \n<p>puh. 040-8393 720, <a href=\"mailto:saara.kittila@oulunsalonvasama.fi\">saara.kittila@oulunsalonvasama.fi  <\/a><\/li>\n<li>Apuvalmentaja ja huoltaja: Jari-Pekka Rontu, puh. 040-7303 450<\/li>\n<li>Apuna: Pentti Lappalainen, puh. 040-5785 548<\/li>\n<li>Puffettivastaavat: Sinikka Haverinen ja Riitta Rontu<\/li>\n<\/ul>\n<h2>Joukkue<\/h2>\n<p>\n<a href=\/lentopallo\/tiedostot\/2006_DT2Joukkue_2005-2006.jpg target=\"_blank\"> <img src=\/lentopallo\/tiedostot\/2006_DT2Joukkue_2005-2006.jpg border=\"0\" width=\"500\" align=\"middle\" > <\/a><\/p>\n<p>\nD-tyt\u00f6t 2-joukkueessa pelasivat kaudella 2005-2006 Mira Autto (13), Riina Kittil\u00e4 (10), Noora Moisanen (15), Laura M\u00e4\u00e4tt\u00e4 (11), Sara Rekil\u00e4 (2), Laura Rontu (12) ja Sini Trast (14). Lis\u00e4ksi Vilhelmiina L\u00e4ms\u00e4 ja Sonja Ollikainen harjoittelivat joukkueen mukana helmikuusta l\u00e4htien.\n<\/p>\n<p>\nJoukkue sijoittui Pohjois-Suomen Aluemestaruussarjassa kolmanneksi. Syyskaudella Vuokatin KattiVolleyssa D-tytt\u00f6jen sarjassa 1.10.2005 joukkue sijoittui toiseksi (joukkueita 6) ja omassa harjoitusturnauksessa 30.10. sijoitus oli kolmas (joukkueita 5). Kev\u00e4tkaudella Hippo-turnauksessa Nurmossa 6.-7.5.2006 D-tytt\u00f6jen Supersarjassa sijoitus oli seitsem\u00e4s (joukkueita 24) ja Power Cup-turnauksessa Loimaalla D-tytt\u00f6jen kilpasarjassa 45. (joukkueita 112).\n<\/p>\n<p>\nD-tyt\u00f6t 2-joukkue kiitt\u00e4\u00e4 kuluneesta kaudesta taustajoukkoja ja yhteisty\u00f6kumppaneita sek\u00e4 kaikkia mukanaolleita ja toivottaa kaikille hyv\u00e4\u00e4 biitsikes\u00e4\u00e4!<\/p>\n","protected":false},"excerpt":{"rendered":"<p>D-tyt\u00f6t II (synt. 1993) Harjoitusvuorot Kirkonkyl\u00e4n koululla Maanantaisin klo 18:30-20:00 1\/3 salia Torstaisin klo 18:00-19:30 (yhteinen CT1 kanssa) 1\/2 salia Organisaatio Joukkuejohtaja, rahastonhoitaja ja valmentaja: Saara Kittil\u00e4, puh. 040-8393 720, saara.kittila@oulunsalonvasama.fi Apuvalmentaja ja huoltaja: Jari-Pekka Rontu, puh. 040-7303 450 Apuna: Pentti Lappalainen, puh. 040-5785 548 Puffettivastaavat: Sinikka Haverinen ja Riitta Rontu Joukkue D-tyt\u00f6t 2-joukkueessa pelasivat &#8230; <a title=\"D-tyt\u00f6t II\" class=\"read-more\" href=\"https:\/\/www.oulunsalonvasama.fi\/lentopallo\/edelliset-kaudet\/kausi-2005-2006\/d_tytot2-2\/\" aria-label=\"Lue lis\u00e4\u00e4 aiheesta D-tyt\u00f6t II\">Lue lis\u00e4\u00e4<\/a><\/p>\n","protected":false},"author":1,"featured_media":0,"parent":154,"menu_order":18,"comment_status":"open","ping_status":"open","template":"","meta":{"footnotes":"","_links_to":"","_links_to_target":""},"class_list":["post-123","page","type-page","status-publish"],"_links":{"self":[{"href":"https:\/\/www.oulunsalonvasama.fi\/lentopallo\/wp-json\/wp\/v2\/pages\/123","targetHints":{"allow":["GET"]}}],"collection":[{"href":"https:\/\/www.oulunsalonvasama.fi\/lentopallo\/wp-json\/wp\/v2\/pages"}],"about":[{"href":"https:\/\/www.oulunsalonvasama.fi\/lentopallo\/wp-json\/wp\/v2\/types\/page"}],"author":[{"embeddable":true,"href":"https:\/\/www.oulunsalonvasama.fi\/lentopallo\/wp-json\/wp\/v2\/users\/1"}],"replies":[{"embeddable":true,"href":"https:\/\/www.oulunsalonvasama.fi\/lentopallo\/wp-json\/wp\/v2\/comments?post=123"}],"version-history":[{"count":3,"href":"https:\/\/www.oulunsalonvasama.fi\/lentopallo\/wp-json\/wp\/v2\/pages\/123\/revisions"}],"predecessor-version":[{"id":2131,"href":"https:\/\/www.oulunsalonvasama.fi\/lentopallo\/wp-json\/wp\/v2\/pages\/123\/revisions\/2131"}],"up":[{"embeddable":true,"href":"https:\/\/www.oulunsalonvasama.fi\/lentopallo\/wp-json\/wp\/v2\/pages\/154"}],"wp:attachment":[{"href":"https:\/\/www.oulunsalonvasama.fi\/lentopallo\/wp-json\/wp\/v2\/media?parent=123"}],"curies":[{"name":"wp","href":"https:\/\/api.w.org\/{rel}","templated":true}]}}