{"id":116,"date":"2006-10-25T11:23:36","date_gmt":"2006-10-25T11:23:36","guid":{"rendered":""},"modified":"2010-08-15T11:04:53","modified_gmt":"2010-08-15T11:04:53","slug":"naiset_1-2","status":"publish","type":"page","link":"https:\/\/www.oulunsalonvasama.fi\/lentopallo\/edelliset-kaudet\/kausi-2005-2006\/naiset_1-2\/","title":{"rendered":"Naiset I"},"content":{"rendered":"<h1>Naiset I (2-sarja)<\/h1>\n<h2>Harjoitusvuorot Kirkonkyl\u00e4n koululla<\/h2>\n<p>Maanantaisin  klo 20:00-21:30  1\/2 salia<br \/>\nTorstaisin  klo 19:30-21:00  1\/2 salia<\/p>\n<h2>Vastuuhenkil\u00f6t<\/h2>\n<p>Joukkueenjohtaja: Satu K\u00e4rn\u00e4, puh. 050-5465123<br \/>\nVarajoukkueenjohtaja: Anne Ronkainen, 040-5493 894<\/p>\n<p>S\u00e4hk\u00f6postiosoitteet ovat muotoa  <span style=\"text-decoration: underline;\"> <span style=\"color: green;\">etunimi.sukunimi@oulunsalonvasama.fi<\/span><\/span><\/p>\n<p>Jos etu- tai sukunimiss\u00e4 on \u00e4- tai \u00f6- kirjaimia, niiden tilalla s\u00e4hk\u00f6postiosoitteissa on a- ja o-kirjaimet.<\/p>\n<p><img decoding=\"async\" src=\"\/lentopallo\/tiedostot\/2005_N1_joukkuekuva.jpg\" alt=\"\" \/><\/p>\n<p style=\"margin-bottom: -1;\"><strong><span style=\"font-family: Book Antiqua; font-size: x-small;\">Pelaajat<\/span><\/strong><\/p>\n<table id=\"AutoNumber1\" style=\"border-collapse: collapse; height: 283px;\" border=\"0\" cellspacing=\"0\" cellpadding=\"0\" width=\"442\" bordercolor=\"#111111\">\n<tbody>\n<tr>\n<td width=\"86\" height=\"17\"><span style=\"font-family: Book Antiqua; font-size: x-small;\"><strong>Nro<\/strong><\/span><\/td>\n<td width=\"252\" height=\"17\"><span style=\"font-family: Book Antiqua; font-size: x-small;\"><strong>Nimi<\/strong><\/span><\/td>\n<td width=\"166\" height=\"17\"><span style=\"font-family: Book Antiqua; font-size: x-small;\"><strong>Synt.vuosi<\/strong><\/span><\/td>\n<td width=\"136\" height=\"17\"><span style=\"font-family: Book Antiqua; font-size: x-small;\"><strong>Pituus<\/strong><\/span><\/td>\n<td width=\"116\" height=\"17\"><span style=\"font-family: Book Antiqua; font-size: x-small;\"><strong>Rooli<\/strong><\/span><\/td>\n<\/tr>\n<tr>\n<td width=\"86\" height=\"19\" align=\"center\"><span style=\"font-family: Book Antiqua; font-size: x-small;\">1<\/span><\/td>\n<td width=\"252\" height=\"19\"><span style=\"font-family: Book Antiqua; font-size: x-small;\">Niina Kiuttu<\/span><\/td>\n<td width=\"166\" height=\"19\" align=\"center\"><span style=\"font-family: Book Antiqua; font-size: x-small;\">1990<\/span><\/td>\n<td width=\"136\" height=\"19\" align=\"center\"><span style=\"font-family: Book Antiqua; font-size: x-small;\">175<\/span><\/td>\n<td width=\"116\" height=\"19\"><span style=\"font-family: Book Antiqua; font-size: x-small;\">Yleispelaaja<\/span><\/td>\n<\/tr>\n<tr>\n<td width=\"86\" height=\"19\" align=\"center\"><span style=\"font-family: Book Antiqua; font-size: x-small;\">2<\/span><\/td>\n<td width=\"252\" height=\"19\"><span style=\"font-family: Book Antiqua; font-size: x-small;\">Heli<br \/>\nHaapalainen<\/span><\/td>\n<td width=\"166\" height=\"19\" align=\"center\"><span style=\"font-family: Book Antiqua; font-size: x-small;\">1986<\/span><\/td>\n<td width=\"136\" height=\"19\" align=\"center\"><span style=\"font-family: Book Antiqua; font-size: x-small;\">176<\/span><\/td>\n<td width=\"116\" height=\"19\"><span style=\"font-family: Book Antiqua; font-size: x-small;\">Keskitorjuja<\/span><\/td>\n<\/tr>\n<tr>\n<td width=\"86\" height=\"19\" align=\"center\"><span style=\"font-family: Book Antiqua; font-size: x-small;\">3<\/span><\/td>\n<td width=\"252\" height=\"19\"><span style=\"font-family: Book Antiqua; font-size: x-small;\">Saara Kittil\u00e4<\/span><\/td>\n<td width=\"166\" height=\"19\" align=\"center\"><span style=\"font-family: Book Antiqua; font-size: x-small;\">1966<\/span><\/td>\n<td width=\"136\" height=\"19\" align=\"center\"><span style=\"font-family: Book Antiqua; font-size: x-small;\">164<\/span><\/td>\n<td width=\"116\" height=\"19\"><span style=\"font-family: Book Antiqua; font-size: x-small;\">Libero\/Yleispelaaja<\/span><\/td>\n<\/tr>\n<tr>\n<td width=\"86\" height=\"19\" align=\"center\"><span style=\"font-family: Book Antiqua; font-size: x-small;\">4<\/span><\/td>\n<td width=\"252\" height=\"19\"><span style=\"font-family: Book Antiqua; font-size: x-small;\">Anne Paananen<\/span><\/td>\n<td width=\"166\" height=\"19\" align=\"center\"><span style=\"font-family: Book Antiqua; font-size: x-small;\">1976<\/span><\/td>\n<td width=\"136\" height=\"19\" align=\"center\"><span style=\"font-family: Book Antiqua; font-size: x-small;\">164<\/span><\/td>\n<td width=\"116\" height=\"19\"><span style=\"font-family: Book Antiqua; font-size: x-small;\">Passari<\/span><\/td>\n<\/tr>\n<tr>\n<td width=\"86\" height=\"19\" align=\"center\"><span style=\"font-family: Book Antiqua; font-size: x-small;\">5<\/span><\/td>\n<td width=\"252\" height=\"19\"><span style=\"font-family: Book Antiqua; font-size: x-small;\">Anne<br \/>\nRonkainen<\/span><\/td>\n<td width=\"166\" height=\"19\" align=\"center\"><span style=\"font-family: Book Antiqua; font-size: x-small;\">1977<\/span><\/td>\n<td width=\"136\" height=\"19\" align=\"center\"><span style=\"font-family: Book Antiqua; font-size: x-small;\">177<\/span><\/td>\n<td width=\"116\" height=\"19\"><span style=\"font-family: Book Antiqua; font-size: x-small;\">Keskitorjuja<\/span><\/td>\n<\/tr>\n<tr>\n<td width=\"86\" height=\"19\" align=\"center\"><span style=\"font-family: Book Antiqua; font-size: x-small;\">6<\/span><\/td>\n<td width=\"252\" height=\"19\"><span style=\"font-family: Book Antiqua; font-size: x-small;\">Tarja<br \/>\nValtanen<\/span><\/td>\n<td width=\"166\" height=\"19\" align=\"center\"><span style=\"font-family: Book Antiqua; font-size: x-small;\">1963<\/span><\/td>\n<td width=\"136\" height=\"19\" align=\"center\"><span style=\"font-family: Book Antiqua; font-size: x-small;\">167<\/span><\/td>\n<td width=\"116\" height=\"19\"><span style=\"font-family: Book Antiqua; font-size: x-small;\">Yleispelaaja<\/span><\/td>\n<\/tr>\n<tr>\n<td width=\"86\" height=\"19\" align=\"center\"><span style=\"font-family: Book Antiqua; font-size: x-small;\">7<\/span><\/td>\n<td width=\"252\" height=\"19\"><span style=\"font-family: Book Antiqua; font-size: x-small;\">Satu K\u00e4rn\u00e4<\/span><\/td>\n<td width=\"166\" height=\"19\" align=\"center\"><span style=\"font-family: Book Antiqua; font-size: x-small;\">1978<\/span><\/td>\n<td width=\"136\" height=\"19\" align=\"center\"><span style=\"font-family: Book Antiqua; font-size: x-small;\">168<\/span><\/td>\n<td width=\"116\" height=\"19\"><span style=\"font-family: Book Antiqua; font-size: x-small;\">Yleispelaaja<\/span><\/td>\n<\/tr>\n<tr>\n<td width=\"86\" height=\"19\" align=\"center\"><span style=\"font-family: Book Antiqua; font-size: x-small;\">8<\/span><\/td>\n<td width=\"252\" height=\"19\"><span style=\"font-family: Book Antiqua; font-size: x-small;\">Saara<br \/>\nKatainen<\/span><\/td>\n<td width=\"166\" height=\"19\" align=\"center\"><span style=\"font-family: Book Antiqua; font-size: x-small;\">1968<\/span><\/td>\n<td width=\"136\" height=\"19\" align=\"center\"><span style=\"font-family: Book Antiqua; font-size: x-small;\">174<\/span><\/td>\n<td width=\"116\" height=\"19\"><span style=\"font-family: Book Antiqua; font-size: x-small;\">Keskitorjuja<\/span><\/td>\n<\/tr>\n<tr>\n<td width=\"86\" height=\"19\" align=\"center\"><span style=\"font-family: Book Antiqua; font-size: x-small;\">9<\/span><\/td>\n<td width=\"252\" height=\"19\"><span style=\"font-family: Book Antiqua; font-size: x-small;\">Katja<br \/>\nKaksonen<\/span><\/td>\n<td width=\"166\" height=\"19\" align=\"center\"><span style=\"font-family: Book Antiqua; font-size: x-small;\">1988<\/span><\/td>\n<td width=\"136\" height=\"19\" align=\"center\"><span style=\"font-family: Book Antiqua; font-size: x-small;\">171<\/span><\/td>\n<td width=\"116\" height=\"19\"><span style=\"font-family: Book Antiqua; font-size: x-small;\">Yleispelaaja<\/span><\/td>\n<\/tr>\n<tr>\n<td width=\"86\" height=\"19\" align=\"center\"><span style=\"font-family: Book Antiqua; font-size: x-small;\">10<\/span><\/td>\n<td width=\"252\" height=\"19\"><span style=\"font-family: Book Antiqua; font-size: x-small;\">Pirjo Okkonen<\/span><\/td>\n<td width=\"166\" height=\"19\" align=\"center\"><span style=\"font-family: Book Antiqua; font-size: x-small;\">1977<\/span><\/td>\n<td width=\"136\" height=\"19\" align=\"center\"><span style=\"font-family: Book Antiqua; font-size: x-small;\">170<\/span><\/td>\n<td width=\"116\" height=\"19\"><span style=\"font-family: Book Antiqua; font-size: x-small;\">Passari<\/span><\/td>\n<\/tr>\n<tr>\n<td width=\"86\" height=\"19\" align=\"center\"><span style=\"font-family: Book Antiqua; font-size: x-small;\">11<\/span><\/td>\n<td width=\"252\" height=\"19\"><span style=\"font-family: Book Antiqua; font-size: x-small;\">Sallamari<br \/>\nSaarij\u00e4rvi<\/span><\/td>\n<td width=\"166\" height=\"19\" align=\"center\"><span style=\"font-family: Book Antiqua; font-size: x-small;\">1988<\/span><\/td>\n<td width=\"136\" height=\"19\" align=\"center\"><span style=\"font-family: Book Antiqua; font-size: x-small;\">172<\/span><\/td>\n<td width=\"116\" height=\"19\"><span style=\"font-family: Book Antiqua; font-size: x-small;\">Keskitorjuja<\/span><\/td>\n<\/tr>\n<tr>\n<td width=\"86\" height=\"19\" align=\"center\"><span style=\"font-family: Book Antiqua; font-size: x-small;\">12<\/span><\/td>\n<td width=\"252\" height=\"19\"><span style=\"font-family: Book Antiqua; font-size: x-small;\">Veera<br \/>\nVirolainen<\/span><\/td>\n<td width=\"166\" height=\"19\" align=\"center\"><span style=\"font-family: Book Antiqua; font-size: x-small;\">1977<\/span><\/td>\n<td width=\"136\" height=\"19\" align=\"center\"><span style=\"font-family: Book Antiqua; font-size: x-small;\">170<\/span><\/td>\n<td width=\"116\" height=\"19\"><span style=\"font-family: Book Antiqua; font-size: x-small;\">Hakkuri\/Libero<\/span><\/td>\n<\/tr>\n<tr>\n<td width=\"86\" height=\"19\" align=\"center\"><span style=\"font-family: Book Antiqua; font-size: x-small;\">13<\/span><\/td>\n<td width=\"252\" height=\"19\"><span style=\"font-family: Book Antiqua; font-size: x-small;\">Jaana Saarij\u00e4rvi<\/span><\/td>\n<td width=\"166\" height=\"19\" align=\"center\"><span style=\"font-family: Book Antiqua; font-size: x-small;\">1991<\/span><\/td>\n<td width=\"136\" height=\"19\" align=\"center\"><span style=\"font-family: Book Antiqua; font-size: x-small;\">171<\/span><\/td>\n<td width=\"116\" height=\"19\"><span style=\"font-family: Book Antiqua; font-size: x-small;\">Yleispelaaja<\/span><\/td>\n<\/tr>\n<tr>\n<td width=\"86\" height=\"19\" align=\"center\"><span style=\"font-family: Book Antiqua; font-size: x-small;\">14<\/span><\/td>\n<td width=\"252\" height=\"19\"><span style=\"font-family: Book Antiqua; font-size: x-small;\">Minna M\u00e4kikyr\u00f6<\/span><\/td>\n<td width=\"166\" height=\"19\" align=\"center\"><span style=\"font-family: Book Antiqua; font-size: x-small;\">1977<\/span><\/td>\n<td width=\"136\" height=\"19\" align=\"center\"><span style=\"font-family: Book Antiqua; font-size: x-small;\">170<\/span><\/td>\n<td width=\"116\" height=\"19\"><span style=\"font-family: Book Antiqua; font-size: x-small;\">Passari<\/span><\/td>\n<\/tr>\n<tr>\n<td width=\"86\" height=\"19\" align=\"center\"><\/td>\n<td width=\"252\" height=\"19\"><\/td>\n<td width=\"166\" height=\"19\"><\/td>\n<td width=\"136\" height=\"19\"><\/td>\n<td width=\"116\" height=\"19\"><\/td>\n<\/tr>\n<tr>\n<td colspan=\"3\" width=\"256\" height=\"19\"><span style=\"font-family: Book Antiqua; font-size: x-small;\"><strong>Valmentaja <\/strong> Pentti<br \/>\nLappalainen<\/span><\/td>\n<td colspan=\"2\" width=\"250\" height=\"19\"><span style=\"font-family: Book Antiqua; font-size: x-small;\"> <\/span><\/td>\n<\/tr>\n<\/tbody>\n<\/table>\n","protected":false},"excerpt":{"rendered":"<p>Naiset I (2-sarja) Harjoitusvuorot Kirkonkyl\u00e4n koululla Maanantaisin klo 20:00-21:30 1\/2 salia Torstaisin klo 19:30-21:00 1\/2 salia Vastuuhenkil\u00f6t Joukkueenjohtaja: Satu K\u00e4rn\u00e4, puh. 050-5465123 Varajoukkueenjohtaja: Anne Ronkainen, 040-5493 894 S\u00e4hk\u00f6postiosoitteet ovat muotoa etunimi.sukunimi@oulunsalonvasama.fi Jos etu- tai sukunimiss\u00e4 on \u00e4- tai \u00f6- kirjaimia, niiden tilalla s\u00e4hk\u00f6postiosoitteissa on a- ja o-kirjaimet. Pelaajat Nro Nimi Synt.vuosi Pituus Rooli 1 Niina &#8230; <a title=\"Naiset I\" class=\"read-more\" href=\"https:\/\/www.oulunsalonvasama.fi\/lentopallo\/edelliset-kaudet\/kausi-2005-2006\/naiset_1-2\/\" aria-label=\"Lue lis\u00e4\u00e4 aiheesta Naiset I\">Lue lis\u00e4\u00e4<\/a><\/p>\n","protected":false},"author":1,"featured_media":0,"parent":154,"menu_order":11,"comment_status":"open","ping_status":"open","template":"","meta":{"footnotes":"","_links_to":"","_links_to_target":""},"class_list":["post-116","page","type-page","status-publish"],"_links":{"self":[{"href":"https:\/\/www.oulunsalonvasama.fi\/lentopallo\/wp-json\/wp\/v2\/pages\/116","targetHints":{"allow":["GET"]}}],"collection":[{"href":"https:\/\/www.oulunsalonvasama.fi\/lentopallo\/wp-json\/wp\/v2\/pages"}],"about":[{"href":"https:\/\/www.oulunsalonvasama.fi\/lentopallo\/wp-json\/wp\/v2\/types\/page"}],"author":[{"embeddable":true,"href":"https:\/\/www.oulunsalonvasama.fi\/lentopallo\/wp-json\/wp\/v2\/users\/1"}],"replies":[{"embeddable":true,"href":"https:\/\/www.oulunsalonvasama.fi\/lentopallo\/wp-json\/wp\/v2\/comments?post=116"}],"version-history":[{"count":4,"href":"https:\/\/www.oulunsalonvasama.fi\/lentopallo\/wp-json\/wp\/v2\/pages\/116\/revisions"}],"predecessor-version":[{"id":2138,"href":"https:\/\/www.oulunsalonvasama.fi\/lentopallo\/wp-json\/wp\/v2\/pages\/116\/revisions\/2138"}],"up":[{"embeddable":true,"href":"https:\/\/www.oulunsalonvasama.fi\/lentopallo\/wp-json\/wp\/v2\/pages\/154"}],"wp:attachment":[{"href":"https:\/\/www.oulunsalonvasama.fi\/lentopallo\/wp-json\/wp\/v2\/media?parent=116"}],"curies":[{"name":"wp","href":"https:\/\/api.w.org\/{rel}","templated":true}]}}