{"id":11,"date":"2008-07-15T20:58:06","date_gmt":"2008-07-15T20:58:06","guid":{"rendered":""},"modified":"2018-04-29T16:29:38","modified_gmt":"2018-04-29T16:29:38","slug":"harjoitus-ja-pelipaikat","status":"publish","type":"page","link":"https:\/\/www.oulunsalonvasama.fi\/lentopallo\/edelliset-kaudet\/kausi-2017-2018\/harjoitus-ja-pelipaikat\/","title":{"rendered":"Harjoitus- ja pelipaikat"},"content":{"rendered":"<h1>Harjoitus- ja pelipaikat<\/h1>\n<h1><strong>\u00a0<\/strong><\/h1>\n<hr \/>\n<h1><strong><br \/>\n<span style=\"color: #000000;\">Kirkonkyl\u00e4n koulu<\/span><\/strong><\/h1>\n<p>Koulutie 4, 90460 OULUNSALO <a href=\"http:\/\/kartta.ouka.fi\/web\/Default.aspx?layers=Opaskartta&amp;cp=4748,66761&amp;z=1&amp;title=Kirkonkyl%C3%A4n%20koulu%2C%20Koulutie%204&amp;language=fin\">sijainti kartalla<\/a><\/p>\n<p>(sis\u00e4\u00e4nk\u00e4ynti urheilukent\u00e4n puoleisesta p\u00e4\u00e4dyst\u00e4)<\/p>\n<p>&#8211; <strong>Lentopallojaoston toiminnan keskuspaikka<\/strong><br \/>\n&#8211; Harjoitukset, pelit ja turnaukset<br \/>\n&#8211; Salin koko 30 m x 20 m * 8 m (jaettavissa kahteen osaan v\u00e4liverholla)<br \/>\n&#8211; 2 osaan jaettuna kaksi erillist\u00e4 kentt\u00e4\u00e4 (minikentti\u00e4 tai isoja kentti\u00e4)<br \/>\n&#8211; Koko salina normaali iso kentt\u00e4 tai pitk\u00e4ll\u00e4 verkolla kolme vierekk\u00e4ist\u00e4 minikentt\u00e4\u00e4 (tai useita vapaamuotoisia pelialueita)<\/p>\n<hr \/>\n<h1><strong><br \/>\n<span style=\"color: #000000;\">Niemenrannan koulu<\/span><\/strong><\/h1>\n<p>Nuottamiehentie 1,\u00a0 90460 Oulunsalo <a href=\"http:\/\/kartta.ouka.fi\/Web\/Default.aspx?layers=Opaskartta&amp;cp=7206950,470200&amp;z=1&amp;title=Apajatie%2C%20Oulunsalo&amp;language=fin\">sijainti kartalla<\/a><\/p>\n<p>&nbsp;<\/p>\n<hr \/>\n<h1 style=\"text-align: left;\"><span style=\"color: #000000;\"><strong>Oulunsalon Yl\u00e4asteen sali, <\/strong><\/span><\/h1>\n<h1><span style=\"color: #000000;\"><strong><strong>Pitk\u00e4kankaan koulu<\/strong><\/strong><\/span><\/h1>\n<p style=\"text-align: left;\">Opintie 6, 90460 OULUNSALO <a href=\"http:\/\/kartta.ouka.fi\/web\/Default.aspx?layers=Opaskartta&amp;cp=5787,65450&amp;z=1&amp;title=Oulunsalon%20Yl%C3%A4aste%2C%20Opintie%206%20&amp;language=fin\">sijainti kartalla<\/a><\/p>\n<p style=\"text-align: left;\">(sis\u00e4\u00e4nk\u00e4ynti Pitk\u00e4m\u00e4en puoleiselta kulmalta)<\/p>\n<p>&#8211; Salin koko 32 m x 18 m * 8 m (jaettavissa kolmeen osaan)<br \/>\n&#8211; <strong>Pelej\u00e4 tai turnauksia vain erikseen sovittaessa<\/strong><br \/>\n<strong>HUOM!<\/strong> Jos huomaatte korjattavaa (esim. katkenneen verkkovaijerin tai korjattavaa itse tiloissa), ilmoittakaa asiasta <strong>Ky\u00f6sti Kukkoselle, puh. 050-3886991<\/strong> (numero on k\u00e4yt\u00f6ss\u00e4 arkip\u00e4ivisin).<\/p>\n<hr \/>\n<h1><span style=\"color: #000000;\"><strong>Kisakangas<\/strong><\/span><\/h1>\n<p><a href=\"http:\/\/kartta.ouka.fi\/web\/Default.aspx?layers=Opaskartta&amp;cp=5816,62490&amp;z=5&amp;title=Kisakangas&amp;language=fin\">sijainti kartalla<br \/>\n<\/a>&#8211; Beach Volley -kent\u00e4t (6 t\u00e4ysimittaista kentt\u00e4\u00e4 + Kisakankaan palvelut)<\/p>\n<p><a href=\"http:\/\/kartta.ouka.fi\/web\/Default.aspx?layers=Opaskartta&amp;cp=5816,62490&amp;z=5&amp;title=Kisakangas&amp;language=fin\">&#8211;<\/a> <strong>ajo-ohje:<\/strong> Lentokent\u00e4ntielt\u00e4 viimeisest\u00e4 liikenneympyr\u00e4st\u00e4 ennen lentoasemaa (CCC:n ja Elektrobitin kohta) oikealle Automaatiotielle &#8211;&gt; muutama sata metri\u00e4 eteenp\u00e4in ja sen j\u00e4lkeen ensimm\u00e4inen tie (Papinj\u00e4rventie) vasemmalle<\/p>\n<hr \/>\n<h1><span style=\"color: #000000;\"><strong>Oulunsalo-talo<\/strong><\/span><\/h1>\n<p>M\u00e4ntypellonpolku 10, 90460 OULUNSALO <a href=\"http:\/\/kartta.ouka.fi\/web\/Default.aspx?layers=Opaskartta&amp;cp=5032,66086&amp;z=1&amp;title=Oulunsalotalon%20liikuntasali%2C%20M%C3%A4ntypellonpolku%2010&amp;language=fin\">sijainti kartalla<\/a><\/p>\n<p>&#8211; Salin koko noin 24 m x 12 m * 6-8 m<\/p>\n<hr \/>\n<h1><span style=\"color: #000000;\"><strong>Salonp\u00e4\u00e4n koulu <\/strong><\/span><\/h1>\n<p>Keskipiirintie 9, 90470 VARJAKKA\u00a0<a href=\"http:\/\/kartta.ouka.fi\/web\/Default.aspx?layers=Opaskartta&amp;cp=9322,62687&amp;z=1&amp;title=Salonp%C3%A4%C3%A4n%20koulu&amp;language=fin\">sijainti kartalla<\/a><\/p>\n<p>&#8211; Sali on jonkin verran isoa lentopallokentt\u00e4\u00e4 isompi<\/p>\n<hr \/>\n<h1><span style=\"color: #000000;\"><strong>Oulunsalon Liikuntakeskus<\/strong><\/span><\/h1>\n<p>Tuohikuja 6, 90460 OULUNSALO\u00a0 <a href=\"http:\/\/kartta.ouka.fi\/web\/Default.aspx?layers=Opaskartta&amp;cp=5897,65286&amp;z=1&amp;title=Oulunsalon%20Liikuntakeskus%2C%20Tuohikuja%206&amp;language=fin\">sijainti kartalla<\/a><\/p>\n<p>&#8211; Palloiluhalli (korkeus 10 m)<br \/>\na) kent\u00e4t 2-3 (yhteens\u00e4)<\/p>\n<p>&#8211; joko 2 minikentt\u00e4\u00e4<br \/>\n&#8211; tai 2 lyhytt\u00e4 isoa kentt\u00e4\u00e4<br \/>\n&#8211; tai yksi pitk\u00e4 kentt\u00e4 pitkitt\u00e4in (sy\u00f6tt\u00f6alue alle 50 cm)<br \/>\nb) kentt\u00e4 1<br \/>\n&#8211; joko 4 minikentt\u00e4\u00e4<br \/>\n&#8211; tai 3 isoa kentt\u00e4\u00e4 (sy\u00f6tt\u00f6alue alle 80 cm)<br \/>\n&#8211; tai yksi pitk\u00e4 kentt\u00e4 pitkitt\u00e4in (100 hengen liikuteltava katsomo + sivuille lis\u00e4paikkoja)<br \/>\n&#8211; Kuntosali, punttisali<br \/>\n&#8211; Pesis-s\u00e4hlysali, jota voi toki k\u00e4ytt\u00e4\u00e4 muuhunkin<\/p>\n<p>&#8211; Aerobic-sali<\/p>\n<hr \/>\n<h1><a href=\"http:\/\/www.sportfellows.fi\/kempele\/\">Kempelehalli<\/a><\/h1>\n<p>Koulutie 3 90440\u00a0 KEMPELE,\u00a0 puh 08 556 9299\u00a0 <a href=\"http:\/\/kartta.ouka.fi\/web\/Default.aspx?layers=Opaskartta&amp;cp=3106,70090&amp;z=5&amp;title=Kempelehalli&amp;language=fin\">sijainti kartalla<\/a><\/p>\n<hr \/>\n<p>Harjoitus- ja pelipaikkojen sijainnit n\u00e4et my\u00f6s alla olevista Oulunsalon alueen kartoista<\/p>\n<h2><a href=\"http:\/\/kartta.ouka.fi\/web\/Default.aspx?layers=Opaskartta&amp;cp=3106,70090&amp;z=5&amp;title=Kempelehalli&amp;language=fin\">Keskustan alue<\/a><\/h2>\n<p><a href=\"http:\/\/kartta.ouka.fi\/web\/Default.aspx?layers=Opaskartta&amp;cp=3106,70090&amp;z=5&amp;title=Kempelehalli&amp;language=fin\"><img loading=\"lazy\" decoding=\"async\" alt=\"Keskustan alueen harjoituspaikat\" src=\"\/images\/kartta_keskusta.gif\" width=\"479\" height=\"562\" border=\"0\" \/><\/a><\/p>\n<p><a href=\"http:\/\/kartta.ouka.fi\/web\/Default.aspx?layers=Opaskartta&amp;cp=3106,70090&amp;z=5&amp;title=Kempelehalli&amp;language=fin\"><br \/>\n<\/a><\/p>\n<h2><a href=\"http:\/\/kartta.ouka.fi\/web\/Default.aspx?layers=Opaskartta&amp;cp=3106,70090&amp;z=5&amp;title=Kempelehalli&amp;language=fin\">Salonp\u00e4\u00e4n koulu<\/a><\/h2>\n<p><a href=\"http:\/\/kartta.ouka.fi\/web\/Default.aspx?layers=Opaskartta&amp;cp=3106,70090&amp;z=5&amp;title=Kempelehalli&amp;language=fin\"><img loading=\"lazy\" decoding=\"async\" alt=\"Salonpaan harjoituspaikka\" src=\"\/images\/kartta_salonpaa.gif\" width=\"479\" height=\"562\" border=\"0\" \/><\/a><\/p>\n<h2><a href=\"http:\/\/kartta.ouka.fi\/web\/Default.aspx?layers=Opaskartta&amp;cp=3106,70090&amp;z=5&amp;title=Kempelehalli&amp;language=fin\">Kisakangas<\/a><\/h2>\n<p><a href=\"http:\/\/kartta.ouka.fi\/web\/Default.aspx?layers=Opaskartta&amp;cp=3106,70090&amp;z=5&amp;title=Kempelehalli&amp;language=fin\"><img loading=\"lazy\" decoding=\"async\" alt=\"Kisakankaan harjoituspaikka\" src=\"\/images\/kartta_kisakangas.gif\" width=\"479\" height=\"562\" border=\"0\" \/><\/a><\/p>\n","protected":false},"excerpt":{"rendered":"<p>Harjoitus- ja pelipaikat \u00a0 Kirkonkyl\u00e4n koulu Koulutie 4, 90460 OULUNSALO sijainti kartalla (sis\u00e4\u00e4nk\u00e4ynti urheilukent\u00e4n puoleisesta p\u00e4\u00e4dyst\u00e4) &#8211; Lentopallojaoston toiminnan keskuspaikka &#8211; Harjoitukset, pelit ja turnaukset &#8211; Salin koko 30 m x 20 m * 8 m (jaettavissa kahteen osaan v\u00e4liverholla) &#8211; 2 osaan jaettuna kaksi erillist\u00e4 kentt\u00e4\u00e4 (minikentti\u00e4 tai isoja kentti\u00e4) &#8211; Koko salina normaali &#8230; <a title=\"Harjoitus- ja pelipaikat\" class=\"read-more\" href=\"https:\/\/www.oulunsalonvasama.fi\/lentopallo\/edelliset-kaudet\/kausi-2017-2018\/harjoitus-ja-pelipaikat\/\" aria-label=\"Lue lis\u00e4\u00e4 aiheesta Harjoitus- ja pelipaikat\">Lue lis\u00e4\u00e4<\/a><\/p>\n","protected":false},"author":1,"featured_media":0,"parent":724,"menu_order":13,"comment_status":"open","ping_status":"closed","template":"","meta":{"footnotes":"","_links_to":"","_links_to_target":""},"class_list":["post-11","page","type-page","status-publish"],"_links":{"self":[{"href":"https:\/\/www.oulunsalonvasama.fi\/lentopallo\/wp-json\/wp\/v2\/pages\/11","targetHints":{"allow":["GET"]}}],"collection":[{"href":"https:\/\/www.oulunsalonvasama.fi\/lentopallo\/wp-json\/wp\/v2\/pages"}],"about":[{"href":"https:\/\/www.oulunsalonvasama.fi\/lentopallo\/wp-json\/wp\/v2\/types\/page"}],"author":[{"embeddable":true,"href":"https:\/\/www.oulunsalonvasama.fi\/lentopallo\/wp-json\/wp\/v2\/users\/1"}],"replies":[{"embeddable":true,"href":"https:\/\/www.oulunsalonvasama.fi\/lentopallo\/wp-json\/wp\/v2\/comments?post=11"}],"version-history":[{"count":31,"href":"https:\/\/www.oulunsalonvasama.fi\/lentopallo\/wp-json\/wp\/v2\/pages\/11\/revisions"}],"predecessor-version":[{"id":8459,"href":"https:\/\/www.oulunsalonvasama.fi\/lentopallo\/wp-json\/wp\/v2\/pages\/11\/revisions\/8459"}],"up":[{"embeddable":true,"href":"https:\/\/www.oulunsalonvasama.fi\/lentopallo\/wp-json\/wp\/v2\/pages\/724"}],"wp:attachment":[{"href":"https:\/\/www.oulunsalonvasama.fi\/lentopallo\/wp-json\/wp\/v2\/media?parent=11"}],"curies":[{"name":"wp","href":"https:\/\/api.w.org\/{rel}","templated":true}]}}