{"id":10906,"date":"2025-06-26T14:23:13","date_gmt":"2025-06-26T14:23:13","guid":{"rendered":"https:\/\/www.oulunsalonvasama.fi\/lentopallo\/?page_id=10906"},"modified":"2025-07-04T09:01:38","modified_gmt":"2025-07-04T09:01:38","slug":"a-pojat","status":"publish","type":"page","link":"https:\/\/www.oulunsalonvasama.fi\/lentopallo\/joukkueet\/a-pojat\/","title":{"rendered":"A Pojat"},"content":{"rendered":"<p><strong><span style=\"font-size: 12px;\">Osallistumme kaudella 2025-2026 U20P (Ap) SM-sarjaan.<\/span><\/strong><\/p>\n<p><span style=\"font-size: 12px;\">Joukkue(et) ja toimihenkil\u00f6t esitell\u00e4\u00e4n my\u00f6hemmin.<\/span><\/p>\n<p>&nbsp;<\/p>\n","protected":false},"excerpt":{"rendered":"<p>Osallistumme kaudella 2025-2026 U20P (Ap) SM-sarjaan. Joukkue(et) ja toimihenkil\u00f6t esitell\u00e4\u00e4n my\u00f6hemmin. &nbsp;<\/p>\n","protected":false},"author":56,"featured_media":0,"parent":9362,"menu_order":3,"comment_status":"closed","ping_status":"closed","template":"","meta":{"footnotes":"","_links_to":"","_links_to_target":""},"class_list":["post-10906","page","type-page","status-publish"],"_links":{"self":[{"href":"https:\/\/www.oulunsalonvasama.fi\/lentopallo\/wp-json\/wp\/v2\/pages\/10906","targetHints":{"allow":["GET"]}}],"collection":[{"href":"https:\/\/www.oulunsalonvasama.fi\/lentopallo\/wp-json\/wp\/v2\/pages"}],"about":[{"href":"https:\/\/www.oulunsalonvasama.fi\/lentopallo\/wp-json\/wp\/v2\/types\/page"}],"author":[{"embeddable":true,"href":"https:\/\/www.oulunsalonvasama.fi\/lentopallo\/wp-json\/wp\/v2\/users\/56"}],"replies":[{"embeddable":true,"href":"https:\/\/www.oulunsalonvasama.fi\/lentopallo\/wp-json\/wp\/v2\/comments?post=10906"}],"version-history":[{"count":7,"href":"https:\/\/www.oulunsalonvasama.fi\/lentopallo\/wp-json\/wp\/v2\/pages\/10906\/revisions"}],"predecessor-version":[{"id":11112,"href":"https:\/\/www.oulunsalonvasama.fi\/lentopallo\/wp-json\/wp\/v2\/pages\/10906\/revisions\/11112"}],"up":[{"embeddable":true,"href":"https:\/\/www.oulunsalonvasama.fi\/lentopallo\/wp-json\/wp\/v2\/pages\/9362"}],"wp:attachment":[{"href":"https:\/\/www.oulunsalonvasama.fi\/lentopallo\/wp-json\/wp\/v2\/media?parent=10906"}],"curies":[{"name":"wp","href":"https:\/\/api.w.org\/{rel}","templated":true}]}}