{"id":10904,"date":"2025-06-26T14:21:32","date_gmt":"2025-06-26T14:21:32","guid":{"rendered":"https:\/\/www.oulunsalonvasama.fi\/lentopallo\/?page_id=10904"},"modified":"2025-07-04T09:03:45","modified_gmt":"2025-07-04T09:03:45","slug":"b-pojat","status":"publish","type":"page","link":"https:\/\/www.oulunsalonvasama.fi\/lentopallo\/joukkueet\/b-pojat\/","title":{"rendered":"B Pojat"},"content":{"rendered":"<p><strong><span style=\"font-size: 12px;\">Osallistumme kaudella 2025-2026 U17 (Bp) SM-sarjaan.<\/span><\/strong><\/p>\n<p><span style=\"font-size: 12px;\">Joukkueiden rakentaminen on k\u00e4ynniss\u00e4 ja sivut p\u00e4ivittyv\u00e4t my\u00f6hemmin.<\/span><\/p>\n<p><a href=\"https:\/\/www.oulunsalonvasama.fi\/lentopallo\/joukkueet\/b2-pojat\/\">B2 Pojat<\/a><\/p>\n<p>&nbsp;<\/p>\n","protected":false},"excerpt":{"rendered":"<p>Osallistumme kaudella 2025-2026 U17 (Bp) SM-sarjaan. Joukkueiden rakentaminen on k\u00e4ynniss\u00e4 ja sivut p\u00e4ivittyv\u00e4t my\u00f6hemmin. B2 Pojat &nbsp;<\/p>\n","protected":false},"author":56,"featured_media":0,"parent":9362,"menu_order":4,"comment_status":"closed","ping_status":"closed","template":"","meta":{"footnotes":"","_links_to":"","_links_to_target":""},"class_list":["post-10904","page","type-page","status-publish"],"_links":{"self":[{"href":"https:\/\/www.oulunsalonvasama.fi\/lentopallo\/wp-json\/wp\/v2\/pages\/10904","targetHints":{"allow":["GET"]}}],"collection":[{"href":"https:\/\/www.oulunsalonvasama.fi\/lentopallo\/wp-json\/wp\/v2\/pages"}],"about":[{"href":"https:\/\/www.oulunsalonvasama.fi\/lentopallo\/wp-json\/wp\/v2\/types\/page"}],"author":[{"embeddable":true,"href":"https:\/\/www.oulunsalonvasama.fi\/lentopallo\/wp-json\/wp\/v2\/users\/56"}],"replies":[{"embeddable":true,"href":"https:\/\/www.oulunsalonvasama.fi\/lentopallo\/wp-json\/wp\/v2\/comments?post=10904"}],"version-history":[{"count":7,"href":"https:\/\/www.oulunsalonvasama.fi\/lentopallo\/wp-json\/wp\/v2\/pages\/10904\/revisions"}],"predecessor-version":[{"id":11114,"href":"https:\/\/www.oulunsalonvasama.fi\/lentopallo\/wp-json\/wp\/v2\/pages\/10904\/revisions\/11114"}],"up":[{"embeddable":true,"href":"https:\/\/www.oulunsalonvasama.fi\/lentopallo\/wp-json\/wp\/v2\/pages\/9362"}],"wp:attachment":[{"href":"https:\/\/www.oulunsalonvasama.fi\/lentopallo\/wp-json\/wp\/v2\/media?parent=10904"}],"curies":[{"name":"wp","href":"https:\/\/api.w.org\/{rel}","templated":true}]}}