{"id":10639,"date":"2024-12-10T08:12:47","date_gmt":"2024-12-10T08:12:47","guid":{"rendered":"https:\/\/www.oulunsalonvasama.fi\/lentopallo\/?page_id=10639"},"modified":"2024-12-10T08:12:47","modified_gmt":"2024-12-10T08:12:47","slug":"osva-leidit","status":"publish","type":"page","link":"https:\/\/www.oulunsalonvasama.fi\/lentopallo\/joukkueet\/osva-leidit\/","title":{"rendered":"OsVa leidit"},"content":{"rendered":"<h1><strong>OSVA-leidit \u2013 uusi, puolen Suomen joukkue<\/strong><\/h1>\n<p>OSVA-leidit on Oulunsalon Vasaman naisten 2-sarjajoukkue, joka kilpailee valtakunnallisesti kolmanneksi korkeimmalla sarjatasolla. Joukkueemme on kunnianhimoinen ja energinen, ja sen muodostavat yli 20 pelaajan tiivis harjoitusryhm\u00e4. Mukana on sek\u00e4 kokeneita konkareita ett\u00e4 nuoria lupauksia, sill\u00e4 suurin osa pelaajistamme on A- ja B-junioreita. Nelj\u00e4 pelaajaa ylitt\u00e4\u00e4 junioreiden ik\u00e4rajan, mutta kokemus ja nuoruuden energia t\u00e4ydent\u00e4v\u00e4t toisiaan erinomaisesti.<\/p>\n<h2><strong>Valmennus ja tavoitteet<\/strong><\/h2>\n<p>Joukkueen valmennuksesta vastaa kokenut ja osaava tiimi: p\u00e4\u00e4valmentajana toimii Jarkko Alasaarela, apunaan Eero Siika-aho ja Antero Risto. Ensimm\u00e4isell\u00e4 kaudellamme tavoitteenamme on selviyty\u00e4 ylemp\u00e4\u00e4n jatkosarjaan ja rakentaa pohjaa pitk\u00e4n aikav\u00e4lin tavoitteellemme nousta Suomen korkeimmalle sarjatasolle viiden vuoden kuluessa.<\/p>\n<h2><strong>Taustaa ja yhteisty<\/strong><strong>\u00f6<\/strong><strong>t\u00e4<\/strong><\/h2>\n<p>OSVA-leidit on syntynyt alueellisen yhteisty\u00f6n tuloksena. Mukana on entisi\u00e4 pelaajia muun muassa Kempeleen Lentopallosta ja Muhos-Volley 96:sta, mik\u00e4 vahvistaa joukkueen pohjois-pohjanmaalaista identiteetti\u00e4 ja osaamista.<\/p>\n<h2><strong>Yleis\u00f6 ja yhteisty<\/strong><strong>\u00f6<\/strong><strong>kumppanit<\/strong><\/h2>\n<p>OSVA-leidit on nopeasti vakiinnuttanut asemansa paikallisessa urheilukent\u00e4ss\u00e4, ja aktiivinen viestint\u00e4mme sosiaalisessa mediassa on saavuttanut erinomaisia tuloksia. Instagram-tilimme on ker\u00e4nnyt jo yli 40 000 katselukertaa viimeisen kuukauden aikana, ja yksitt\u00e4iset postaukset ovat tavoittaneet yli 5 000 katsojaa. Tarjoamme n\u00e4kyvyytt\u00e4 yhteisty\u00f6kumppaneillemme ja kutsumme kaikki alueen lentopallon yst\u00e4v\u00e4t seuraamaan ja tukemaan matkaamme.<\/p>\n<h2><strong>Tule mukaan tukemaan ja seuraamaan!<\/strong><\/h2>\n<p>OSVA-leidit on enemm\u00e4n kuin lentopallojoukkue \u2013 olemme yhteis\u00f6, joka tekee t\u00f6it\u00e4 yhteisen unelman eteen. Kannustamme kaikkia seuraamaan meit\u00e4 peleiss\u00e4 ja somessa sek\u00e4 tukemaan toimintaamme yhteisty\u00f6kumppanina.<\/p>\n<p>Seuraa meit\u00e4 Instagramissa<\/p>\n<p><a href=\"https:\/\/www.instagram.com\/osva_leidit\/\">https:\/\/www.instagram.com\/osva_leidit\/<\/a><\/p>\n<p>tai Facebookissa<\/p>\n<p><a href=\"https:\/\/www.facebook.com\/profile.php?id=61566061101574\">https:\/\/www.facebook.com\/profile.php?id=61566061101574<\/a><\/p>\n<p>Tule mukaan ja koe, miten lentopallounelmaa rakennetaan Oulussa!<\/p>\n<p>Lis\u00e4tiedot: <a href=\"mailto:charles@osvaleidit.fi\">charles@osvaleidit.fi<\/a><\/p>\n","protected":false},"excerpt":{"rendered":"<p>OSVA-leidit \u2013 uusi, puolen Suomen joukkue OSVA-leidit on Oulunsalon Vasaman naisten 2-sarjajoukkue, joka kilpailee valtakunnallisesti kolmanneksi korkeimmalla sarjatasolla. Joukkueemme on kunnianhimoinen ja energinen, ja sen muodostavat yli 20 pelaajan tiivis harjoitusryhm\u00e4. Mukana on sek\u00e4 kokeneita konkareita ett\u00e4 nuoria lupauksia, sill\u00e4 suurin osa pelaajistamme on A- ja B-junioreita. Nelj\u00e4 pelaajaa ylitt\u00e4\u00e4 junioreiden ik\u00e4rajan, mutta kokemus ja &#8230; <a title=\"OsVa leidit\" class=\"read-more\" href=\"https:\/\/www.oulunsalonvasama.fi\/lentopallo\/joukkueet\/osva-leidit\/\" aria-label=\"Lue lis\u00e4\u00e4 aiheesta OsVa leidit\">Lue lis\u00e4\u00e4<\/a><\/p>\n","protected":false},"author":36,"featured_media":0,"parent":9362,"menu_order":0,"comment_status":"closed","ping_status":"closed","template":"","meta":{"footnotes":"","_links_to":"","_links_to_target":""},"class_list":["post-10639","page","type-page","status-publish"],"_links":{"self":[{"href":"https:\/\/www.oulunsalonvasama.fi\/lentopallo\/wp-json\/wp\/v2\/pages\/10639","targetHints":{"allow":["GET"]}}],"collection":[{"href":"https:\/\/www.oulunsalonvasama.fi\/lentopallo\/wp-json\/wp\/v2\/pages"}],"about":[{"href":"https:\/\/www.oulunsalonvasama.fi\/lentopallo\/wp-json\/wp\/v2\/types\/page"}],"author":[{"embeddable":true,"href":"https:\/\/www.oulunsalonvasama.fi\/lentopallo\/wp-json\/wp\/v2\/users\/36"}],"replies":[{"embeddable":true,"href":"https:\/\/www.oulunsalonvasama.fi\/lentopallo\/wp-json\/wp\/v2\/comments?post=10639"}],"version-history":[{"count":1,"href":"https:\/\/www.oulunsalonvasama.fi\/lentopallo\/wp-json\/wp\/v2\/pages\/10639\/revisions"}],"predecessor-version":[{"id":10640,"href":"https:\/\/www.oulunsalonvasama.fi\/lentopallo\/wp-json\/wp\/v2\/pages\/10639\/revisions\/10640"}],"up":[{"embeddable":true,"href":"https:\/\/www.oulunsalonvasama.fi\/lentopallo\/wp-json\/wp\/v2\/pages\/9362"}],"wp:attachment":[{"href":"https:\/\/www.oulunsalonvasama.fi\/lentopallo\/wp-json\/wp\/v2\/media?parent=10639"}],"curies":[{"name":"wp","href":"https:\/\/api.w.org\/{rel}","templated":true}]}}