{"id":105,"date":"2005-09-02T20:31:34","date_gmt":"2005-09-02T20:31:34","guid":{"rendered":""},"modified":"2019-07-31T09:26:43","modified_gmt":"2019-07-31T09:26:43","slug":"kausi-2004-2005","status":"publish","type":"page","link":"https:\/\/www.oulunsalonvasama.fi\/lentopallo\/edelliset-kaudet\/kausi-2004-2005\/","title":{"rendered":"Kausi 2004-2005"},"content":{"rendered":"<h1>Joukkueet<\/h1>\n<h2>Kausi 2004-2005<\/h2>\n<p><b>Miehet I <\/b> &#8212; 3-sarja<br \/>\n<b>Miehet II <\/b> &#8212; 4-sarja<br \/>\n<b>Miehet M40 <\/b><\/p>\n<p><b>Nuoret pojat <\/b> (synt. 1983-)<br \/>\n<b>A-pojat <\/b> (synt. 1985-)<br \/>\n<b>B-pojat I <\/b> (synt. 1988)<br \/>\n<b>B-pojat II <\/b> (synt. 1989)<\/p>\n<p><b>C-pojat I <\/b> (synt. 1990-)<br \/>\n<b>C-pojat II <\/b> (synt. 1991-)<br \/>\n<b>D-pojat <\/b> (synt. 1992-93)<br \/>\n<b>E-pojat <\/b> (synt. 1994-95)<br \/>\n<b>F-pojat <\/b> (synt. 1996-)<\/p>\n<p><b>Naiset I <\/b> &#8212; 2-sarja<br \/>\n<b>Naiset II<\/b> &#8212; 3-sarja<\/p>\n<p><b>B-tyt\u00f6t <\/b> (synt. 1988-)<br \/>\n<b>C-tyt\u00f6t I ja II <\/b> (synt. 1990-)<\/p>\n<p><b>D-tyt\u00f6t I ja II <\/b> (synt 1992)<br \/>\n<b>D-tyt\u00f6t III ja IV<\/b> (synt 1993)<br \/>\n<b>E-tyt\u00f6t I ja II <\/b> (synt 1994-95)<br \/>\n<b>F-tyt\u00f6t I <\/b> (synt 1996)<br \/>\n<b>F-tyt\u00f6t II <\/b> (synt 1997-)<\/p>\n<p><b>Liikuntakerhot <\/b><br \/>\n&#8211; PALLOKERHO, F-pojat synt. 1998-99<br \/>\n&#8211; &#8230;<\/p>\n<p>&nbsp;<\/p>\n<p><b>Beach Volley (kes\u00e4- ja hein\u00e4kuu): <\/b><\/p>\n<p>&#8211; tyt\u00f6t ja pojat kaikissa ik\u00e4luokissa, naiset ja miehet<\/p>\n<p>&#8211; harrastuspaikkoja Oulunsalossa:<\/p>\n<p>. . Kisakankaan Beach Volley -stadion (6 kentt\u00e4\u00e4)<br \/>\n. . Papinj\u00e4rven uimarannan Beach Volley -kentt\u00e4<br \/>\n. . yksityiset kent\u00e4t<br \/>\n. . tulossa 3 kentt\u00e4\u00e4 Oulunsalon keskustan Urheilukeskuksen alueelle<\/p>\n<p>&#8211; Kisakankaalla j\u00e4rjestet\u00e4\u00e4n:<br \/>\n. . junioreiden Aluemestaruusturnaus tai vastaava tapahtuma<\/p>\n<p>. . aikuisten Beach Volley -turnaukset<\/p>\n<p>&#8211; Beach Volley -kouluja Papinj\u00e4rvell\u00e4 ja Kisakankaalla mahdollisuuksien mukaan<\/p>\n","protected":false},"excerpt":{"rendered":"<p>Joukkueet Kausi 2004-2005 Miehet I &#8212; 3-sarja Miehet II &#8212; 4-sarja Miehet M40 Nuoret pojat (synt. 1983-) A-pojat (synt. 1985-) B-pojat I (synt. 1988) B-pojat II (synt. 1989) C-pojat I (synt. 1990-) C-pojat II (synt. 1991-) D-pojat (synt. 1992-93) E-pojat (synt. 1994-95) F-pojat (synt. 1996-) Naiset I &#8212; 2-sarja Naiset II &#8212; 3-sarja B-tyt\u00f6t (synt. &#8230; <a title=\"Kausi 2004-2005\" class=\"read-more\" href=\"https:\/\/www.oulunsalonvasama.fi\/lentopallo\/edelliset-kaudet\/kausi-2004-2005\/\" aria-label=\"Lue lis\u00e4\u00e4 aiheesta Kausi 2004-2005\">Lue lis\u00e4\u00e4<\/a><\/p>\n","protected":false},"author":1,"featured_media":0,"parent":2069,"menu_order":24,"comment_status":"open","ping_status":"open","template":"","meta":{"footnotes":"","_links_to":"","_links_to_target":""},"class_list":["post-105","page","type-page","status-publish"],"_links":{"self":[{"href":"https:\/\/www.oulunsalonvasama.fi\/lentopallo\/wp-json\/wp\/v2\/pages\/105","targetHints":{"allow":["GET"]}}],"collection":[{"href":"https:\/\/www.oulunsalonvasama.fi\/lentopallo\/wp-json\/wp\/v2\/pages"}],"about":[{"href":"https:\/\/www.oulunsalonvasama.fi\/lentopallo\/wp-json\/wp\/v2\/types\/page"}],"author":[{"embeddable":true,"href":"https:\/\/www.oulunsalonvasama.fi\/lentopallo\/wp-json\/wp\/v2\/users\/1"}],"replies":[{"embeddable":true,"href":"https:\/\/www.oulunsalonvasama.fi\/lentopallo\/wp-json\/wp\/v2\/comments?post=105"}],"version-history":[{"count":3,"href":"https:\/\/www.oulunsalonvasama.fi\/lentopallo\/wp-json\/wp\/v2\/pages\/105\/revisions"}],"predecessor-version":[{"id":6678,"href":"https:\/\/www.oulunsalonvasama.fi\/lentopallo\/wp-json\/wp\/v2\/pages\/105\/revisions\/6678"}],"up":[{"embeddable":true,"href":"https:\/\/www.oulunsalonvasama.fi\/lentopallo\/wp-json\/wp\/v2\/pages\/2069"}],"wp:attachment":[{"href":"https:\/\/www.oulunsalonvasama.fi\/lentopallo\/wp-json\/wp\/v2\/media?parent=105"}],"curies":[{"name":"wp","href":"https:\/\/api.w.org\/{rel}","templated":true}]}}