{"id":10409,"date":"2024-03-21T19:34:28","date_gmt":"2024-03-21T19:34:28","guid":{"rendered":"https:\/\/www.oulunsalonvasama.fi\/lentopallo\/?page_id=10409"},"modified":"2024-03-21T19:49:02","modified_gmt":"2024-03-21T19:49:02","slug":"majoitus","status":"publish","type":"page","link":"https:\/\/www.oulunsalonvasama.fi\/lentopallo\/b-pojat-sm-finaalit-2024\/majoitus\/","title":{"rendered":"Majoitus"},"content":{"rendered":"<p>Jokainen joukkue j\u00e4rjest\u00e4\u00e4 majoituksensa omatoimisesti. Olemme saaneet sopimushintaisia tarjouksia useasta paikasta, joten niit\u00e4 kannattaa hy\u00f6dynt\u00e4\u00e4. Tarjoukset alla:<\/p>\n<p><strong>FINLANDIA AIRPORT HOTEL OULU<\/strong>, Vihiluoto 10, 90440 Kempele<\/p>\n<p>1 HH \u00a0\u00a0\u00a0\u00a0\u00a0\u00a0\u00a0\u00a0\u00a0\u00a0\u00a0\u00a0\u00a0\u00a0\u00a0\u00a0 \u00a0\u00a0\u00a0\u00a0\u00a0\u00a0\u00a0\u00a0\u00a0\u00a0\u00a0\u00a0\u00a0\u00a0\u00a0\u00a0\u00a0\u00a0\u00a0\u00a0\u00a0\u00a0\u00a0\u00a0\u00a0\u00a0 73 \u20ac\/vrk<\/p>\n<p>2 HH \u00a0\u00a0\u00a0\u00a0\u00a0\u00a0\u00a0\u00a0\u00a0\u00a0\u00a0\u00a0\u00a0\u00a0\u00a0\u00a0 \u00a0\u00a0\u00a0\u00a0\u00a0\u00a0\u00a0\u00a0\u00a0\u00a0\u00a0\u00a0\u00a0\u00a0\u00a0\u00a0\u00a0\u00a0\u00a0\u00a0\u00a0\u00a0\u00a0\u00a0\u00a0\u00a0 82 \u20ac\/vrk<\/p>\n<p>3 HH \u00a0\u00a0\u00a0\u00a0\u00a0\u00a0\u00a0\u00a0\u00a0\u00a0\u00a0\u00a0\u00a0\u00a0\u00a0\u00a0 \u00a0\u00a0\u00a0\u00a0\u00a0\u00a0\u00a0\u00a0\u00a0\u00a0\u00a0\u00a0\u00a0\u00a0\u00a0\u00a0\u00a0\u00a0\u00a0\u00a0\u00a0\u00a0\u00a0\u00a0\u00a0\u00a0 103 \u20ac\/vrk<\/p>\n<p>4 HH \u00a0\u00a0\u00a0\u00a0\u00a0\u00a0\u00a0\u00a0\u00a0\u00a0\u00a0\u00a0\u00a0\u00a0\u00a0\u00a0 \u00a0\u00a0\u00a0\u00a0\u00a0\u00a0\u00a0\u00a0\u00a0\u00a0\u00a0\u00a0\u00a0\u00a0\u00a0\u00a0\u00a0\u00a0\u00a0\u00a0\u00a0\u00a0\u00a0\u00a0\u00a0\u00a0 132 \u20ac\/vrk<\/p>\n<p>Kuljettaja \u00a0\u00a0\u00a0\u00a0\u00a0\u00a0\u00a0\u00a0 \u00a0\u00a0\u00a0\u00a0\u00a0\u00a0\u00a0\u00a0\u00a0\u00a0\u00a0\u00a0\u00a0\u00a0\u00a0\u00a0\u00a0\u00a0\u00a0\u00a0\u00a0\u00a0\u00a0\u00a0\u00a0\u00a0 54 \u20ac (1 HH)<\/p>\n<p>Hinnat ovat voimassa yli 10 hengen ryhmille. Hintoihin sis\u00e4ltyy buffetaamiainen sek\u00e4 iltasauna klo 18\u201321. Hinnat ovat nettohinnat ja sis. alv:n. Varaukset s\u00e4hk\u00f6postitse <a href=\"mailto:sales@airporthotel.fi\">sales@airporthotel.fi<\/a>. Hotellin muut tiedot l\u00f6ytyv\u00e4t <a href=\"http:\/\/www.airporthotel.fi\">www.airporthotel.fi<\/a><\/p>\n<p><strong>HOTELLI POHJANKIEVARI<\/strong><strong>, <\/strong>Eerontie 9, 90440 Kempele<\/p>\n<p>1 HH \u00a0\u00a0\u00a0\u00a0\u00a0\u00a0\u00a0\u00a0\u00a0\u00a0\u00a0\u00a0\u00a0\u00a0\u00a0\u00a0\u00a0\u00a0\u00a0\u00a0\u00a0\u00a0\u00a0\u00a0\u00a0\u00a0\u00a0\u00a0\u00a0\u00a0\u00a0\u00a0\u00a0\u00a0\u00a0\u00a0\u00a0\u00a0\u00a0\u00a0\u00a0\u00a0\u00a0 65 \u20ac\/vrk<br \/>\n2 HH \u00a0\u00a0\u00a0\u00a0\u00a0\u00a0\u00a0\u00a0\u00a0\u00a0\u00a0\u00a0\u00a0\u00a0\u00a0\u00a0\u00a0\u00a0\u00a0\u00a0\u00a0\u00a0\u00a0\u00a0\u00a0\u00a0\u00a0\u00a0\u00a0\u00a0\u00a0\u00a0\u00a0\u00a0\u00a0\u00a0\u00a0\u00a0\u00a0\u00a0\u00a0\u00a0\u00a0 79 \u20ac\/vrk<\/p>\n<p>4 HH \u00a0\u00a0\u00a0\u00a0\u00a0\u00a0\u00a0\u00a0\u00a0\u00a0\u00a0\u00a0\u00a0\u00a0\u00a0\u00a0\u00a0\u00a0\u00a0\u00a0\u00a0\u00a0\u00a0\u00a0\u00a0\u00a0\u00a0\u00a0\u00a0\u00a0\u00a0\u00a0\u00a0\u00a0\u00a0\u00a0\u00a0\u00a0\u00a0\u00a0\u00a0\u00a0\u00a0 139 \u20ac\/vrk<br \/>\n6 HH \u00a0\u00a0\u00a0\u00a0\u00a0\u00a0\u00a0\u00a0\u00a0\u00a0\u00a0\u00a0\u00a0\u00a0\u00a0\u00a0\u00a0\u00a0\u00a0\u00a0\u00a0\u00a0\u00a0\u00a0\u00a0\u00a0\u00a0\u00a0\u00a0\u00a0\u00a0\u00a0\u00a0\u00a0\u00a0\u00a0\u00a0\u00a0\u00a0\u00a0\u00a0\u00a0\u00a0 199 \u20ac\/vrk<br \/>\n7 HH \u00a0\u00a0\u00a0\u00a0\u00a0\u00a0\u00a0\u00a0\u00a0\u00a0\u00a0\u00a0\u00a0\u00a0\u00a0\u00a0\u00a0\u00a0\u00a0\u00a0\u00a0\u00a0\u00a0\u00a0\u00a0\u00a0\u00a0\u00a0\u00a0\u00a0\u00a0\u00a0\u00a0\u00a0\u00a0\u00a0\u00a0\u00a0\u00a0\u00a0\u00a0\u00a0\u00a0 229 \u20ac\/vrk<\/p>\n<p>Kaikissa hotellihuoneissa on wc, suihku, j\u00e4\u00e4kaappi, ty\u00f6p\u00f6yt\u00e4, hiustenkuivaaja ja tv. Nelj\u00e4n hengen huoneistoissa on keitti\u00f6t, erillinen makuuhuone kahdella vuoteella sek\u00e4 olohuoneessa kaksi vuodetta. Kuuden hengen huoneessa on kaksi erillist\u00e4 makuuhuonetta ja olohuone, joissa kaikissa vuoteet kahdelle hengelle. Lis\u00e4ksi j\u00e4\u00e4kaappi, mikro sek\u00e4 wc ja suihku. Seitsem\u00e4n hengen huoneistossa on yhteens\u00e4 nelj\u00e4 makuuhuonetta, olohuone, keitti\u00f6, wc ja suihku.<\/p>\n<p>Huonehintoihin sis\u00e4ltyy buffet-aamiainen, iltasauna, autopaikoitus ja wifi. ALV sis\u00e4ltyy hintaan.<\/p>\n<p>Varaukset s\u00e4hk\u00f6postitse <a href=\"mailto:myynti@hotellipohjankievari.fi\">myynti@hotellipohjankievari.fi<\/a>. Tarjous voimassa saatavuuden mukaan.<\/p>\n<p><strong>GREENSTAR HOTEL, <\/strong>Uusikatu 26, 90100 Oulu<\/p>\n<p>1 HH\u00a0\u00a0\u00a0\u00a0\u00a0\u00a0\u00a0\u00a0\u00a0\u00a0\u00a0\u00a0\u00a0\u00a0\u00a0\u00a0\u00a0\u00a0\u00a0\u00a0\u00a0\u00a0\u00a0\u00a0\u00a0\u00a0\u00a0\u00a0\u00a0\u00a0\u00a0\u00a0\u00a0\u00a0\u00a0\u00a0\u00a0\u00a0\u00a0\u00a0\u00a0\u00a0\u00a0\u00a0 79 \u20ac\/vrk<\/p>\n<p>2 HH\u00a0\u00a0\u00a0\u00a0\u00a0\u00a0\u00a0\u00a0\u00a0\u00a0\u00a0\u00a0\u00a0\u00a0\u00a0\u00a0\u00a0\u00a0\u00a0\u00a0\u00a0\u00a0\u00a0\u00a0\u00a0\u00a0\u00a0\u00a0\u00a0\u00a0\u00a0\u00a0\u00a0\u00a0\u00a0\u00a0\u00a0\u00a0\u00a0\u00a0\u00a0\u00a0\u00a0\u00a0 91 \u20ac\/vrk<\/p>\n<p>2 HH + lis\u00e4vuode\u00a0\u00a0\u00a0\u00a0\u00a0\u00a0\u00a0\u00a0\u00a0\u00a0\u00a0\u00a0\u00a0\u00a0\u00a0\u00a0\u00a0\u00a0\u00a0\u00a0\u00a0\u00a0\u00a0 103 \u20ac\/vrk<\/p>\n<p>Hintoihin sis\u00e4ltyy aamiainen. Varaukset suoraan hotellista puhelimella 010\u00a0423 9394 tai s\u00e4hk\u00f6postilla <a href=\"mailto:oulu@greenstar.fi\">oulu@greenstar.fi<\/a>, varaustunnus <strong>SMBOSVA<\/strong>. Varaukset 28.3.2024 menness\u00e4, jolloin kiinti\u00f6 purkaantuu ja myym\u00e4tt\u00f6m\u00e4t huoneet vapautuvat vapaaseen myyntiin.<\/p>\n<p><strong>RADISSON BLU HOTEL OULU, <\/strong>Hallituskatu 1, 90100 Oulu<\/p>\n<p>1 HH (Standard-huone) \u00a0\u00a0\u00a0\u00a0\u00a0\u00a0\u00a0\u00a0\u00a0 105 \u20ac\/vrk<\/p>\n<p>2 HH (Standard-huone)\u00a0\u00a0\u00a0\u00a0\u00a0\u00a0\u00a0\u00a0\u00a0\u00a0\u00a0 105 \u20ac\/vrk<\/p>\n<p>3 HH (Family-huone) \u00a0\u00a0\u00a0\u00a0\u00a0\u00a0\u00a0\u00a0\u00a0\u00a0\u00a0\u00a0\u00a0\u00a0 145 \u20ac\/vrk\u00a0(lis\u00e4vuode pedataan sohvasta 150 x 180 cm)<\/p>\n<p>4 HH (Family-huone) \u00a0\u00a0\u00a0\u00a0\u00a0\u00a0\u00a0\u00a0\u00a0\u00a0\u00a0\u00a0\u00a0\u00a0 175 \u20ac\/vrk\u00a0(lis\u00e4vuode pedataan sohvasta 150 x 180 cm)<\/p>\n<p>Hintoihin sis\u00e4ltyy aamiainen, asukassauna ja kuntosalin k\u00e4ytt\u00f6. Sporttiklubietuna joka 16. hl\u00f6 ilmainen majoitus 2hh:ssa (max. 3 vapaata \/ ryhm\u00e4) ja saatte lis\u00e4ksi palautuksena 10 % majoituksen loppusummasta S-ryhm\u00e4n lahjakortteina. Ryhm\u00e4hinnat eiv\u00e4t oikeuta muiden kanta-asiakasohjelmien pisteisiin tai etuihin. Hinnoista ei my\u00f6sk\u00e4\u00e4n makseta S-bonusta tai my\u00f6nnet\u00e4 S-Etukortilla alennusta. Hinnat Sporttiklubin yhteydess\u00e4 on tarkoitettu joukkueille, kun ryhm\u00e4ss\u00e4 v\u00e4hint\u00e4\u00e4n 11 henkil\u00f6\u00e4 <a href=\"https:\/\/www.sokoshotels.fi\/fi\/ryhmat\/sporttiklubi\">https:\/\/www.sokoshotels.fi\/fi\/ryhmat\/sporttiklubi<\/a><\/p>\n<p>Varaukset puhelimitse +358 20 1234 730 tai s\u00e4hk\u00f6postilla <a href=\"mailto:sales.oulu@radissonblu.com\">sales.oulu@radissonblu.com<\/a><\/p>\n<p><strong>SCANDIC OULU STATION, <\/strong>Kajaaninkatu 17, 90100 Oulu<\/p>\n<p>Hintatiedot saa myyntipalvelusta, <a href=\"mailto:sales.finland@scandichotels.com\">sales.finland@scandichotels.com<\/a> tai 0300 870\u00a0883<\/p>\n","protected":false},"excerpt":{"rendered":"<p>Jokainen joukkue j\u00e4rjest\u00e4\u00e4 majoituksensa omatoimisesti. Olemme saaneet sopimushintaisia tarjouksia useasta paikasta, joten niit\u00e4 kannattaa hy\u00f6dynt\u00e4\u00e4. Tarjoukset alla: FINLANDIA AIRPORT HOTEL OULU, Vihiluoto 10, 90440 Kempele 1 HH \u00a0\u00a0\u00a0\u00a0\u00a0\u00a0\u00a0\u00a0\u00a0\u00a0\u00a0\u00a0\u00a0\u00a0\u00a0\u00a0 \u00a0\u00a0\u00a0\u00a0\u00a0\u00a0\u00a0\u00a0\u00a0\u00a0\u00a0\u00a0\u00a0\u00a0\u00a0\u00a0\u00a0\u00a0\u00a0\u00a0\u00a0\u00a0\u00a0\u00a0\u00a0\u00a0 73 \u20ac\/vrk 2 HH \u00a0\u00a0\u00a0\u00a0\u00a0\u00a0\u00a0\u00a0\u00a0\u00a0\u00a0\u00a0\u00a0\u00a0\u00a0\u00a0 \u00a0\u00a0\u00a0\u00a0\u00a0\u00a0\u00a0\u00a0\u00a0\u00a0\u00a0\u00a0\u00a0\u00a0\u00a0\u00a0\u00a0\u00a0\u00a0\u00a0\u00a0\u00a0\u00a0\u00a0\u00a0\u00a0 82 \u20ac\/vrk 3 HH \u00a0\u00a0\u00a0\u00a0\u00a0\u00a0\u00a0\u00a0\u00a0\u00a0\u00a0\u00a0\u00a0\u00a0\u00a0\u00a0 \u00a0\u00a0\u00a0\u00a0\u00a0\u00a0\u00a0\u00a0\u00a0\u00a0\u00a0\u00a0\u00a0\u00a0\u00a0\u00a0\u00a0\u00a0\u00a0\u00a0\u00a0\u00a0\u00a0\u00a0\u00a0\u00a0 103 \u20ac\/vrk 4 HH \u00a0\u00a0\u00a0\u00a0\u00a0\u00a0\u00a0\u00a0\u00a0\u00a0\u00a0\u00a0\u00a0\u00a0\u00a0\u00a0 \u00a0\u00a0\u00a0\u00a0\u00a0\u00a0\u00a0\u00a0\u00a0\u00a0\u00a0\u00a0\u00a0\u00a0\u00a0\u00a0\u00a0\u00a0\u00a0\u00a0\u00a0\u00a0\u00a0\u00a0\u00a0\u00a0 132 \u20ac\/vrk Kuljettaja \u00a0\u00a0\u00a0\u00a0\u00a0\u00a0\u00a0\u00a0 \u00a0\u00a0\u00a0\u00a0\u00a0\u00a0\u00a0\u00a0\u00a0\u00a0\u00a0\u00a0\u00a0\u00a0\u00a0\u00a0\u00a0\u00a0\u00a0\u00a0\u00a0\u00a0\u00a0\u00a0\u00a0\u00a0 54 \u20ac (1 &#8230; <a title=\"Majoitus\" class=\"read-more\" href=\"https:\/\/www.oulunsalonvasama.fi\/lentopallo\/b-pojat-sm-finaalit-2024\/majoitus\/\" aria-label=\"Lue lis\u00e4\u00e4 aiheesta Majoitus\">Lue lis\u00e4\u00e4<\/a><\/p>\n","protected":false},"author":49,"featured_media":0,"parent":10399,"menu_order":1,"comment_status":"closed","ping_status":"closed","template":"","meta":{"footnotes":"","_links_to":"","_links_to_target":""},"class_list":["post-10409","page","type-page","status-publish"],"_links":{"self":[{"href":"https:\/\/www.oulunsalonvasama.fi\/lentopallo\/wp-json\/wp\/v2\/pages\/10409","targetHints":{"allow":["GET"]}}],"collection":[{"href":"https:\/\/www.oulunsalonvasama.fi\/lentopallo\/wp-json\/wp\/v2\/pages"}],"about":[{"href":"https:\/\/www.oulunsalonvasama.fi\/lentopallo\/wp-json\/wp\/v2\/types\/page"}],"author":[{"embeddable":true,"href":"https:\/\/www.oulunsalonvasama.fi\/lentopallo\/wp-json\/wp\/v2\/users\/49"}],"replies":[{"embeddable":true,"href":"https:\/\/www.oulunsalonvasama.fi\/lentopallo\/wp-json\/wp\/v2\/comments?post=10409"}],"version-history":[{"count":2,"href":"https:\/\/www.oulunsalonvasama.fi\/lentopallo\/wp-json\/wp\/v2\/pages\/10409\/revisions"}],"predecessor-version":[{"id":10425,"href":"https:\/\/www.oulunsalonvasama.fi\/lentopallo\/wp-json\/wp\/v2\/pages\/10409\/revisions\/10425"}],"up":[{"embeddable":true,"href":"https:\/\/www.oulunsalonvasama.fi\/lentopallo\/wp-json\/wp\/v2\/pages\/10399"}],"wp:attachment":[{"href":"https:\/\/www.oulunsalonvasama.fi\/lentopallo\/wp-json\/wp\/v2\/media?parent=10409"}],"curies":[{"name":"wp","href":"https:\/\/api.w.org\/{rel}","templated":true}]}}