{"id":10299,"date":"2023-10-21T18:43:10","date_gmt":"2023-10-21T18:43:10","guid":{"rendered":"https:\/\/www.oulunsalonvasama.fi\/lentopallo\/?page_id=10299"},"modified":"2025-07-04T09:06:16","modified_gmt":"2025-07-04T09:06:16","slug":"m2","status":"publish","type":"page","link":"https:\/\/www.oulunsalonvasama.fi\/lentopallo\/joukkueet\/m2\/","title":{"rendered":"M2 Miehet"},"content":{"rendered":"<p><span style=\"font-size: 12px;\">Osallistummse kaudella 2025-2026 Lentopalloliiton Miesten 2-sarjaan. Joukkueen kokoonpano ja toimihenkil\u00f6t p\u00e4ivitet\u00e4\u00e4n my\u00f6hemmin.<\/span><\/p>\n<p><a href=\"https:\/\/www.facebook.com\/profile.php?id=61551361418740\"><img loading=\"lazy\" decoding=\"async\" class=\"wp-image-11035 alignnone\" src=\"https:\/\/www.oulunsalonvasama.fi\/lentopallo\/wp-content\/uploads\/2025\/06\/Screenshot-2025-06-27-at-11.08.10.png\" alt=\"FB logo\" width=\"66\" height=\"88\" \/><\/a><a href=\"https:\/\/www.instagram.com\/osva_miehet\/\"><img loading=\"lazy\" decoding=\"async\" class=\"wp-image-11034 alignnone\" src=\"https:\/\/www.oulunsalonvasama.fi\/lentopallo\/wp-content\/uploads\/2025\/06\/Screenshot-2025-06-27-at-11.08.22.png\" alt=\"Ig logo\" width=\"67\" height=\"87\" \/><\/a><\/p>\n","protected":false},"excerpt":{"rendered":"<p>Osallistummse kaudella 2025-2026 Lentopalloliiton Miesten 2-sarjaan. Joukkueen kokoonpano ja toimihenkil\u00f6t p\u00e4ivitet\u00e4\u00e4n my\u00f6hemmin.<\/p>\n","protected":false},"author":49,"featured_media":0,"parent":9362,"menu_order":2,"comment_status":"closed","ping_status":"closed","template":"","meta":{"footnotes":"","_links_to":"","_links_to_target":""},"class_list":["post-10299","page","type-page","status-publish"],"_links":{"self":[{"href":"https:\/\/www.oulunsalonvasama.fi\/lentopallo\/wp-json\/wp\/v2\/pages\/10299","targetHints":{"allow":["GET"]}}],"collection":[{"href":"https:\/\/www.oulunsalonvasama.fi\/lentopallo\/wp-json\/wp\/v2\/pages"}],"about":[{"href":"https:\/\/www.oulunsalonvasama.fi\/lentopallo\/wp-json\/wp\/v2\/types\/page"}],"author":[{"embeddable":true,"href":"https:\/\/www.oulunsalonvasama.fi\/lentopallo\/wp-json\/wp\/v2\/users\/49"}],"replies":[{"embeddable":true,"href":"https:\/\/www.oulunsalonvasama.fi\/lentopallo\/wp-json\/wp\/v2\/comments?post=10299"}],"version-history":[{"count":19,"href":"https:\/\/www.oulunsalonvasama.fi\/lentopallo\/wp-json\/wp\/v2\/pages\/10299\/revisions"}],"predecessor-version":[{"id":11115,"href":"https:\/\/www.oulunsalonvasama.fi\/lentopallo\/wp-json\/wp\/v2\/pages\/10299\/revisions\/11115"}],"up":[{"embeddable":true,"href":"https:\/\/www.oulunsalonvasama.fi\/lentopallo\/wp-json\/wp\/v2\/pages\/9362"}],"wp:attachment":[{"href":"https:\/\/www.oulunsalonvasama.fi\/lentopallo\/wp-json\/wp\/v2\/media?parent=10299"}],"curies":[{"name":"wp","href":"https:\/\/api.w.org\/{rel}","templated":true}]}}