{"id":10,"date":"2009-11-22T18:33:01","date_gmt":"2009-11-22T18:33:01","guid":{"rendered":"https:\/\/www.oulunsalonvasama.fi\/lentopallo\/tulokset\/"},"modified":"2025-08-14T05:32:10","modified_gmt":"2025-08-14T05:32:10","slug":"tulokset","status":"publish","type":"page","link":"https:\/\/www.oulunsalonvasama.fi\/lentopallo\/tulokset\/","title":{"rendered":"Tulokset"},"content":{"rendered":"<h1 style=\"text-align: center;\">Tulokset<\/h1>\n<p style=\"text-align: left;\">T\u00e4ll\u00e4 sivulle p\u00e4ivit\u00e4mme otteluista tulosp\u00e4iv\u00e4kirjaa josta voit seurata eri joukkueiden menestyst\u00e4 sarjakauden edistyess\u00e4. Lis\u00e4\u00e4 sarjaohjelmia ja tuloksia l\u00f6ytyy <strong>Pohjois-Pohjanmaan Lentopallon<\/strong> <a href=\"http:\/\/pople.sporttisaitti.com\/sarjatoiminta\/\">Sarjatoimintasivuilta<\/a> ja <a href=\"https:\/\/pople.sporttisaitti.com\/sarjatoiminta\/otteluohjelmat_ja_tulospalvelu\/\">Tulospalvelusta<\/a> sek\u00e4 <strong>Lentopalloliiton<\/strong> <a href=\"http:\/\/www.lentopalloliitto.fi\/kilpailu\/tulospalvelu\/\">tulospalvelusta<\/a><\/p>\n<hr \/>\n<p><a href=\"https:\/\/www.oulunsalonvasama.fi\/lentopallo\/beach\/osva-beach-volley-turnaus-9-8-2025-tulokset\/\">OsVa Beach Volley turnaus 9.8.2025<\/a><\/p>\n<p><a href=\"https:\/\/www.oulunsalonvasama.fi\/lentopallo\/b-pojat-sm-finaalit-2025\/\">B-pojat SM-finaalit 2025<\/a><\/p>\n<p><a href=\"https:\/\/www.oulunsalonvasama.fi\/lentopallo\/b-pojat-sm-finaalit-2024\/\">B-pojat SM-finaalit 2024<\/a><\/p>\n","protected":false},"excerpt":{"rendered":"<p>Tulokset T\u00e4ll\u00e4 sivulle p\u00e4ivit\u00e4mme otteluista tulosp\u00e4iv\u00e4kirjaa josta voit seurata eri joukkueiden menestyst\u00e4 sarjakauden edistyess\u00e4. Lis\u00e4\u00e4 sarjaohjelmia ja tuloksia l\u00f6ytyy Pohjois-Pohjanmaan Lentopallon Sarjatoimintasivuilta ja Tulospalvelusta sek\u00e4 Lentopalloliiton tulospalvelusta OsVa Beach Volley turnaus 9.8.2025 B-pojat SM-finaalit 2025 B-pojat SM-finaalit 2024<\/p>\n","protected":false},"author":1,"featured_media":0,"parent":0,"menu_order":13,"comment_status":"closed","ping_status":"closed","template":"","meta":{"footnotes":"","_links_to":"","_links_to_target":""},"class_list":["post-10","page","type-page","status-publish"],"_links":{"self":[{"href":"https:\/\/www.oulunsalonvasama.fi\/lentopallo\/wp-json\/wp\/v2\/pages\/10","targetHints":{"allow":["GET"]}}],"collection":[{"href":"https:\/\/www.oulunsalonvasama.fi\/lentopallo\/wp-json\/wp\/v2\/pages"}],"about":[{"href":"https:\/\/www.oulunsalonvasama.fi\/lentopallo\/wp-json\/wp\/v2\/types\/page"}],"author":[{"embeddable":true,"href":"https:\/\/www.oulunsalonvasama.fi\/lentopallo\/wp-json\/wp\/v2\/users\/1"}],"replies":[{"embeddable":true,"href":"https:\/\/www.oulunsalonvasama.fi\/lentopallo\/wp-json\/wp\/v2\/comments?post=10"}],"version-history":[{"count":13,"href":"https:\/\/www.oulunsalonvasama.fi\/lentopallo\/wp-json\/wp\/v2\/pages\/10\/revisions"}],"predecessor-version":[{"id":11388,"href":"https:\/\/www.oulunsalonvasama.fi\/lentopallo\/wp-json\/wp\/v2\/pages\/10\/revisions\/11388"}],"wp:attachment":[{"href":"https:\/\/www.oulunsalonvasama.fi\/lentopallo\/wp-json\/wp\/v2\/media?parent=10"}],"curies":[{"name":"wp","href":"https:\/\/api.w.org\/{rel}","templated":true}]}}